{"id":1280,"date":"2020-10-02T09:18:59","date_gmt":"2020-10-02T06:18:59","guid":{"rendered":"https:\/\/madeinlatvia.eu\/%d0%ba%d0%be%d0%bd%d1%82%d0%b0%d0%ba%d1%82%d1%8b\/"},"modified":"2022-02-22T12:34:04","modified_gmt":"2022-02-22T09:34:04","slug":"kontakty","status":"publish","type":"page","link":"https:\/\/madeinlatvia.eu\/ru\/kontakty\/","title":{"rendered":"\u041a\u043e\u043d\u0442\u0430\u043a\u0442\u044b"},"content":{"rendered":"\t<div id=\"gap-115436485\" class=\"gap-element clearfix\" style=\"display:block; height:auto;\">\n\t\t\n<style>\n#gap-115436485 {\n  padding-top: 50px;\n}\n<\/style>\n\t<\/div>\n\t\n<div class=\"row\"  id=\"row-503365467\">\n\n\t<div id=\"col-763879278\" class=\"col small-12 large-12\"  >\n\t\t\t\t<div class=\"col-inner\"  >\n\t\t\t\n\t\t\t\n<h1>\u041a\u043e\u043d\u0442\u0430\u043a\u0442\u044b:<\/h1>\n<p>Email \u0430\u0434\u0440\u0435\u0441: <a href=\"mailto:info@madeinlatvia.eu\">info@madeinlatvia.eu<\/a><\/p>\n<p>\u041a\u043e\u043d\u0442\u0430\u043a\u0442\u043d\u044b\u0439 \u043d\u043e\u043c\u0435\u0440: <a href=\"tel:+37120162162\">+371 20 162 162<\/a><\/p>\n<p>\u041d\u0430\u0437\u0432\u0430\u043d\u0438\u0435 \u043a\u043e\u043c\u043f\u0430\u043d\u0438\u0438: SIA \u201cMadeinLatvia.eu\u201d<\/p>\n<p>\u0420\u0435\u0433\u0438\u0441\u0442\u0440\u0430\u0446\u0438\u043e\u043d\u043d\u044b\u0439 \u043d\u043e\u043c\u0435\u0440: <span class=\"txt_special\">44103144439<\/span><\/p>\n<p>\u041d\u043e\u043c\u0435\u0440 \u043f\u043b\u0430\u0442\u0435\u043b\u044c\u0449\u0438\u043a\u0430 \u041d\u0414\u0421: LV44103144439<\/p>\n<p>\u042e\u0440\u0438\u0434\u0438\u0447\u0435\u0441\u043a\u0438\u0439 \u0430\u0434\u0440\u0435\u0441: \u201cSmuki\u0146i\u201d, Vi\u013c\u0137enes pag., Limba\u017eu nov., LV-4050, Latvia<\/p>\n\t\t<\/div>\n\t\t\t\t\t<\/div>\n\n\t\n<\/div>\n\t<div id=\"gap-1519714184\" class=\"gap-element clearfix\" style=\"display:block; height:auto;\">\n\t\t\n<style>\n#gap-1519714184 {\n  padding-top: 250px;\n}\n<\/style>\n\t<\/div>\n\t\n","protected":false},"excerpt":{"rendered":"","protected":false},"author":1,"featured_media":12,"parent":0,"menu_order":0,"comment_status":"closed","ping_status":"closed","template":"page-blank.php","meta":{"_acf_changed":false,"footnotes":""},"class_list":["post-1280","page","type-page","status-publish","has-post-thumbnail","hentry"],"acf":[],"jetpack_sharing_enabled":true,"_links":{"self":[{"href":"https:\/\/madeinlatvia.eu\/ru\/wp-json\/wp\/v2\/pages\/1280","targetHints":{"allow":["GET"]}}],"collection":[{"href":"https:\/\/madeinlatvia.eu\/ru\/wp-json\/wp\/v2\/pages"}],"about":[{"href":"https:\/\/madeinlatvia.eu\/ru\/wp-json\/wp\/v2\/types\/page"}],"author":[{"embeddable":true,"href":"https:\/\/madeinlatvia.eu\/ru\/wp-json\/wp\/v2\/users\/1"}],"replies":[{"embeddable":true,"href":"https:\/\/madeinlatvia.eu\/ru\/wp-json\/wp\/v2\/comments?post=1280"}],"version-history":[{"count":0,"href":"https:\/\/madeinlatvia.eu\/ru\/wp-json\/wp\/v2\/pages\/1280\/revisions"}],"wp:featuredmedia":[{"embeddable":true,"href":"https:\/\/madeinlatvia.eu\/ru\/wp-json\/wp\/v2\/media\/12"}],"wp:attachment":[{"href":"https:\/\/madeinlatvia.eu\/ru\/wp-json\/wp\/v2\/media?parent=1280"}],"curies":[{"name":"wp","href":"https:\/\/api.w.org\/{rel}","templated":true}]}}