{"id":9799,"date":"2023-12-19T00:56:44","date_gmt":"2023-12-18T21:56:44","guid":{"rendered":"https:\/\/madeinlatvia.eu\/?post_type=product&#038;p=9799"},"modified":"2023-12-19T01:15:59","modified_gmt":"2023-12-18T22:15:59","slug":"lielais-kakis","status":"publish","type":"product","link":"https:\/\/madeinlatvia.eu\/lv\/produkts\/lielais-kakis\/","title":{"rendered":"Lielais ka\u0137is"},"content":{"rendered":"<table>\n<tbody>\n<tr>\n<td>Augstums<\/td>\n<td>50 cm<\/td>\n<\/tr>\n<\/tbody>\n<\/table>\n<p>&nbsp;<\/p>\n","protected":false},"excerpt":{"rendered":"<p>50 cm gara, ar rok\u0101m ad\u012bt\u0101 rota\u013clieta no aitas vilnas dzijas. Pild\u012bts ar sinteponu, l\u012bdz ar to mazg\u0101jams ve\u013cas ma\u0161\u012bn\u0101 saudz\u012bg\u0101 (roku) re\u017e\u012bm\u0101. Manti\u0146a dro\u0161a ar\u012b z\u012bdai\u0146iem \u2013 acis, deguns un \u016bsas iz\u0161\u016btas ar dziju.<\/p>\n<p>* Katra rota\u013clieta ir izgatavota ar rok\u0101m, t\u0101p\u0113c t\u0101 var nedaudz at\u0161\u0137irties no att\u0113l\u0101 redzam\u0101s.<\/p>\n","protected":false},"featured_media":9661,"comment_status":"open","ping_status":"closed","template":"","meta":{"_acf_changed":false},"product_brand":[],"product_cat":[976],"product_tag":[],"class_list":{"0":"post-9799","1":"product","2":"type-product","3":"status-publish","4":"has-post-thumbnail","6":"product_cat-aditas-rotallietas","7":"product_shipping_class-0-3-lv-2","9":"first","10":"instock","11":"taxable","12":"shipping-taxable","13":"purchasable","14":"product-type-simple"},"composite_layout":"","composite_add_to_cart_form_location":"","composite_editable_in_cart":false,"composite_sold_individually_context":"","composite_shop_price_calc":"","composite_components":[],"composite_scenarios":[],"acf":[],"jetpack_sharing_enabled":true,"_links":{"self":[{"href":"https:\/\/madeinlatvia.eu\/lv\/wp-json\/wp\/v2\/product\/9799","targetHints":{"allow":["GET"]}}],"collection":[{"href":"https:\/\/madeinlatvia.eu\/lv\/wp-json\/wp\/v2\/product"}],"about":[{"href":"https:\/\/madeinlatvia.eu\/lv\/wp-json\/wp\/v2\/types\/product"}],"replies":[{"embeddable":true,"href":"https:\/\/madeinlatvia.eu\/lv\/wp-json\/wp\/v2\/comments?post=9799"}],"wp:featuredmedia":[{"embeddable":true,"href":"https:\/\/madeinlatvia.eu\/lv\/wp-json\/wp\/v2\/media\/9661"}],"wp:attachment":[{"href":"https:\/\/madeinlatvia.eu\/lv\/wp-json\/wp\/v2\/media?parent=9799"}],"wp:term":[{"taxonomy":"product_brand","embeddable":true,"href":"https:\/\/madeinlatvia.eu\/lv\/wp-json\/wp\/v2\/product_brand?post=9799"},{"taxonomy":"product_cat","embeddable":true,"href":"https:\/\/madeinlatvia.eu\/lv\/wp-json\/wp\/v2\/product_cat?post=9799"},{"taxonomy":"product_tag","embeddable":true,"href":"https:\/\/madeinlatvia.eu\/lv\/wp-json\/wp\/v2\/product_tag?post=9799"}],"curies":[{"name":"wp","href":"https:\/\/api.w.org\/{rel}","templated":true}]}}