{"id":9733,"date":"2023-12-12T18:51:01","date_gmt":"2023-12-12T15:51:02","guid":{"rendered":"https:\/\/madeinlatvia.eu\/?post_type=product&#038;p=9733"},"modified":"2023-12-12T19:01:20","modified_gmt":"2023-12-12T16:01:20","slug":"adita-lelle","status":"publish","type":"product","link":"https:\/\/madeinlatvia.eu\/lv\/produkts\/adita-lelle\/","title":{"rendered":"Ad\u012bta lelle"},"content":{"rendered":"<table>\n<tbody>\n<tr>\n<td>Augstums<\/td>\n<td>30 cm<\/td>\n<\/tr>\n<\/tbody>\n<\/table>\n<p>&nbsp;<\/p>\n","protected":false},"excerpt":{"rendered":"<p>30 cm gara, rok\u0101m ad\u012bta lelle gai\u0161iem matiem, ar banti un gai\u0161i roz\u0101 kleiti\u0146u. Ad\u012bta no elast\u0101na\/kokvilnas dzijas un vilnas dzijas kleita. Visas deta\u013cas iz\u0161\u016btas ar dziju. Pild\u012bts ar sinteponu. Mazg\u0101\u0161ana \u2013 saudz\u012bg\u0101 (roku) re\u017e\u012bm\u0101.<\/p>\n<p>* Katra rota\u013clieta ir izgatavota ar rok\u0101m, t\u0101p\u0113c t\u0101 var nedaudz at\u0161\u0137irties no att\u0113l\u0101 redzam\u0101s.<\/p>\n","protected":false},"featured_media":9706,"comment_status":"open","ping_status":"closed","template":"","meta":{"_acf_changed":false},"product_brand":[],"product_cat":[976],"product_tag":[],"class_list":{"0":"post-9733","1":"product","2":"type-product","3":"status-publish","4":"has-post-thumbnail","6":"product_cat-aditas-rotallietas","7":"product_shipping_class-0-3-lv-2","9":"first","10":"instock","11":"taxable","12":"shipping-taxable","13":"purchasable","14":"product-type-simple"},"composite_layout":"","composite_add_to_cart_form_location":"","composite_editable_in_cart":false,"composite_sold_individually_context":"","composite_shop_price_calc":"","composite_components":[],"composite_scenarios":[],"acf":[],"jetpack_sharing_enabled":true,"_links":{"self":[{"href":"https:\/\/madeinlatvia.eu\/lv\/wp-json\/wp\/v2\/product\/9733","targetHints":{"allow":["GET"]}}],"collection":[{"href":"https:\/\/madeinlatvia.eu\/lv\/wp-json\/wp\/v2\/product"}],"about":[{"href":"https:\/\/madeinlatvia.eu\/lv\/wp-json\/wp\/v2\/types\/product"}],"replies":[{"embeddable":true,"href":"https:\/\/madeinlatvia.eu\/lv\/wp-json\/wp\/v2\/comments?post=9733"}],"wp:featuredmedia":[{"embeddable":true,"href":"https:\/\/madeinlatvia.eu\/lv\/wp-json\/wp\/v2\/media\/9706"}],"wp:attachment":[{"href":"https:\/\/madeinlatvia.eu\/lv\/wp-json\/wp\/v2\/media?parent=9733"}],"wp:term":[{"taxonomy":"product_brand","embeddable":true,"href":"https:\/\/madeinlatvia.eu\/lv\/wp-json\/wp\/v2\/product_brand?post=9733"},{"taxonomy":"product_cat","embeddable":true,"href":"https:\/\/madeinlatvia.eu\/lv\/wp-json\/wp\/v2\/product_cat?post=9733"},{"taxonomy":"product_tag","embeddable":true,"href":"https:\/\/madeinlatvia.eu\/lv\/wp-json\/wp\/v2\/product_tag?post=9733"}],"curies":[{"name":"wp","href":"https:\/\/api.w.org\/{rel}","templated":true}]}}