{"id":9730,"date":"2023-12-12T18:32:45","date_gmt":"2023-12-12T15:32:46","guid":{"rendered":"https:\/\/madeinlatvia.eu\/?post_type=product&#038;p=9730"},"modified":"2023-12-12T19:02:37","modified_gmt":"2023-12-12T16:02:37","slug":"krasains-zilonitis","status":"publish","type":"product","link":"https:\/\/madeinlatvia.eu\/lv\/produkts\/krasains-zilonitis\/","title":{"rendered":"Kr\u0101sains zilon\u012btis"},"content":{"rendered":"<table>\n<tbody>\n<tr>\n<td>Augstums<\/td>\n<td>23 cm<\/td>\n<\/tr>\n<\/tbody>\n<\/table>\n<p>&nbsp;<\/p>\n","protected":false},"excerpt":{"rendered":"<p>23 cm gar\u0161, rok\u0101m ad\u012bts no batikotas akrila dzijas. Piem\u0113rots da\u017e\u0101da vecuma b\u0113rniem, visas deta\u013cas iz\u0161\u016btas ar dziju. Pild\u012bts ar sinteponu. Mazg\u0101\u0161ana \u2013 saudz\u012bg\u0101 (roku) re\u017e\u012bm\u0101.<\/p>\n<p>* Katra rota\u013clieta ir izgatavota ar rok\u0101m, t\u0101p\u0113c t\u0101 var nedaudz at\u0161\u0137irties no att\u0113l\u0101 redzam\u0101s.<\/p>\n","protected":false},"featured_media":9697,"comment_status":"open","ping_status":"closed","template":"","meta":{"_acf_changed":false},"product_brand":[],"product_cat":[976],"product_tag":[],"class_list":{"0":"post-9730","1":"product","2":"type-product","3":"status-publish","4":"has-post-thumbnail","6":"product_cat-aditas-rotallietas","7":"product_shipping_class-0-3-lv-2","9":"first","10":"instock","11":"taxable","12":"shipping-taxable","13":"purchasable","14":"product-type-simple"},"composite_layout":"","composite_add_to_cart_form_location":"","composite_editable_in_cart":false,"composite_sold_individually_context":"","composite_shop_price_calc":"","composite_components":[],"composite_scenarios":[],"acf":[],"jetpack_sharing_enabled":true,"_links":{"self":[{"href":"https:\/\/madeinlatvia.eu\/lv\/wp-json\/wp\/v2\/product\/9730","targetHints":{"allow":["GET"]}}],"collection":[{"href":"https:\/\/madeinlatvia.eu\/lv\/wp-json\/wp\/v2\/product"}],"about":[{"href":"https:\/\/madeinlatvia.eu\/lv\/wp-json\/wp\/v2\/types\/product"}],"replies":[{"embeddable":true,"href":"https:\/\/madeinlatvia.eu\/lv\/wp-json\/wp\/v2\/comments?post=9730"}],"wp:featuredmedia":[{"embeddable":true,"href":"https:\/\/madeinlatvia.eu\/lv\/wp-json\/wp\/v2\/media\/9697"}],"wp:attachment":[{"href":"https:\/\/madeinlatvia.eu\/lv\/wp-json\/wp\/v2\/media?parent=9730"}],"wp:term":[{"taxonomy":"product_brand","embeddable":true,"href":"https:\/\/madeinlatvia.eu\/lv\/wp-json\/wp\/v2\/product_brand?post=9730"},{"taxonomy":"product_cat","embeddable":true,"href":"https:\/\/madeinlatvia.eu\/lv\/wp-json\/wp\/v2\/product_cat?post=9730"},{"taxonomy":"product_tag","embeddable":true,"href":"https:\/\/madeinlatvia.eu\/lv\/wp-json\/wp\/v2\/product_tag?post=9730"}],"curies":[{"name":"wp","href":"https:\/\/api.w.org\/{rel}","templated":true}]}}