{"id":9648,"date":"2023-11-11T02:40:14","date_gmt":"2023-11-10T23:40:15","guid":{"rendered":"https:\/\/madeinlatvia.eu\/?post_type=product&#038;p=9648"},"modified":"2023-11-11T03:01:24","modified_gmt":"2023-11-11T00:01:24","slug":"celulozes-suklisu-komplekts-visiem-adas-tipiem","status":"publish","type":"product","link":"https:\/\/madeinlatvia.eu\/lv\/produkts\/celulozes-suklisu-komplekts-visiem-adas-tipiem\/","title":{"rendered":"Celulozes s\u016bkl\u012b\u0161u komplekts visiem \u0101das tipiem"},"content":{"rendered":"<p>Kvalitat\u012bvais s\u016bklis ir izgatavots no \u0101dai draudz\u012bg\u0101m, dab\u012bg\u0101m \u0161\u0137iedr\u0101m un ir piem\u0113rots ikdienas sejas t\u012br\u012b\u0161anai. Kop\u0101 ar maigo att\u012bro\u0161o emulsiju tas lieliski no\u0146em net\u012brumus un kosm\u0113tiku no sejas.<\/p>\n<p><u>K\u0101 lietot<\/u>: Pirms lieto\u0161anas s\u016bkli iem\u0113rciet \u016bden\u012b, p\u0113c tam izspiediet no t\u0101 lieko mitrumu. Ar mitro s\u016bkli not\u012briet no sejas pirms tam uzkl\u0101to att\u012bro\u0161o emulsiju.<\/p>\n<p><u>Sast\u0101vda\u013cas<\/u>: 100% celuloze.<\/p>\n","protected":false},"excerpt":{"rendered":"<p>Iepakojum\u0101 2 kosm\u0113tiskie celulozes s\u016bk\u013ci.<\/p>\n<p>Ide\u0101ls pal\u012bgs \u0101das att\u012br\u012b\u0161anai. No sejas maigi no\u0146em att\u012bro\u0161o emulsiju kop\u0101 ar kosm\u0113tiku un net\u012brumiem.<\/p>\n<p>\u25e6 M\u012bksts un maigs, ide\u0101li piem\u0113rots jut\u012bgai \u0101dai;<br \/>\n\u25e6 Var mazg\u0101t temperat\u016br\u0101 l\u012bdz 60 \u00b0\u0421;<br \/>\n\u25e6 Dab\u0101 piln\u012bb\u0101 sadal\u0101s.<\/p>\n","protected":false},"featured_media":9609,"comment_status":"open","ping_status":"closed","template":"","meta":{"_acf_changed":false},"product_brand":[],"product_cat":[972],"product_tag":[],"class_list":{"0":"post-9648","1":"product","2":"type-product","3":"status-publish","4":"has-post-thumbnail","6":"product_cat-kosmetika","7":"product_shipping_class-0-3-lv-2","9":"first","10":"instock","11":"taxable","12":"shipping-taxable","13":"purchasable","14":"product-type-simple"},"composite_layout":"","composite_add_to_cart_form_location":"","composite_editable_in_cart":false,"composite_sold_individually_context":"","composite_shop_price_calc":"","composite_components":[],"composite_scenarios":[],"acf":[],"jetpack_sharing_enabled":true,"_links":{"self":[{"href":"https:\/\/madeinlatvia.eu\/lv\/wp-json\/wp\/v2\/product\/9648","targetHints":{"allow":["GET"]}}],"collection":[{"href":"https:\/\/madeinlatvia.eu\/lv\/wp-json\/wp\/v2\/product"}],"about":[{"href":"https:\/\/madeinlatvia.eu\/lv\/wp-json\/wp\/v2\/types\/product"}],"replies":[{"embeddable":true,"href":"https:\/\/madeinlatvia.eu\/lv\/wp-json\/wp\/v2\/comments?post=9648"}],"wp:featuredmedia":[{"embeddable":true,"href":"https:\/\/madeinlatvia.eu\/lv\/wp-json\/wp\/v2\/media\/9609"}],"wp:attachment":[{"href":"https:\/\/madeinlatvia.eu\/lv\/wp-json\/wp\/v2\/media?parent=9648"}],"wp:term":[{"taxonomy":"product_brand","embeddable":true,"href":"https:\/\/madeinlatvia.eu\/lv\/wp-json\/wp\/v2\/product_brand?post=9648"},{"taxonomy":"product_cat","embeddable":true,"href":"https:\/\/madeinlatvia.eu\/lv\/wp-json\/wp\/v2\/product_cat?post=9648"},{"taxonomy":"product_tag","embeddable":true,"href":"https:\/\/madeinlatvia.eu\/lv\/wp-json\/wp\/v2\/product_tag?post=9648"}],"curies":[{"name":"wp","href":"https:\/\/api.w.org\/{rel}","templated":true}]}}