{"id":9645,"date":"2023-11-11T02:00:09","date_gmt":"2023-11-10T23:00:09","guid":{"rendered":"https:\/\/madeinlatvia.eu\/?post_type=product&#038;p=9645"},"modified":"2023-11-28T16:05:22","modified_gmt":"2023-11-28T13:05:22","slug":"nomierinoss-krems-sejai-un-acu-zonai","status":"publish","type":"product","link":"https:\/\/madeinlatvia.eu\/lv\/produkts\/nomierinoss-krems-sejai-un-acu-zonai\/","title":{"rendered":"Nomierino\u0161s kr\u0113ms sejai un acu zonai sausai un \u013coti sausai \u0101dai 50 ml"},"content":{"rendered":"<p>Neaizst\u0101jam\u0101s tauksk\u0101bes ar keram\u012bdiem no inka-in\u010di omegas, gur\u0137um\u0113tras e\u013c\u013c\u0101m un d\u0101rze\u0146u skval\u0101na pal\u012bdz atjaunot jut\u012bgas un iekaisu\u0161as \u0101das lip\u012bdu barjeru. B-glik\u0101ns, E un C vitam\u012bni, pantenols un alvejas ekstrakts stiprina \u0101das imunit\u0101ti, uzlabo aizsargsp\u0113ju pret apk\u0101rt\u0113j\u0101s vides kait\u012bgo ietekmi un nov\u0113r\u0161 priek\u0161laic\u012bgu \u0101das noveco\u0161anu. Hialuronsk\u0101be atjauno tr\u016bksto\u0161o mitruma l\u012bmeni. Kr\u0113ms ir \u012bsts gl\u0101bi\u0146\u0161 \u013coti sausai \u0101dai. \u0160o kr\u0113mu iesak\u0101m ar\u012b norm\u0101las \u0101das kop\u0161anai ziem\u0101, tas ir piem\u0113rots ar\u012b slim\u012bbu skartai \u0101dai, kas ir p\u0101rlieku sausa, aps\u0101rtusi un lob\u0101s.<\/p>\n<p><u>K\u0101 lietot (seja)<\/u>: Vienu kr\u0113ma dozu uzlieciet uz kop\u0101 saliktiem rokas 3 pirkstiem \u2013 r\u0101d\u012bt\u0101jpirksta, vid\u0113j\u0101 pirksta un zeltne\u0161a un vienm\u0113r\u012bgi sadaliet ar otras rokas 3 pirkstiem. Tad maigi iemas\u0113jiet sejas, acu zonas, kakla un dekolt\u0113 zonas \u0101d\u0101, l\u012bdz kr\u0113ms piln\u012bb\u0101 uzs\u016bcies. Ja \u0101da ir \u013coti sausa, kr\u0113mu var uzkl\u0101t vair\u0101kk\u0101rt.<\/p>\n<p><u>K\u0101 lietot (acis)<\/u>: Uzkl\u0101jiet kr\u0113mu uz lab\u0101s un kreis\u0101s rokas zeltne\u0161a pirkstiem. Izmantojot pirkstu spilventi\u0146us, sadaliet kr\u0113mu pa apak\u0161\u0113jo orbit\u0101lo kaulu, virzoties no acs \u0101r\u0113j\u0101 st\u016bra l\u012bdz deguna tiltam un zem acs \u2013 no acs iek\u0161\u0113j\u0101 kakti\u0146a uz \u0101r\u0113jo st\u016bri. Nav piem\u0113rots lieto\u0161anai uz plaksti\u0146a un zem skropst\u0101m.<\/p>\n<p><u>Sast\u0101vda\u013cas<\/u>: \u016adens, Borago Officinalis (gur\u0137um\u0113tra) s\u0113klu e\u013c\u013ca, \u0161\u012b sviests, kaprils\/kapr\u012bzs triglicer\u012bds, Plukenetia Volubilis (inka-in\u010di) s\u0113klu e\u013c\u013ca, skval\u0101ns, bi\u0161u vasks, makad\u0101mijas s\u0113klu e\u013c\u013ca, Olea Europaea (ol\u012bvu) aug\u013cu e\u013c\u013ca, Kakao s\u0113klu sviests, C12-16 spirti, penil\u0113nglikols, alvejas Barbadensis lapu sula, palmit\u012bnsk\u0101be, glicer\u012bns, pantenols, propil\u0113nglikols, hidrogen\u0113ts lecit\u012bns, Crambe Abyssinica s\u0113klu e\u013c\u013cas fitoster\u012bna esteri, keram\u012bds NP, n\u0101trija levulin\u0101ts, n\u0101trija aniz\u0101ts, n\u0101trija aniz\u0101ts, dab\u012bgie arom\u0101ti, Trin\u0101trija etil\u0113ndiam\u012bna discukin\u0101ts, n\u0101trija karboksimetil -beta -glik\u0101ns, n\u0101trija hialuron\u0101ts, tokoferols, askorbilpalmit\u0101ts, lecit\u012bns, Helianthus Annuus (saulespu\u0137e) s\u0113klu e\u013c\u013ca, citronsk\u0101be, k\u0101lija sorb\u0101ts, n\u0101trija benzo\u0101ts.<\/p>\n","protected":false},"excerpt":{"rendered":"<p>Izcil\u0101 formula, kuras pamat\u0101 ir lamel\u0101r\u0101 emulsija ar augstv\u0113rt\u012bg\u0101m, koncentr\u0113t\u0101k\u0101m \u0161\u012b, makad\u0101mijas, ol\u012bvu un kakao e\u013c\u013c\u0101m, acumirkl\u012b atjauno \u013coti sausu un sakairin\u0101tu \u0101du, pies\u0101tina to ar tr\u016bksto\u0161ajiem lip\u012bdiem un dzi\u013ci mitrina.<\/p>\n<p>\u25e6 M\u012bkstina un mitrina \u0101du, t\u0101 k\u013c\u016bst tvirta un vesel\u012bga;<br \/>\n\u25e6 Stiprina \u0101das lip\u012bdu aizsargsl\u0101ni;<br \/>\n\u25e6 Nov\u0113r\u0161 priek\u0161laic\u012bgu \u0101das noveco\u0161anos;<br \/>\n\u25e6 Aizsarg\u0101 pret br\u012bvo radik\u0101\u013cu iedarb\u012bbu;<br \/>\n\u25e6 Atjauno \u0101das imunit\u0101ti;<br \/>\n\u25e6 Samazina pigment\u0101ciju;<br \/>\n\u25e6 Piem\u0113rots jut\u012bgajai \u0101dai acu zon\u0101;<br \/>\n\u25e6 Var lietot gr\u016btnieces un sievietes z\u012bd\u012b\u0161anas period\u0101;<br \/>\n\u25e6 100% biolo\u0123iski no\u0101rd\u0101ms produkts.<\/p>\n","protected":false},"featured_media":9574,"comment_status":"open","ping_status":"closed","template":"","meta":{"_acf_changed":false},"product_brand":[],"product_cat":[972],"product_tag":[],"class_list":{"0":"post-9645","1":"product","2":"type-product","3":"status-publish","4":"has-post-thumbnail","6":"product_cat-kosmetika","7":"product_shipping_class-0-3-lv-2","9":"first","10":"instock","11":"taxable","12":"shipping-taxable","13":"purchasable","14":"product-type-simple"},"composite_layout":"","composite_add_to_cart_form_location":"","composite_editable_in_cart":false,"composite_sold_individually_context":"","composite_shop_price_calc":"","composite_components":[],"composite_scenarios":[],"acf":[],"jetpack_sharing_enabled":true,"_links":{"self":[{"href":"https:\/\/madeinlatvia.eu\/lv\/wp-json\/wp\/v2\/product\/9645","targetHints":{"allow":["GET"]}}],"collection":[{"href":"https:\/\/madeinlatvia.eu\/lv\/wp-json\/wp\/v2\/product"}],"about":[{"href":"https:\/\/madeinlatvia.eu\/lv\/wp-json\/wp\/v2\/types\/product"}],"replies":[{"embeddable":true,"href":"https:\/\/madeinlatvia.eu\/lv\/wp-json\/wp\/v2\/comments?post=9645"}],"wp:featuredmedia":[{"embeddable":true,"href":"https:\/\/madeinlatvia.eu\/lv\/wp-json\/wp\/v2\/media\/9574"}],"wp:attachment":[{"href":"https:\/\/madeinlatvia.eu\/lv\/wp-json\/wp\/v2\/media?parent=9645"}],"wp:term":[{"taxonomy":"product_brand","embeddable":true,"href":"https:\/\/madeinlatvia.eu\/lv\/wp-json\/wp\/v2\/product_brand?post=9645"},{"taxonomy":"product_cat","embeddable":true,"href":"https:\/\/madeinlatvia.eu\/lv\/wp-json\/wp\/v2\/product_cat?post=9645"},{"taxonomy":"product_tag","embeddable":true,"href":"https:\/\/madeinlatvia.eu\/lv\/wp-json\/wp\/v2\/product_tag?post=9645"}],"curies":[{"name":"wp","href":"https:\/\/api.w.org\/{rel}","templated":true}]}}