{"id":9642,"date":"2023-11-11T01:21:21","date_gmt":"2023-11-10T22:21:22","guid":{"rendered":"https:\/\/madeinlatvia.eu\/?post_type=product&#038;p=9642"},"modified":"2023-11-28T16:12:40","modified_gmt":"2023-11-28T13:12:40","slug":"izlidzinoss-krems-sejai-un-acu-zonai","status":"publish","type":"product","link":"https:\/\/madeinlatvia.eu\/lv\/produkts\/izlidzinoss-krems-sejai-un-acu-zonai\/","title":{"rendered":"Izl\u012bdzino\u0161s kr\u0113ms sejai un acu zonai sausai un norm\u0101lai \u0101dai 50 ml"},"content":{"rendered":"<p>Sast\u0101vda\u013cu fiziolo\u0123isk\u0101 kombin\u0101cija ir maksim\u0101li pietuvin\u0101ta \u0101das sast\u0101vam. Kr\u0113ms pal\u012bdz stiprin\u0101t \u0101das aizsargfunkciju un atjaunot boj\u0101to lip\u012bdu barjeru. Tas satur v\u0113rt\u012bgas augu e\u013c\u013cas un fitoster\u012bna esterus. Abes\u012bnijas sinepju, inku omegas, gur\u0137um\u0113tras, \u0161\u012b un ol\u012bvu e\u013c\u013cai piem\u012bt re\u0123ener\u0113jo\u0161as, m\u012bkstino\u0161as un aizsarg\u0101jo\u0161as \u012bpa\u0161\u012bbas, t\u0101s uzlabo \u0101das tonusu un elast\u012bbu. Keram\u012bdi, k\u0101 svar\u012bga lip\u012bdu barjeras sast\u0101vda\u013ca, pal\u012bdz stiprin\u0101t un atjaunot boj\u0101to \u0101das aizsargk\u0101rtu. Hialuronsk\u0101be kop\u0101 ar \u0161\u012b e\u013c\u013cu pies\u0101tina \u0101du ar mitrumu. \u0122M-glik\u0101ns, E un C vitam\u012bni, pantenols un alvejas ekstrakts uzlabo \u0101das dabisko aizsargsp\u0113ju. Kr\u0113ms ir sp\u0113c\u012bgs ierocis pret priek\u0161laic\u012bgu noveco\u0161anos un apk\u0101rt\u0113j\u0101s vides kait\u012bgo ietekmi.<\/p>\n<p><u>K\u0101 lietot (seja)<\/u>: Vienm\u0113r\u012bgi uzlieciet kr\u0113ma devu uz abu roku r\u0101d\u012bt\u0101jpirksta, vid\u0113j\u0101 pirkta un zeltne\u0161a un viegl\u0101m kust\u012bb\u0101m iemas\u0113jiet sej\u0101, acu zon\u0101, kakla un dekolt\u0113 zonas \u0101d\u0101, l\u012bdz tas piln\u012bb\u0101 uzs\u016bcies.<\/p>\n<p><u>K\u0101 lietot (acis)<\/u>: Uzkl\u0101jiet kr\u0113mu uz lab\u0101s un kreis\u0101s rokas zeltne\u0161a pirkstiem. Izmantojot pirkstu spilventi\u0146us, sadaliet kr\u0113mu pa apak\u0161\u0113jo orbit\u0101lo kaulu, virzoties no acs \u0101r\u0113j\u0101 st\u016bra l\u012bdz deguna tiltam un zem acs \u2013 no acs iek\u0161\u0113j\u0101 kakti\u0146a uz \u0101r\u0113jo st\u016bri. Nav piem\u0113rots lieto\u0161anai uz plaksti\u0146a un zem skropst\u0101m.<\/p>\n<p><u>Sast\u0101vda\u013cas<\/u>: \u016adens, ol\u012bvu e\u013c\u013ca, kaprils\/kapr\u012bzs triglicer\u012bds, \u0161\u012b sviets, skval\u0101ns, C12-16 spirti, Plukenetia Volubilis (inka-in\u010di) s\u0113klu e\u013c\u013ca, Pentil\u0113nglikols, alvejas Barbadensis lapu sula,Borago Officinalis (gur\u0137um\u0113tra) s\u0113klu e\u013c\u013ca, Crambe Abyssinica s\u0113klu e\u013c\u013ca, fitoster\u012bna esteri, glicer\u012bns, hidrogen\u0113ts lecit\u012bns, pantenols, propil\u0113nglikols, n\u0101trija levulin\u0101ts, keram\u012bds NP, ksant\u0101na sve\u0137i, dabiskie arom\u0101ti, n\u0101trija aniz\u0101ts, palmit\u012bnsk\u0101be, trin\u0101trija etil\u0113ndiam\u012bna dihur\u012bnsk\u0101be, n\u0101trija n\u0101trija s\u0101ls Tokoferols, askorbilpalmit\u0101ts, lecit\u012bns, Annuus Seed (saulespu\u0137e) s\u0113klu e\u013c\u013ca, citronsk\u0101be, k\u0101lija sorb\u0101ts, n\u0101trija benzo\u0101ts.<\/p>\n","protected":false},"excerpt":{"rendered":"<p>Univers\u0101ls, inovat\u012bvs \u0101das kop\u0161anas l\u012bdzeklis sejai un acu zonai. Kr\u0113ms izl\u012bdzina \u0101das mikroreljefu, atjauno lip\u012bdu aizsargbarjeru, nomierina. \u0100da k\u013c\u016bst neticami maiga un samtaina.<\/p>\n<p>\u25e6 Mitrina un m\u012bkstina \u0101du, padara to elast\u012bgu;<br \/>\n\u25e6 Atjauno \u0101das dabisko aizsargbarjeru;<br \/>\n\u25e6 Aizsarg\u0101 pret \u0101das fotonoveco\u0161anos, noveco\u0161anas procesu un apk\u0101rt\u0113j\u0101s vides kait\u012bgo ietekmi;<br \/>\n\u25e6 Atjauno \u0101das imunit\u0101ti;<br \/>\n\u25e6 Piem\u0113rots jut\u012bgajai \u0101dai acu zon\u0101;<br \/>\n\u25e6 Viegli uzkl\u0101t un izl\u012bdzin\u0101t;<br \/>\n\u25e6 Var lietot gr\u016btnieces un sievietes z\u012bd\u012b\u0161anas period\u0101;<br \/>\n\u25e6 100% biolo\u0123iski no\u0101rd\u0101ms produkts.<\/p>\n","protected":false},"featured_media":9601,"comment_status":"open","ping_status":"closed","template":"","meta":{"_acf_changed":false},"product_brand":[],"product_cat":[972],"product_tag":[],"class_list":{"0":"post-9642","1":"product","2":"type-product","3":"status-publish","4":"has-post-thumbnail","6":"product_cat-kosmetika","7":"product_shipping_class-0-3-lv-2","9":"first","10":"instock","11":"taxable","12":"shipping-taxable","13":"purchasable","14":"product-type-simple"},"composite_layout":"","composite_add_to_cart_form_location":"","composite_editable_in_cart":false,"composite_sold_individually_context":"","composite_shop_price_calc":"","composite_components":[],"composite_scenarios":[],"acf":[],"jetpack_sharing_enabled":true,"_links":{"self":[{"href":"https:\/\/madeinlatvia.eu\/lv\/wp-json\/wp\/v2\/product\/9642","targetHints":{"allow":["GET"]}}],"collection":[{"href":"https:\/\/madeinlatvia.eu\/lv\/wp-json\/wp\/v2\/product"}],"about":[{"href":"https:\/\/madeinlatvia.eu\/lv\/wp-json\/wp\/v2\/types\/product"}],"replies":[{"embeddable":true,"href":"https:\/\/madeinlatvia.eu\/lv\/wp-json\/wp\/v2\/comments?post=9642"}],"wp:featuredmedia":[{"embeddable":true,"href":"https:\/\/madeinlatvia.eu\/lv\/wp-json\/wp\/v2\/media\/9601"}],"wp:attachment":[{"href":"https:\/\/madeinlatvia.eu\/lv\/wp-json\/wp\/v2\/media?parent=9642"}],"wp:term":[{"taxonomy":"product_brand","embeddable":true,"href":"https:\/\/madeinlatvia.eu\/lv\/wp-json\/wp\/v2\/product_brand?post=9642"},{"taxonomy":"product_cat","embeddable":true,"href":"https:\/\/madeinlatvia.eu\/lv\/wp-json\/wp\/v2\/product_cat?post=9642"},{"taxonomy":"product_tag","embeddable":true,"href":"https:\/\/madeinlatvia.eu\/lv\/wp-json\/wp\/v2\/product_tag?post=9642"}],"curies":[{"name":"wp","href":"https:\/\/api.w.org\/{rel}","templated":true}]}}