{"id":9639,"date":"2023-11-11T00:43:35","date_gmt":"2023-11-10T21:43:35","guid":{"rendered":"https:\/\/madeinlatvia.eu\/?post_type=product&#038;p=9639"},"modified":"2023-11-28T14:57:21","modified_gmt":"2023-11-28T11:57:21","slug":"viegls-krems-sejai-un-acu-zonai","status":"publish","type":"product","link":"https:\/\/madeinlatvia.eu\/lv\/produkts\/viegls-krems-sejai-un-acu-zonai\/","title":{"rendered":"Viegls kr\u0113ms sejai un acu zonai kombin\u0113tai un taukainai \u0101dai 50 ml"},"content":{"rendered":"<p>Vieglas tekst\u016bras mitrino\u0161s, sebumu regul\u0113jo\u0161s, nomierino\u0161s kr\u0113ms, kas izl\u012bdzina \u0101das mikroreljefu. Delik\u0101taj\u0101 kr\u0113ma formul\u0101 ir izmantotas dab\u012bg\u0101s sast\u0101vda\u013cas (keram\u012bdi, inka-in\u010di e\u013c\u013ca, ol\u012bvu skval\u0101ns) un t\u0101 nesatur agres\u012bvus emulgatorus. Kr\u0113ma strukt\u016bra l\u012bdzin\u0101s \u0101das lip\u012bdu barjerai un tas veicina \u0101das barjeras atjauno\u0161anos, tam piem\u012bt re\u0123ener\u0113jo\u0161as, m\u012bkstino\u0161as un aizsarg\u0101jo\u0161as \u012bpa\u0161\u012bbas. Skval\u0101ns lieliski baro \u0101du; hialuronsk\u0101be pies\u0101tina ar mitrumu; \u0122M-glik\u0101ns uzlabo \u0101das dabisko aizsargsp\u0113ju pret ultravioleto starojumu un atmosf\u0113ras pies\u0101r\u0146ojumu, k\u0101 ar\u012b palielina aizsardz\u012bbu pret mikroorganismiem. Kr\u0113ms ir piem\u0113rots kombin\u0113tai un taukainai \u0101dai, k\u0101 ar\u012b jut\u012bgai \u0101dai, kurai vienlaikus ir nosliece gan uz sausumu un aps\u0101rtumu, gan uz taukainu sp\u012bdumu.<\/p>\n<p><u>K\u0101 lietot (seja)<\/u>: Vienu kr\u0113ma dozu uzlieciet uz 3 kop\u0101 saliktiem pirkstiem \u2013 r\u0101d\u012bt\u0101jpirksta, vid\u0113j\u0101 pirksta un zeltne\u0161a, p\u0113c tam to vienm\u0113r\u012bgi sadaliet ar otras rokas \u0161iem pa\u0161iem 3 pirkstiem. Tad maigi iemas\u0113jiet sejas, acu zonas, kakla un dekolt\u0113 zonas \u0101d\u0101, l\u012bdz kr\u0113ms piln\u012bb\u0101 uzs\u016bcies.<\/p>\n<p><u>K\u0101 lietot (acis)<\/u>: Uzkl\u0101jiet kr\u0113mu uz lab\u0101s un kreis\u0101s rokas zeltne\u0161a pirkstiem. Izmantojot pirkstu spilventi\u0146us, sadaliet kr\u0113mu pa apak\u0161\u0113jo orbit\u0101lo kaulu, virzoties no acs \u0101r\u0113j\u0101 st\u016bra l\u012bdz deguna tiltam un zem acs \u2013 no acs iek\u0161\u0113j\u0101 kakti\u0146a uz \u0101r\u0113jo st\u016bri. Nav piem\u0113rots lieto\u0161anai uz plaksti\u0146a un zem skropst\u0101m.<\/p>\n<p><u>Sast\u0101vda\u013cas<\/u>: \u016adens, hidrogen\u0113ts etilheksiloliv\u0101ts, hidrogen\u0113ta (nep\u0101rziepjojama) ol\u012bve\u013c\u013ca,C12-16 spirti, pentil\u0113nglikols, palmit\u012bnsk\u0101be, glicer\u012bns, hidrogen\u0113ts lecit\u012bns, Plukenetia Volubilis (inka-in\u010di) s\u0113klu e\u013c\u013ca, Crambe Abyssinica s\u0113klu e\u013c\u013ca, Fitosterolens, Pantenols, n\u0101trija levulin\u0101ts, propil\u0113nglikols, dab\u012bgie arom\u0101ti, n\u0101trija aniz\u0101ts, keram\u012bds NP, n\u0101trija hialuron\u0101ts, n\u0101trija karboksimetil-beta-glik\u0101ns, trin\u0101trija etil\u0113ndiam\u012bna discukin\u0101ts, tokoferols, askorbilpalmit\u0101ts, lecit\u012bns, Helianthus Annuus (saulespu\u0137e) s\u0113klu e\u013c\u013ca, citronsk\u0101be.<\/p>\n","protected":false},"excerpt":{"rendered":"<p>Unik\u0101lo sast\u0101vda\u013cu mijiedarb\u012bba padara \u0161o kr\u0113mu ide\u0101li piem\u0113rotu taukainas vai problem\u0101tiskas \u0101das kop\u0161anai. Tas saglab\u0101 \u0101das mitruma l\u012bdzsvaru, neatst\u0101j taukainu sp\u012bdumu un neaizsprosto poras. Piem\u0113rots ar\u012b jut\u012bgajai \u0101dai acu zon\u0101.<\/p>\n<p>\u25e6 Nomierina sakairin\u0101tu \u0101du;<br \/>\n\u25e6 Samazina iekaisumu, aps\u0101rtumu un niezi;<br \/>\n\u25e6 Padara \u0101du elast\u012bg\u0101ku;<br \/>\n\u25e6 Normaliz\u0113 tauku dziedzeru darb\u012bbu, sa\u0161aurina poras;<br \/>\n\u25e6 Veido antioksidantu aizsardz\u012bbu;<br \/>\n\u25e6 Samazina fotonoveco\u0161an\u0101s izpausmes;<br \/>\n\u25e6 Nerada pl\u0113ves saj\u016btu uz sejas;<br \/>\n\u25e6 Piem\u0113rots jut\u012bgajai \u0101dai acu zon\u0101;<br \/>\n\u25e6 Var lietot gr\u016btnieces un sievietes z\u012bd\u012b\u0161anas period\u0101;<br \/>\n\u25e6 100% biolo\u0123iski no\u0101rd\u0101ms produkts.<\/p>\n","protected":false},"featured_media":9592,"comment_status":"open","ping_status":"closed","template":"","meta":{"_acf_changed":false},"product_brand":[],"product_cat":[972],"product_tag":[],"class_list":{"0":"post-9639","1":"product","2":"type-product","3":"status-publish","4":"has-post-thumbnail","6":"product_cat-kosmetika","7":"product_shipping_class-0-3-lv-2","9":"first","10":"instock","11":"taxable","12":"shipping-taxable","13":"purchasable","14":"product-type-simple"},"composite_layout":"","composite_add_to_cart_form_location":"","composite_editable_in_cart":false,"composite_sold_individually_context":"","composite_shop_price_calc":"","composite_components":[],"composite_scenarios":[],"acf":[],"jetpack_sharing_enabled":true,"_links":{"self":[{"href":"https:\/\/madeinlatvia.eu\/lv\/wp-json\/wp\/v2\/product\/9639","targetHints":{"allow":["GET"]}}],"collection":[{"href":"https:\/\/madeinlatvia.eu\/lv\/wp-json\/wp\/v2\/product"}],"about":[{"href":"https:\/\/madeinlatvia.eu\/lv\/wp-json\/wp\/v2\/types\/product"}],"replies":[{"embeddable":true,"href":"https:\/\/madeinlatvia.eu\/lv\/wp-json\/wp\/v2\/comments?post=9639"}],"wp:featuredmedia":[{"embeddable":true,"href":"https:\/\/madeinlatvia.eu\/lv\/wp-json\/wp\/v2\/media\/9592"}],"wp:attachment":[{"href":"https:\/\/madeinlatvia.eu\/lv\/wp-json\/wp\/v2\/media?parent=9639"}],"wp:term":[{"taxonomy":"product_brand","embeddable":true,"href":"https:\/\/madeinlatvia.eu\/lv\/wp-json\/wp\/v2\/product_brand?post=9639"},{"taxonomy":"product_cat","embeddable":true,"href":"https:\/\/madeinlatvia.eu\/lv\/wp-json\/wp\/v2\/product_cat?post=9639"},{"taxonomy":"product_tag","embeddable":true,"href":"https:\/\/madeinlatvia.eu\/lv\/wp-json\/wp\/v2\/product_tag?post=9639"}],"curies":[{"name":"wp","href":"https:\/\/api.w.org\/{rel}","templated":true}]}}