{"id":9635,"date":"2023-11-10T23:55:56","date_gmt":"2023-11-10T20:55:57","guid":{"rendered":"https:\/\/madeinlatvia.eu\/?post_type=product&#038;p=9635"},"modified":"2023-11-11T00:20:41","modified_gmt":"2023-11-10T21:20:41","slug":"nostiprinoss-atjaunojoss-kermena-krems","status":"publish","type":"product","link":"https:\/\/madeinlatvia.eu\/lv\/produkts\/nostiprinoss-atjaunojoss-kermena-krems\/","title":{"rendered":"Nostiprino\u0161s un atjaunojo\u0161s \u0137erme\u0146a kr\u0113ms visiem \u0101das tipiem 150 ml"},"content":{"rendered":"<p>\u0100du mitrino\u0161s un m\u012bkstino\u0161s \u0137erme\u0146a kr\u0113ms. Viegl\u0101 kr\u0113ma tekst\u016bra bag\u0101tina \u0101du ar makad\u0101mijas, ol\u012bvu, inku omegas un \u0161\u012b e\u013c\u013c\u0101m. Kr\u0113ms saglab\u0101 \u0101das aizsargfunkciju un pasarg\u0101 no \u0101das boj\u0101jumiem, kas var rasties nelabv\u0113l\u012bg\u0101s apk\u0101rt\u0113j\u0101s vides ietekm\u0113. Pantenols un alvejas ekstrakts nomierina un atjauno \u0137erme\u0146a \u0101du, padara to maigu un samtainu. \u0160is kr\u0113ms nesatur \u0101du kairino\u0161as sast\u0101vda\u013cas, t\u0101p\u0113c to var izmantot ar\u012b sejas \u0101das kop\u0161anai.<\/p>\n<p><u>K\u0101 lietot<\/u>: Vienu pilnu kr\u0113ma devu pa\u0146emiet plaukst\u0101s un vienm\u0113r\u012bgi uzkl\u0101jiet uz vienas k\u0101jas apak\u0161stilba, aug\u0161stilba un gurna \u0101das, p\u0113c tam ar maig\u0101m kust\u012bb\u0101m to iemas\u0113jiet \u0101d\u0101, l\u012bdz kr\u0113ms piln\u012bb\u0101 uzs\u016bcies. Tie\u0161i t\u0101d\u0101 pa\u0161\u0101 sec\u012bb\u0101 kr\u0113mu uzkl\u0101jiet uz otras k\u0101jas. P\u0113c tam plaukst\u0101s pa\u0146emiet v\u0113l vienu devu un vienm\u0113r\u012bgi uzkl\u0101jiet uz rok\u0101m un v\u0113dera.<\/p>\n<p><u>Sast\u0101vda\u013cas<\/u>: \u016adens, Ternifolia (Makad\u0101mija)\u00a0 s\u0113klu e\u013c\u013ca, Olea Europaea (ol\u012bva) aug\u013cu e\u013c\u013ca, hidrogen\u0113ts etilheksiloliv\u0101ts, kaprils\/kapr\u012bzs triglicer\u012bds, C12-16 spirti, Pentil\u0113nglikols, skval\u0101ns, palmit\u012bnsk\u0101be, glicer\u012bns, hidrogen\u0113ts lecit\u012bns, alvejas Barbadensis lapu sula, Barbiceumis, Butyrospermum Parkii (\u0161\u012b)sviests, Crambe Abyssinica s\u0113klu e\u013c\u013cas fitoster\u012bna esteri, hidrogen\u0113ta ol\u012bve\u013c\u013ca (nep\u0101rziepjojama), Plukenetia Volubilis (inka-in\u010di) s\u0113klu e\u013c\u013ca, ksant\u0101na sve\u0137i, pantenols, n\u0101trija levulin\u0101ts, propil\u0113nglikols, n\u0101trija aniz\u0101ts, dab\u012bgie arom\u0101ti, keram\u012bda dihlor\u0101ts, poliam\u012bds n\u0101trija hialuron\u0101ts, n\u0101trija karboksimetil-beta-glik\u0101ns, tokoferols, askorbilpalmit\u0101ts, lecit\u012bns, Helianthus Annuus (saulespu\u0137e) s\u0113klu e\u013c\u013ca, citronsk\u0101be, k\u0101lija sorb\u0101ts, n\u0101trija benzo\u0101ts.<\/p>\n","protected":false},"excerpt":{"rendered":"<p>Kr\u0113ms ir ide\u0101li piem\u0113rots lieto\u0161anai p\u0113c du\u0161as, saunas un sau\u013co\u0161an\u0101s. Gais\u012bg\u0101 tekst\u016bra burtiski k\u016bst uz \u0101das, samazinot sausumu un jut\u012bgumu. Uz \u0101das nerada pl\u0113ves saj\u016btu. Pateicoties dab\u012bg\u0101m, neagres\u012bv\u0101m sast\u0101vda\u013c\u0101m, piem\u0113rots ar\u012b sejas \u0101dai.<\/p>\n<p>\u25e6 Intens\u012bvi baro un mitrina \u0101du;<br \/>\n\u25e6 Atjauno \u0101das tvirtumu un elast\u012bbu;<br \/>\n\u25e6 Nov\u0113r\u0161 fotonoveco\u0161anu un citas noveco\u0161an\u0101s paz\u012bmes;<br \/>\n\u25e6 Stiprina \u0101das aizsargfunkciju;<br \/>\n\u25e6 Nerada pl\u0113ves saj\u016btu uz \u0101das;<br \/>\n\u25e6 Var kl\u0101t ar\u012b uz sejas \u0101das;<br \/>\n\u25e6 Var lietot gr\u016btnieces un sievietes z\u012bd\u012b\u0161anas period\u0101;<br \/>\n\u25e6 100% biolo\u0123iski no\u0101rd\u0101ms produkts.<\/p>\n","protected":false},"featured_media":9580,"comment_status":"open","ping_status":"closed","template":"","meta":{"_acf_changed":false},"product_brand":[],"product_cat":[972],"product_tag":[],"class_list":{"0":"post-9635","1":"product","2":"type-product","3":"status-publish","4":"has-post-thumbnail","6":"product_cat-kosmetika","7":"product_shipping_class-0-3-lv-2","9":"first","10":"instock","11":"taxable","12":"shipping-taxable","13":"purchasable","14":"product-type-simple"},"composite_layout":"","composite_add_to_cart_form_location":"","composite_editable_in_cart":false,"composite_sold_individually_context":"","composite_shop_price_calc":"","composite_components":[],"composite_scenarios":[],"acf":[],"jetpack_sharing_enabled":true,"_links":{"self":[{"href":"https:\/\/madeinlatvia.eu\/lv\/wp-json\/wp\/v2\/product\/9635","targetHints":{"allow":["GET"]}}],"collection":[{"href":"https:\/\/madeinlatvia.eu\/lv\/wp-json\/wp\/v2\/product"}],"about":[{"href":"https:\/\/madeinlatvia.eu\/lv\/wp-json\/wp\/v2\/types\/product"}],"replies":[{"embeddable":true,"href":"https:\/\/madeinlatvia.eu\/lv\/wp-json\/wp\/v2\/comments?post=9635"}],"wp:featuredmedia":[{"embeddable":true,"href":"https:\/\/madeinlatvia.eu\/lv\/wp-json\/wp\/v2\/media\/9580"}],"wp:attachment":[{"href":"https:\/\/madeinlatvia.eu\/lv\/wp-json\/wp\/v2\/media?parent=9635"}],"wp:term":[{"taxonomy":"product_brand","embeddable":true,"href":"https:\/\/madeinlatvia.eu\/lv\/wp-json\/wp\/v2\/product_brand?post=9635"},{"taxonomy":"product_cat","embeddable":true,"href":"https:\/\/madeinlatvia.eu\/lv\/wp-json\/wp\/v2\/product_cat?post=9635"},{"taxonomy":"product_tag","embeddable":true,"href":"https:\/\/madeinlatvia.eu\/lv\/wp-json\/wp\/v2\/product_tag?post=9635"}],"curies":[{"name":"wp","href":"https:\/\/api.w.org\/{rel}","templated":true}]}}