{"id":9631,"date":"2023-11-10T21:58:11","date_gmt":"2023-11-10T18:58:12","guid":{"rendered":"https:\/\/madeinlatvia.eu\/?post_type=product&#038;p=9631"},"modified":"2023-11-10T23:28:27","modified_gmt":"2023-11-10T20:28:27","slug":"maiga-attirosa-emulsija","status":"publish","type":"product","link":"https:\/\/madeinlatvia.eu\/lv\/produkts\/maiga-attirosa-emulsija\/","title":{"rendered":"Maiga att\u012bro\u0161a emulsija visiem \u0101das tipiem 150 ml"},"content":{"rendered":"<p>Ekskluz\u012bv\u0101 tehnolo\u0123ija, kura veidota balstoties uz membr\u0101nas lip\u012bdiem, at\u013cauj emulsijas sast\u0101v\u0101 neizmantot \u0101dai agres\u012bvas virsmakt\u012bv\u0101s vielas. Pateicoties tam, emulsija ne tikai maigi att\u012bra \u0101du no net\u012brumiem, bet vienlaikus ir ar\u012b efekt\u012bvs \u0101das aizsardz\u012bbas un stiprin\u0101\u0161anas l\u012bdzeklis. Regul\u0101ra emulsijas lieto\u0161ana nov\u0113r\u0161 \u0101das nepiln\u012bbas, redzamas noveco\u0161an\u0101s paz\u012bmes, nodro\u0161inot vesel\u012bgu un starojo\u0161u izskatu. Piem\u0113rota visu \u0101das tipu kop\u0161anai, \u012bpa\u0161i rekomend\u0113jama ne tikai veselas \u0101das kop\u0161anai, bet ar\u012b jut\u012bgai un dermatolo\u0123isku slim\u012bbu skartai \u0101dai, k\u0101 ar\u012b pirms un p\u0113c agres\u012bv\u0101m kosm\u0113tiskaj\u0101m proced\u016br\u0101m.<\/p>\n<p><u>K\u0101 lietot<\/u>: Pa\u0146emiet plaukst\u0101s nedaudz l\u012bdzek\u013ca (2-3) devas un ar vienm\u0113r\u012bg\u0101m, mas\u0113jo\u0161\u0101m kust\u012bb\u0101m uzkl\u0101jiet uz sejas, kakla un dekolt\u0113 zon\u0101. Turpiniet viegli mas\u0113t \u0101du 2-3 min\u016btes, bet necentieties emulsiju iemas\u0113t \u0101d\u0101, bet gan \u013caujiet tai pild\u012bt galveno uzdevumu \u2013 iz\u0161\u0137\u012bdin\u0101t visus net\u012brumus, kas ir uz \u0101das. Att\u012bro\u0161o emulsiju no\u0146emiet ar \u016bden\u012b samitrin\u0101tu un izspiestu vates spilventi\u0146u vai kosm\u0113tisko s\u016bkli. T\u0101d\u0113j\u0101di izvair\u012bsieties no \u0101das saskares ar \u016bdeni, kas ir \u013coti svar\u012bgi, r\u016bp\u0113joties par traum\u0113tu un jut\u012bgu \u0101du. Ja nepiecie\u0161ams, atk\u0101rtojiet visu att\u012br\u012b\u0161anas procesu v\u0113lreiz. Att\u012br\u012b\u0161anas emulsija ir piem\u0113rota lieto\u0161anai katru r\u012btu un vakaru. To var izmantot ar\u012b tikai vakaros, kombin\u0113jot ar toniku un kr\u0113mu no \u0161\u012bs pa\u0161as s\u0113rijas. Pusaud\u017eiem att\u012bro\u0161o emulsiju iesak\u0101m ne tikai k\u0101 att\u012bro\u0161o l\u012bdzekli, kuru p\u0113c tam no sejas nomazg\u0101, bet ar\u012b k\u0101 aizsargkr\u0113mu, kuru neliel\u0101 daudzum\u0101 uzkl\u0101j atk\u0101rtoti uz nomazg\u0101tas \u0101das p\u0113c att\u012br\u012b\u0161anas.<\/p>\n<p><u>Sast\u0101vda\u013cas<\/u>: \u016adens, kaprils \/ kapriks triglicer\u012bds, Olea Europaea (ol\u012bvu) aug\u013cu e\u013c\u013ca, C12-16 spirti, Butyrospermum Parkii (\u0161\u012b) sviests, penil\u0113nglikols, palmit\u012bnsk\u0101be, glicer\u012bns, hidrogen\u0113ts lecit\u012bns, Crambe Volyssinica s\u0113klu e\u013c\u013ca, Plukenetia Volubilis (inka-in\u010di) s\u0113ku e\u013c\u013ca, skval\u0101ns, pantenols, n\u0101trija levulin\u0101ts, n\u0101trija aniz\u0101ts, ksant\u0101na sve\u0137i, propil\u0113nglikols, dab\u012bgs arom\u0101ts, keram\u012bds NP, trin\u0101trija etil\u0113ndiam\u012bna discukvin\u0101ts, n\u0101trija hialuron\u0101ts, n\u0101trija karboksimetil-beta-glik\u0101ns, paloferols, askorbustsk\u0101bes e\u013c\u013ca, Helianthus Annuus (saulespu\u0137e) s\u0113klu e\u013c\u013c\u0101, citronsk\u0101be.<\/p>\n","protected":false},"excerpt":{"rendered":"<p>Maig\u0101, att\u012bro\u0161\u0101 emulsija ir bag\u0101tin\u0101ta ar dab\u012bg\u0101m e\u013c\u013c\u0101m \u2013 ol\u012bvu, inka-in\u010di, \u0161\u012b. T\u0101 saudz\u012bgi no\u0146em lieko sebumu, kosm\u0113tikas atlikumus un citus net\u012brumus. Hipoaler\u0123iskais produkts samazina \u0101das jut\u012bgumu un to nomierina, jo satur beta-glik\u0101nu, lecit\u012bnu, alveju un D-pantenolu. Lecit\u012bn\u0101 un keram\u012bdos eso\u0161ie fosfolip\u012bdi pal\u012bdz atjaunot \u0101das barjeras funkcijas.<\/p>\n<p>\u25e6 Garant\u0113 maigu, bet kvalitat\u012bvu \u0101das att\u012br\u012b\u0161anu;<br \/>\n\u25e6 Piem\u0113rots gan sausai, gan taukainai \u0101dai;<br \/>\n\u25e6 Var izmantot kosm\u0113tikas no\u0146em\u0161anai un k\u0101 vieglu dienas kr\u0113mu.<\/p>\n","protected":false},"featured_media":9586,"comment_status":"open","ping_status":"closed","template":"","meta":{"_acf_changed":false},"product_brand":[],"product_cat":[972],"product_tag":[],"class_list":{"0":"post-9631","1":"product","2":"type-product","3":"status-publish","4":"has-post-thumbnail","6":"product_cat-kosmetika","7":"product_shipping_class-0-3-lv-2","9":"first","10":"instock","11":"taxable","12":"shipping-taxable","13":"purchasable","14":"product-type-simple"},"composite_layout":"","composite_add_to_cart_form_location":"","composite_editable_in_cart":false,"composite_sold_individually_context":"","composite_shop_price_calc":"","composite_components":[],"composite_scenarios":[],"acf":[],"jetpack_sharing_enabled":true,"_links":{"self":[{"href":"https:\/\/madeinlatvia.eu\/lv\/wp-json\/wp\/v2\/product\/9631","targetHints":{"allow":["GET"]}}],"collection":[{"href":"https:\/\/madeinlatvia.eu\/lv\/wp-json\/wp\/v2\/product"}],"about":[{"href":"https:\/\/madeinlatvia.eu\/lv\/wp-json\/wp\/v2\/types\/product"}],"replies":[{"embeddable":true,"href":"https:\/\/madeinlatvia.eu\/lv\/wp-json\/wp\/v2\/comments?post=9631"}],"wp:featuredmedia":[{"embeddable":true,"href":"https:\/\/madeinlatvia.eu\/lv\/wp-json\/wp\/v2\/media\/9586"}],"wp:attachment":[{"href":"https:\/\/madeinlatvia.eu\/lv\/wp-json\/wp\/v2\/media?parent=9631"}],"wp:term":[{"taxonomy":"product_brand","embeddable":true,"href":"https:\/\/madeinlatvia.eu\/lv\/wp-json\/wp\/v2\/product_brand?post=9631"},{"taxonomy":"product_cat","embeddable":true,"href":"https:\/\/madeinlatvia.eu\/lv\/wp-json\/wp\/v2\/product_cat?post=9631"},{"taxonomy":"product_tag","embeddable":true,"href":"https:\/\/madeinlatvia.eu\/lv\/wp-json\/wp\/v2\/product_tag?post=9631"}],"curies":[{"name":"wp","href":"https:\/\/api.w.org\/{rel}","templated":true}]}}