{"id":9627,"date":"2023-11-09T00:45:38","date_gmt":"2023-11-08T21:45:41","guid":{"rendered":"https:\/\/madeinlatvia.eu\/?post_type=product&#038;p=9627"},"modified":"2023-11-10T23:32:34","modified_gmt":"2023-11-10T20:32:34","slug":"attiross-mitrinoss-sprejs","status":"publish","type":"product","link":"https:\/\/madeinlatvia.eu\/lv\/produkts\/attiross-mitrinoss-sprejs\/","title":{"rendered":"Att\u012bro\u0161s un mitrino\u0161s sprejs visiem \u0101das tipiem 200 ml"},"content":{"rendered":"<p>L\u012bdzsvarotais mikroelementu, gaisto\u0161o sast\u0101vda\u013cu un miner\u0101ls\u0101\u013cu daudzums, kas atrodas svaig\u0101 \u0101bol\u0101, pal\u012bdz \u0161im sprejam dzi\u013ci mitrin\u0101t un barot \u0101du. \u016aden\u012b \u0161\u0137\u012bsto\u0161\u0101 makad\u0101mijas e\u013c\u013ca kvalitat\u012bvi un saudz\u012bgi att\u012bra un m\u012bkstina \u0101du, bet kop\u0101 ar hialuronsk\u0101bi un alvejas ekstraktu lieliski mitrina un nomierina. Unik\u0101l\u0101 att\u012bro\u0161\u0101 un toniz\u0113jo\u0161\u0101 l\u012bdzek\u013ca formula neatst\u0101j lip\u012bguma saj\u016btu, ir pat\u012bkama saskaroties ar \u0101du, viegli no\u0146em net\u012brumus un tauku dziedzeru izdal\u012bjumus. Toniks dod svaiguma un komforta saj\u016btu, toniz\u0113 un mitrina \u0101du; t\u0101 k\u013c\u016bst maiga un ar mitrumu pies\u0101tin\u0101ta.<\/p>\n<p><u>K\u0101 lietot<\/u>: Uzkl\u0101jiet nelielu daudzumu produkta uz vates spilventi\u0146a un noslaukiet seju, kaklu un dekolt\u0113 zonu. Toniku var lietot vair\u0101kas reizes dien\u0101: no r\u012bta pirms kr\u0113ma uzkl\u0101\u0161anas; dienas laik\u0101, k\u0101 papildus mitrin\u0101t\u0101ju un toniz\u0113t\u0101ju; ikvakara sejas kop\u0161anai. Vakar\u0101 toniku ieteicams lietot p\u0113c micel\u0101r\u0101 \u016bdens (ja uz sejas bija dekorat\u012bv\u0101 kosm\u0113tika) un att\u012bro\u0161\u0101s emulsijas. Visas dienas garum\u0101 spreju var lietot k\u0101 mitrino\u0161u izsmidzin\u0101t\u0101ju \u2013 aizveriet acis un izsmidziniet to 20 centimetru att\u0101lum\u0101 no sejas \u0101das un uzgaidiet, lai tas piln\u012bb\u0101 no\u017e\u016bst.<\/p>\n<p><u>Sast\u0101vda\u013cas<\/u>: Pyrus Malus (\u0101bols) aug\u013cu \u016bdens, \u016bdens, Pentil\u0113nglikols, alvejas Barbadensis lapu sula, Makad\u0101mijas e\u013c\u013ca,  Glycereth-8 esteri, PEG-12 dimetikons, n\u0101trija levulin\u0101ts, n\u0101trija aniz\u0101ts, glicer\u012bns, polisorb\u0101ts 20, trin\u0101trija etil\u0113ndiam\u012bnsk\u0101be, n\u0101trija karboksimetil-beta-glik\u0101ns, pantenols, n\u0101trija hialuron\u0101ts, propil\u0113nglikols, piensk\u0101be, k\u0101lija sorb\u0101ts, n\u0101trija benzo\u0101ts.<\/p>\n","protected":false},"excerpt":{"rendered":"<p>Maiga \u0101das att\u012br\u012b\u0161ana, saudz\u012bgai t\u0101s kop\u0161anai ar nedaudz sk\u0101bino\u0161u iedarb\u012bbu (pH = 5,5). No svaigu \u0101bolu akt\u012bv\u0101 hidrol\u0101ta ieg\u016btais sprejs dzi\u013ci att\u012bra un mitrina \u0101du. Produkts piem\u0113rots lieto\u0161anai visas dienas garum\u0101, ar\u012b uz kosm\u0113tikas.<\/p>\n<p>\u25e6 Nomierina sakairin\u0101tu \u0101du un samazina paaugstin\u0101tu \u0101das jut\u012bbu;<br \/>\n\u25e6 Atsvaidzina un mitrina;<br \/>\n\u25e6 Piem\u0113rots pat \u013coti jut\u012bgai \u0101dai;<br \/>\n\u25e6 Var izmantot visas dienas garum\u0101 papildu mitrin\u0101\u0161anai, izsmidzin\u0101ms ar\u012b uz kosm\u0113tikas;<br \/>\n\u25e6 Var lietot gr\u016btnieces un sievietes z\u012bd\u012b\u0161anas period\u0101;<br \/>\n\u25e6 Ar m\u012blest\u012bbu izgatavots Zieme\u013ceirop\u0101;<br \/>\n\u25e6 100% biolo\u0123iski no\u0101rd\u0101ms produkts.<\/p>\n","protected":false},"featured_media":9568,"comment_status":"open","ping_status":"closed","template":"","meta":{"_acf_changed":false},"product_brand":[],"product_cat":[972],"product_tag":[],"class_list":{"0":"post-9627","1":"product","2":"type-product","3":"status-publish","4":"has-post-thumbnail","6":"product_cat-kosmetika","7":"product_shipping_class-0-3-lv-2","9":"first","10":"instock","11":"taxable","12":"shipping-taxable","13":"purchasable","14":"product-type-simple"},"composite_layout":"","composite_add_to_cart_form_location":"","composite_editable_in_cart":false,"composite_sold_individually_context":"","composite_shop_price_calc":"","composite_components":[],"composite_scenarios":[],"acf":[],"jetpack_sharing_enabled":true,"_links":{"self":[{"href":"https:\/\/madeinlatvia.eu\/lv\/wp-json\/wp\/v2\/product\/9627","targetHints":{"allow":["GET"]}}],"collection":[{"href":"https:\/\/madeinlatvia.eu\/lv\/wp-json\/wp\/v2\/product"}],"about":[{"href":"https:\/\/madeinlatvia.eu\/lv\/wp-json\/wp\/v2\/types\/product"}],"replies":[{"embeddable":true,"href":"https:\/\/madeinlatvia.eu\/lv\/wp-json\/wp\/v2\/comments?post=9627"}],"wp:featuredmedia":[{"embeddable":true,"href":"https:\/\/madeinlatvia.eu\/lv\/wp-json\/wp\/v2\/media\/9568"}],"wp:attachment":[{"href":"https:\/\/madeinlatvia.eu\/lv\/wp-json\/wp\/v2\/media?parent=9627"}],"wp:term":[{"taxonomy":"product_brand","embeddable":true,"href":"https:\/\/madeinlatvia.eu\/lv\/wp-json\/wp\/v2\/product_brand?post=9627"},{"taxonomy":"product_cat","embeddable":true,"href":"https:\/\/madeinlatvia.eu\/lv\/wp-json\/wp\/v2\/product_cat?post=9627"},{"taxonomy":"product_tag","embeddable":true,"href":"https:\/\/madeinlatvia.eu\/lv\/wp-json\/wp\/v2\/product_tag?post=9627"}],"curies":[{"name":"wp","href":"https:\/\/api.w.org\/{rel}","templated":true}]}}