{"id":9180,"date":"2022-12-20T00:23:56","date_gmt":"2022-12-19T21:23:56","guid":{"rendered":"https:\/\/madeinlatvia.eu\/?post_type=product&#038;p=9180"},"modified":"2024-03-28T01:39:42","modified_gmt":"2024-03-27T22:39:42","slug":"falcgriezejs","status":"publish","type":"product","link":"https:\/\/madeinlatvia.eu\/lv\/produkts\/falcgriezejs\/","title":{"rendered":"Falcgriez\u0113js"},"content":{"rendered":"<table>\n<tbody>\n<tr>\n<td>Materi\u0101la biezums<\/td>\n<td>l\u012bdz 0.8 mm<\/td>\n<\/tr>\n<tr>\n<td>Maksim\u0101lais \u0101trums<\/td>\n<td>l\u012bdz 30 m\/min<\/td>\n<\/tr>\n<tr>\n<td>Svars<\/td>\n<td>2.8 kg<\/td>\n<\/tr>\n<\/tbody>\n<\/table>\n<p>(!) Urbjma\u0161\u012bna nav iek\u013cauta komplekt\u0101. Ieteicams izmantot akumulatora urbjma\u0161\u012bnu ar griezes momentu 110 Nm un vair\u0101k.<\/p>\n","protected":false},"excerpt":{"rendered":"<p>Iek\u0101rta dubultas ieloces savienojumu grie\u0161anai.<br \/>\nFalcgriez\u0113js ir paredz\u0113ts met\u0101la jumtu ar dubulto ieloci demont\u0101\u017eai, grie\u017eot dubult\u0101s ieloces savienojumus. Piem\u0113rots vair\u0101kiem materi\u0101liem: cinkotam un kr\u0101sotam sk\u0101rdam l\u012bdz 0,7 mm; alum\u012bnijam, varam, cinkam l\u012bdz 0,8 mm; ner\u016bs\u0113jo\u0161am t\u0113raudam l\u012bdz 0,5 mm. Falcgriez\u0113ju var uzst\u0101d\u012bt jebkur\u0101 viet\u0101 uz dubult\u0101s ieloces, \u013caujot ne tikai demont\u0113t jumta segumu, bet ar\u012b izgriezt seguma sekcijas da\u017e\u0101diem m\u0113r\u0137iem: jumta logu mont\u0101\u017eai, ventil\u0101cijas \u0161ahtu uzst\u0101d\u012b\u0161anai utt.<\/p>\n<p>(!) Urbjma\u0161\u012bna nav iek\u013cauta komplekt\u0101. Ieteicams izmantot akumulatora urbjma\u0161\u012bnu ar griezes momentu 110 Nm un vair\u0101k.<\/p>\n","protected":false},"featured_media":9159,"comment_status":"open","ping_status":"closed","template":"","meta":{"_acf_changed":false},"product_brand":[],"product_cat":[246],"product_tag":[],"class_list":{"0":"post-9180","1":"product","2":"type-product","3":"status-publish","4":"has-post-thumbnail","6":"product_cat-jumiku-instrumenti","7":"product_shipping_class-3-5-lv-2","9":"first","10":"instock","11":"taxable","12":"shipping-taxable","13":"purchasable","14":"product-type-simple"},"composite_layout":"","composite_add_to_cart_form_location":"","composite_editable_in_cart":false,"composite_sold_individually_context":"","composite_shop_price_calc":"","composite_components":[],"composite_scenarios":[],"acf":[],"jetpack_sharing_enabled":true,"_links":{"self":[{"href":"https:\/\/madeinlatvia.eu\/lv\/wp-json\/wp\/v2\/product\/9180","targetHints":{"allow":["GET"]}}],"collection":[{"href":"https:\/\/madeinlatvia.eu\/lv\/wp-json\/wp\/v2\/product"}],"about":[{"href":"https:\/\/madeinlatvia.eu\/lv\/wp-json\/wp\/v2\/types\/product"}],"replies":[{"embeddable":true,"href":"https:\/\/madeinlatvia.eu\/lv\/wp-json\/wp\/v2\/comments?post=9180"}],"wp:featuredmedia":[{"embeddable":true,"href":"https:\/\/madeinlatvia.eu\/lv\/wp-json\/wp\/v2\/media\/9159"}],"wp:attachment":[{"href":"https:\/\/madeinlatvia.eu\/lv\/wp-json\/wp\/v2\/media?parent=9180"}],"wp:term":[{"taxonomy":"product_brand","embeddable":true,"href":"https:\/\/madeinlatvia.eu\/lv\/wp-json\/wp\/v2\/product_brand?post=9180"},{"taxonomy":"product_cat","embeddable":true,"href":"https:\/\/madeinlatvia.eu\/lv\/wp-json\/wp\/v2\/product_cat?post=9180"},{"taxonomy":"product_tag","embeddable":true,"href":"https:\/\/madeinlatvia.eu\/lv\/wp-json\/wp\/v2\/product_tag?post=9180"}],"curies":[{"name":"wp","href":"https:\/\/api.w.org\/{rel}","templated":true}]}}