{"id":9177,"date":"2022-12-19T23:52:14","date_gmt":"2022-12-19T20:52:14","guid":{"rendered":"https:\/\/madeinlatvia.eu\/?post_type=product&#038;p=9177"},"modified":"2024-03-28T01:17:55","modified_gmt":"2024-03-27T22:17:55","slug":"pocket-benders","status":"publish","type":"product","link":"https:\/\/madeinlatvia.eu\/lv\/produkts\/pocket-benders\/","title":{"rendered":"Pocket Benders"},"content":{"rendered":"<table>\n<tbody>\n<tr>\n<td>Loc\u012b\u0161anas le\u0146\u0137is<\/td>\n<td>l\u012bdz 100\u00b0<\/td>\n<\/tr>\n<tr>\n<td>Ievieto\u0161anas dzi\u013cums<\/td>\n<td>5 &#8211; 50 mm<\/td>\n<\/tr>\n<tr>\n<td>Materi\u0101la biezums<\/td>\n<td>l\u012bdz 0.8 mm<\/td>\n<\/tr>\n<tr>\n<td>Svars<\/td>\n<td>0.8 kg<\/td>\n<\/tr>\n<\/tbody>\n<\/table>\n","protected":false},"excerpt":{"rendered":"<p>Pocket Benders ir mazs bet noder\u012bgs darbar\u012bks jumi\u0137iem un sk\u0101rdniekiem. Tas ir \u012bpa\u0161i noder\u012bgs st\u016bru loc\u012b\u0161anai. Piem\u0113rots da\u017e\u0101du met\u0101lu loc\u012b\u0161anai.<\/p>\n<p>\u25e6 Loc\u012b\u0161anas rull\u012btis ar le\u0146\u0137i 80\u00b0, loksnes loc\u012b\u0161anai l\u012bdz 100\u00b0.<br \/>\n\u25e6 Iesp\u0113jama loc\u012b\u0161ana st\u016bros.<\/p>\n","protected":false},"featured_media":9153,"comment_status":"open","ping_status":"closed","template":"","meta":{"_acf_changed":false},"product_brand":[],"product_cat":[246],"product_tag":[],"class_list":{"0":"post-9177","1":"product","2":"type-product","3":"status-publish","4":"has-post-thumbnail","6":"product_cat-jumiku-instrumenti","7":"product_shipping_class-0-3-lv-2","9":"first","10":"instock","11":"taxable","12":"shipping-taxable","13":"purchasable","14":"product-type-simple"},"composite_layout":"","composite_add_to_cart_form_location":"","composite_editable_in_cart":false,"composite_sold_individually_context":"","composite_shop_price_calc":"","composite_components":[],"composite_scenarios":[],"acf":[],"jetpack_sharing_enabled":true,"_links":{"self":[{"href":"https:\/\/madeinlatvia.eu\/lv\/wp-json\/wp\/v2\/product\/9177","targetHints":{"allow":["GET"]}}],"collection":[{"href":"https:\/\/madeinlatvia.eu\/lv\/wp-json\/wp\/v2\/product"}],"about":[{"href":"https:\/\/madeinlatvia.eu\/lv\/wp-json\/wp\/v2\/types\/product"}],"replies":[{"embeddable":true,"href":"https:\/\/madeinlatvia.eu\/lv\/wp-json\/wp\/v2\/comments?post=9177"}],"wp:featuredmedia":[{"embeddable":true,"href":"https:\/\/madeinlatvia.eu\/lv\/wp-json\/wp\/v2\/media\/9153"}],"wp:attachment":[{"href":"https:\/\/madeinlatvia.eu\/lv\/wp-json\/wp\/v2\/media?parent=9177"}],"wp:term":[{"taxonomy":"product_brand","embeddable":true,"href":"https:\/\/madeinlatvia.eu\/lv\/wp-json\/wp\/v2\/product_brand?post=9177"},{"taxonomy":"product_cat","embeddable":true,"href":"https:\/\/madeinlatvia.eu\/lv\/wp-json\/wp\/v2\/product_cat?post=9177"},{"taxonomy":"product_tag","embeddable":true,"href":"https:\/\/madeinlatvia.eu\/lv\/wp-json\/wp\/v2\/product_tag?post=9177"}],"curies":[{"name":"wp","href":"https:\/\/api.w.org\/{rel}","templated":true}]}}