{"id":9149,"date":"2022-12-16T18:01:15","date_gmt":"2022-12-16T15:01:15","guid":{"rendered":"https:\/\/madeinlatvia.eu\/?post_type=product&#038;p=9149"},"modified":"2024-03-28T01:00:28","modified_gmt":"2024-03-27T22:00:28","slug":"dubultais-diska-benders-liels","status":"publish","type":"product","link":"https:\/\/madeinlatvia.eu\/lv\/produkts\/dubultais-diska-benders-liels\/","title":{"rendered":"Dubultais diska benders liels"},"content":{"rendered":"<table>\n<tbody>\n<tr>\n<td>Loc\u012b\u0161anas le\u0146\u0137is<\/td>\n<td>no 90\u00b0 l\u012bdz 180\u00b0<\/td>\n<\/tr>\n<tr>\n<td>Ievieto\u0161anas dzi\u013cums<\/td>\n<td>8 &#8211; 43 mm<\/td>\n<\/tr>\n<tr>\n<td>Materi\u0101la biezums<\/td>\n<td>l\u012bdz 0.8 mm<\/td>\n<\/tr>\n<tr>\n<td>Svars<\/td>\n<td>1.9 kg<\/td>\n<\/tr>\n<\/tbody>\n<\/table>\n","protected":false},"excerpt":{"rendered":"<p>Dubultais diska benders da\u017e\u0101du met\u0101lu loc\u012b\u0161anai no 90\u00b0 l\u012bdz 180\u00b0. Noder\u012bgs darbar\u012bks jumi\u0137iem un sk\u0101rdniekiem.<\/p>\n<p>\u25e6 Nevainojam\u0101 sl\u012bd\u0113\u0161ana un loc\u012b\u0161ana.<br \/>\n\u25e6 Divi diski art\u0101kai loc\u012b\u0161anai.<br \/>\n\u25e6 No\u0146emami loc\u012b\u0161anas diski.<\/p>\n","protected":false},"featured_media":9128,"comment_status":"open","ping_status":"closed","template":"","meta":{"_acf_changed":false},"product_brand":[],"product_cat":[246],"product_tag":[],"class_list":{"0":"post-9149","1":"product","2":"type-product","3":"status-publish","4":"has-post-thumbnail","6":"product_cat-jumiku-instrumenti","7":"product_shipping_class-0-3-lv-2","9":"first","10":"instock","11":"taxable","12":"shipping-taxable","13":"purchasable","14":"product-type-simple"},"composite_layout":"","composite_add_to_cart_form_location":"","composite_editable_in_cart":false,"composite_sold_individually_context":"","composite_shop_price_calc":"","composite_components":[],"composite_scenarios":[],"acf":[],"jetpack_sharing_enabled":true,"_links":{"self":[{"href":"https:\/\/madeinlatvia.eu\/lv\/wp-json\/wp\/v2\/product\/9149","targetHints":{"allow":["GET"]}}],"collection":[{"href":"https:\/\/madeinlatvia.eu\/lv\/wp-json\/wp\/v2\/product"}],"about":[{"href":"https:\/\/madeinlatvia.eu\/lv\/wp-json\/wp\/v2\/types\/product"}],"replies":[{"embeddable":true,"href":"https:\/\/madeinlatvia.eu\/lv\/wp-json\/wp\/v2\/comments?post=9149"}],"wp:featuredmedia":[{"embeddable":true,"href":"https:\/\/madeinlatvia.eu\/lv\/wp-json\/wp\/v2\/media\/9128"}],"wp:attachment":[{"href":"https:\/\/madeinlatvia.eu\/lv\/wp-json\/wp\/v2\/media?parent=9149"}],"wp:term":[{"taxonomy":"product_brand","embeddable":true,"href":"https:\/\/madeinlatvia.eu\/lv\/wp-json\/wp\/v2\/product_brand?post=9149"},{"taxonomy":"product_cat","embeddable":true,"href":"https:\/\/madeinlatvia.eu\/lv\/wp-json\/wp\/v2\/product_cat?post=9149"},{"taxonomy":"product_tag","embeddable":true,"href":"https:\/\/madeinlatvia.eu\/lv\/wp-json\/wp\/v2\/product_tag?post=9149"}],"curies":[{"name":"wp","href":"https:\/\/api.w.org\/{rel}","templated":true}]}}