{"id":9082,"date":"2022-12-09T04:06:21","date_gmt":"2022-12-09T01:06:21","guid":{"rendered":"https:\/\/madeinlatvia.eu\/?post_type=product&#038;p=9082"},"modified":"2024-09-10T12:20:54","modified_gmt":"2024-09-10T09:20:54","slug":"dubulta-falcmasina","status":"publish","type":"product","link":"https:\/\/madeinlatvia.eu\/lv\/produkts\/dubulta-falcmasina\/","title":{"rendered":"Dubulta falcma\u0161\u012bna"},"content":{"rendered":"<table>\n<tbody>\n<tr>\n<td>Materi\u0101la biezums<\/td>\n<td>l\u012bdz 0.8 mm<\/td>\n<\/tr>\n<tr>\n<td>Maksim\u0101lais \u0101trums<\/td>\n<td>l\u012bdz 30 m\/min<\/td>\n<\/tr>\n<tr>\n<td>Ieloces augstums<\/td>\n<td>25 mm un augst\u0101ks<\/td>\n<\/tr>\n<tr>\n<td>Svars<\/td>\n<td>5.3 kg<\/td>\n<\/tr>\n<\/tbody>\n<\/table>\n<p>(!) Urbjma\u0161\u012bna nav iek\u013cauta komplekt\u0101. Ieteicams izmantot akumulatora urbjma\u0161\u012bnu ar griezes momentu 80 Nm un vair\u0101k.<\/p>\n","protected":false},"excerpt":{"rendered":"<p>Iek\u0101rta parastas un dubultas ieloces \u0101trai falc\u0113\u0161anai.<br \/>\nRokas dubulta falcma\u0161\u012bna tiek izmantota lai viegli un kvalitat\u012bvi valc\u0113t parastas un dubultas ieloces vien\u0101 oper\u0101cij\u0101. Piem\u0113rots vair\u0101kiem materi\u0101liem: cinkotam un kr\u0101sotam sk\u0101rdam l\u012bdz 0,7 mm; alum\u012bnijam, varam, cinkam l\u012bdz 0,8 mm; ner\u016bs\u0113jo\u0161am t\u0113raudam l\u012bdz 0,5 mm. Piem\u0113rots ielo\u010du augstumam sakot no 25 mm un augst\u0101k bez papildus augstuma regul\u0113\u0161anas. Valc\u0113\u0161anas procesu iesp\u0113jams s\u0101kt no profila s\u0101kuma, neizmantojot citus loc\u012b\u0161anas instrumentus. Piestiprin\u0101ms un no\u0146emams vis\u0101 ieloces garum\u0101. Viena no \u0101tr\u0101kaj\u0101m falcma\u0161\u012bn\u0101m pasaul\u0113 &#8211; l\u012bdz 100 m2 7 min\u016bt\u0113s laik\u0101.<\/p>\n<p>(!) Urbjma\u0161\u012bna nav iek\u013cauta komplekt\u0101. Ieteicams izmantot akumulatora urbjma\u0161\u012bnu ar griezes momentu 80 Nm un vair\u0101k.<\/p>\n","protected":false},"featured_media":9085,"comment_status":"open","ping_status":"closed","template":"","meta":{"_acf_changed":false},"product_brand":[],"product_cat":[246],"product_tag":[],"class_list":{"0":"post-9082","1":"product","2":"type-product","3":"status-publish","4":"has-post-thumbnail","6":"product_cat-jumiku-instrumenti","7":"product_shipping_class-5-10-lv-2","9":"first","10":"instock","11":"taxable","12":"shipping-taxable","13":"purchasable","14":"product-type-simple"},"composite_layout":"","composite_add_to_cart_form_location":"","composite_editable_in_cart":false,"composite_sold_individually_context":"","composite_shop_price_calc":"","composite_components":[],"composite_scenarios":[],"acf":[],"jetpack_sharing_enabled":true,"_links":{"self":[{"href":"https:\/\/madeinlatvia.eu\/lv\/wp-json\/wp\/v2\/product\/9082","targetHints":{"allow":["GET"]}}],"collection":[{"href":"https:\/\/madeinlatvia.eu\/lv\/wp-json\/wp\/v2\/product"}],"about":[{"href":"https:\/\/madeinlatvia.eu\/lv\/wp-json\/wp\/v2\/types\/product"}],"replies":[{"embeddable":true,"href":"https:\/\/madeinlatvia.eu\/lv\/wp-json\/wp\/v2\/comments?post=9082"}],"wp:featuredmedia":[{"embeddable":true,"href":"https:\/\/madeinlatvia.eu\/lv\/wp-json\/wp\/v2\/media\/9085"}],"wp:attachment":[{"href":"https:\/\/madeinlatvia.eu\/lv\/wp-json\/wp\/v2\/media?parent=9082"}],"wp:term":[{"taxonomy":"product_brand","embeddable":true,"href":"https:\/\/madeinlatvia.eu\/lv\/wp-json\/wp\/v2\/product_brand?post=9082"},{"taxonomy":"product_cat","embeddable":true,"href":"https:\/\/madeinlatvia.eu\/lv\/wp-json\/wp\/v2\/product_cat?post=9082"},{"taxonomy":"product_tag","embeddable":true,"href":"https:\/\/madeinlatvia.eu\/lv\/wp-json\/wp\/v2\/product_tag?post=9082"}],"curies":[{"name":"wp","href":"https:\/\/api.w.org\/{rel}","templated":true}]}}