{"id":7229,"date":"2022-02-28T00:10:00","date_gmt":"2022-02-27T21:10:10","guid":{"rendered":"https:\/\/madeinlatvia.eu\/?post_type=product&#038;p=7229"},"modified":"2023-12-14T23:14:06","modified_gmt":"2023-12-14T20:14:06","slug":"dzintara-melnu-svecu-komplekts-copy","status":"publish","type":"product","link":"https:\/\/madeinlatvia.eu\/lv\/produkts\/dzintara-melnu-svecu-komplekts-copy\/","title":{"rendered":"Dzintara melnu sve\u010du komplekts"},"content":{"rendered":"<table width=\"515\">\n<tbody>\n<tr>\n<td>Maz\u0101s sveces augstums<\/td>\n<td>50 mm<\/td>\n<\/tr>\n<tr>\n<td>Maz\u0101s sveces diametrs<\/td>\n<td>80 mm<\/td>\n<\/tr>\n<tr>\n<td>Liel\u0101s sveces augstums<\/td>\n<td>110 mm<\/td>\n<\/tr>\n<tr>\n<td>Liel\u0101s sveces diametrs<\/td>\n<td>70 mm<\/td>\n<\/tr>\n<tr>\n<td>Maz\u0101s sveces deg\u0161anas ilgums<\/td>\n<td>25 stundas<\/td>\n<\/tr>\n<\/tbody>\n<\/table>\n<p>Komplekt\u0101 ir divas maz\u0101s un viena liel\u0101 roku darba melnas eko svece. Sveces ar iestr\u0101d\u0101tiem dzintara gabali\u0146iem, kas izgaismojas svecei degot. Komplekts ir iesai\u0146ots d\u0101vanu kast\u012bt\u0113, kas pild\u012bta ar ziediem. Svec\u0113m pievienota lavandas 100% dab\u012bg\u0101 \u0113terisk\u0101 e\u013c\u013ca.<\/p>\n","protected":false},"excerpt":{"rendered":"<p>Eko roku darba melnu sve\u010du komplekts. Sveces no sojas vaska ar daktu no natur\u0101las kokvilnas. Ra\u017eots Latvij\u0101.<\/p>\n","protected":false},"featured_media":7162,"comment_status":"open","ping_status":"closed","template":"","meta":{"_acf_changed":false},"product_brand":[],"product_cat":[803],"product_tag":[],"class_list":{"0":"post-7229","1":"product","2":"type-product","3":"status-publish","4":"has-post-thumbnail","6":"product_cat-sveces","7":"product_shipping_class-3-5-lv-2","9":"first","10":"instock","11":"taxable","12":"shipping-taxable","13":"purchasable","14":"product-type-variable"},"composite_layout":"","composite_add_to_cart_form_location":"","composite_editable_in_cart":false,"composite_sold_individually_context":"","composite_shop_price_calc":"","composite_components":[],"composite_scenarios":[],"acf":[],"jetpack_sharing_enabled":true,"_links":{"self":[{"href":"https:\/\/madeinlatvia.eu\/lv\/wp-json\/wp\/v2\/product\/7229","targetHints":{"allow":["GET"]}}],"collection":[{"href":"https:\/\/madeinlatvia.eu\/lv\/wp-json\/wp\/v2\/product"}],"about":[{"href":"https:\/\/madeinlatvia.eu\/lv\/wp-json\/wp\/v2\/types\/product"}],"replies":[{"embeddable":true,"href":"https:\/\/madeinlatvia.eu\/lv\/wp-json\/wp\/v2\/comments?post=7229"}],"wp:featuredmedia":[{"embeddable":true,"href":"https:\/\/madeinlatvia.eu\/lv\/wp-json\/wp\/v2\/media\/7162"}],"wp:attachment":[{"href":"https:\/\/madeinlatvia.eu\/lv\/wp-json\/wp\/v2\/media?parent=7229"}],"wp:term":[{"taxonomy":"product_brand","embeddable":true,"href":"https:\/\/madeinlatvia.eu\/lv\/wp-json\/wp\/v2\/product_brand?post=7229"},{"taxonomy":"product_cat","embeddable":true,"href":"https:\/\/madeinlatvia.eu\/lv\/wp-json\/wp\/v2\/product_cat?post=7229"},{"taxonomy":"product_tag","embeddable":true,"href":"https:\/\/madeinlatvia.eu\/lv\/wp-json\/wp\/v2\/product_tag?post=7229"}],"curies":[{"name":"wp","href":"https:\/\/api.w.org\/{rel}","templated":true}]}}