{"id":6790,"date":"2021-12-18T23:34:47","date_gmt":"2021-12-18T20:34:47","guid":{"rendered":"https:\/\/madeinlatvia.eu\/?post_type=product&#038;p=6790"},"modified":"2024-02-12T23:58:25","modified_gmt":"2024-02-12T20:58:25","slug":"divcaurulu-sniega-barjera-rr21","status":"publish","type":"product","link":"https:\/\/madeinlatvia.eu\/lv\/produkts\/divcaurulu-sniega-barjera-rr21\/","title":{"rendered":"Divcauru\u013cu sniega barjera RR21"},"content":{"rendered":"<table>\n<tbody>\n<tr>\n<td>Materi\u0101ls<\/td>\n<td>T\u0113rauds<\/td>\n<\/tr>\n<tr>\n<td>Caurules izm\u0113rs<\/td>\n<td>45 x 25 x 1.25 mm (ov\u0101ls)<\/td>\n<\/tr>\n<tr>\n<td>Stiprin\u0101juma biezums<\/td>\n<td>2.5 mm<\/td>\n<\/tr>\n<tr>\n<td>Kr\u0101sas p\u0101rkl\u0101jums<\/td>\n<td>PE RR21 (Poliesters gai\u0161i pel\u0113ks)<\/td>\n<\/tr>\n<\/tbody>\n<\/table>\n","protected":false},"excerpt":{"rendered":"<p>Divcauru\u013cu sniega barjera ar ov\u0101la cauruli ir jumta dro\u0161\u012bbas elements, kuru izmanto, lai notur\u0113tu sniega masu uz jumta un pal\u012bdz\u0113tu tai nobraukt no jumta nelielos daudzumos, nevis visu uzreiz. Bez sniega barjeras j\u016bsu jumts var b\u016bt jut\u012bgs pret p\u0113k\u0161\u0146u sniega un ledus izdal\u012b\u0161anos uzreiz, kas var saboj\u0101t lietus \u016bdens noteksist\u0113mu un citus objektus un cilv\u0113kus zem jumta.<\/p>\n","protected":false},"featured_media":6595,"comment_status":"open","ping_status":"closed","template":"","meta":{"_acf_changed":false},"product_brand":[],"product_cat":[917],"product_tag":[],"class_list":{"0":"post-6790","1":"product","2":"type-product","3":"status-publish","4":"has-post-thumbnail","6":"product_cat-sniega-barjera","7":"product_shipping_class-os-lv","9":"first","10":"instock","11":"taxable","12":"shipping-taxable","13":"purchasable","14":"product-type-composite"},"composite_layout":"single","composite_add_to_cart_form_location":"after_summary","composite_editable_in_cart":true,"composite_sold_individually_context":"product","composite_shop_price_calc":"hidden","composite_components":[{"id":"1639538796","title":"Sniega barjeras ov\u0101la caurule RR21 x 3 m","description":"","query_type":"product_ids","query_ids":[6777],"default_option_id":6777,"thumbnail_id":"","thumbnail_src":"","quantity_min":0,"quantity_max":999,"priced_individually":true,"shipped_individually":false,"optional":false,"discount":"","options_style":"dropdowns","pagination_style":"classic","display_prices":"absolute","show_sorting_options":false,"show_filtering_options":false,"attribute_filter_ids":[],"product_title_visible":false,"product_descr_visible":true,"product_price_visible":true,"product_thumb_visible":true,"subtotal_visible_product":true,"subtotal_visible_cart":true,"subtotal_visible_orders":true},{"id":"1639538797","title":"Sniega barjeras stiprin\u0101jums valcprofila jumtiem RR21","description":"","query_type":"product_ids","query_ids":[6780],"default_option_id":6780,"thumbnail_id":"","thumbnail_src":"","quantity_min":0,"quantity_max":999,"priced_individually":true,"shipped_individually":false,"optional":false,"discount":"","options_style":"dropdowns","pagination_style":"classic","display_prices":"absolute","show_sorting_options":false,"show_filtering_options":false,"attribute_filter_ids":[],"product_title_visible":false,"product_descr_visible":true,"product_price_visible":true,"product_thumb_visible":true,"subtotal_visible_product":true,"subtotal_visible_cart":true,"subtotal_visible_orders":true},{"id":"1639538798","title":"Sniega barjeras stiprin\u0101jums trapecveida profiliem un bitumena \u0161inde\u013cu jumtiem RR21","description":"","query_type":"product_ids","query_ids":[6784],"default_option_id":6784,"thumbnail_id":"","thumbnail_src":"","quantity_min":0,"quantity_max":999,"priced_individually":true,"shipped_individually":false,"optional":false,"discount":"","options_style":"dropdowns","pagination_style":"classic","display_prices":"absolute","show_sorting_options":false,"show_filtering_options":false,"attribute_filter_ids":[],"product_title_visible":false,"product_descr_visible":true,"product_price_visible":true,"product_thumb_visible":true,"subtotal_visible_product":true,"subtotal_visible_cart":true,"subtotal_visible_orders":true},{"id":"1639538799","title":"Sniega barjeras stiprin\u0101jums met\u0101la daksti\u0146u jumtiem RR21","description":"","query_type":"product_ids","query_ids":[6787],"default_option_id":6787,"thumbnail_id":"","thumbnail_src":"","quantity_min":0,"quantity_max":999,"priced_individually":true,"shipped_individually":false,"optional":false,"discount":"","options_style":"dropdowns","pagination_style":"classic","display_prices":"absolute","show_sorting_options":false,"show_filtering_options":false,"attribute_filter_ids":[],"product_title_visible":false,"product_descr_visible":true,"product_price_visible":true,"product_thumb_visible":true,"subtotal_visible_product":true,"subtotal_visible_cart":true,"subtotal_visible_orders":true}],"composite_scenarios":[],"acf":[],"jetpack_sharing_enabled":true,"_links":{"self":[{"href":"https:\/\/madeinlatvia.eu\/lv\/wp-json\/wp\/v2\/product\/6790","targetHints":{"allow":["GET"]}}],"collection":[{"href":"https:\/\/madeinlatvia.eu\/lv\/wp-json\/wp\/v2\/product"}],"about":[{"href":"https:\/\/madeinlatvia.eu\/lv\/wp-json\/wp\/v2\/types\/product"}],"replies":[{"embeddable":true,"href":"https:\/\/madeinlatvia.eu\/lv\/wp-json\/wp\/v2\/comments?post=6790"}],"wp:featuredmedia":[{"embeddable":true,"href":"https:\/\/madeinlatvia.eu\/lv\/wp-json\/wp\/v2\/media\/6595"}],"wp:attachment":[{"href":"https:\/\/madeinlatvia.eu\/lv\/wp-json\/wp\/v2\/media?parent=6790"}],"wp:term":[{"taxonomy":"product_brand","embeddable":true,"href":"https:\/\/madeinlatvia.eu\/lv\/wp-json\/wp\/v2\/product_brand?post=6790"},{"taxonomy":"product_cat","embeddable":true,"href":"https:\/\/madeinlatvia.eu\/lv\/wp-json\/wp\/v2\/product_cat?post=6790"},{"taxonomy":"product_tag","embeddable":true,"href":"https:\/\/madeinlatvia.eu\/lv\/wp-json\/wp\/v2\/product_tag?post=6790"}],"curies":[{"name":"wp","href":"https:\/\/api.w.org\/{rel}","templated":true}]}}