{"id":6118,"date":"2021-12-08T11:14:46","date_gmt":"2021-12-08T08:14:47","guid":{"rendered":"https:\/\/madeinlatvia.eu\/?post_type=product&#038;p=6118"},"modified":"2022-02-21T01:47:24","modified_gmt":"2022-02-20T22:47:24","slug":"liela-dzintara-svece-ar-dazadam-smarzam","status":"publish","type":"product","link":"https:\/\/madeinlatvia.eu\/lv\/produkts\/liela-dzintara-svece-ar-dazadam-smarzam\/","title":{"rendered":"Liel\u0101 dzintara svece ar da\u017e\u0101d\u0101m smar\u017e\u0101m"},"content":{"rendered":"<table width=\"515\">\n<tbody>\n<tr>\n<td>Augstums<\/td>\n<td>110 mm<\/td>\n<\/tr>\n<tr>\n<td>Diametrs<\/td>\n<td>70 mm<\/td>\n<\/tr>\n<tr>\n<td>Deg\u0161anas ilgums<\/td>\n<td>50 hours<\/td>\n<\/tr>\n<\/tbody>\n<\/table>\n<p>Roku darba eko svece. Svece ar iestr\u0101d\u0101tiem dzintara gabali\u0146iem, kas izgaismojas svecei degot. Katra svece iesai\u0146ota d\u0101vanu kast\u012bt\u0113, kas pild\u012bta ar ziediem. Svecei pievienota lavandas 100% dab\u012bg\u0101 \u0113terisk\u0101 e\u013c\u013ca.<\/p>\n","protected":false},"excerpt":{"rendered":"<p>Eko roku darba svece no sojas vaska ar daktu no natur\u0101las kokvilnas. Ra\u017eots Latvij\u0101.<\/p>\n","protected":false},"featured_media":7127,"comment_status":"open","ping_status":"closed","template":"","meta":{"_acf_changed":false},"product_brand":[],"product_cat":[803],"product_tag":[],"class_list":{"0":"post-6118","1":"product","2":"type-product","3":"status-publish","4":"has-post-thumbnail","6":"product_cat-sveces","7":"product_shipping_class-3-5-lv-2","9":"first","10":"instock","11":"taxable","12":"shipping-taxable","13":"purchasable","14":"product-type-variable"},"composite_layout":"","composite_add_to_cart_form_location":"","composite_editable_in_cart":false,"composite_sold_individually_context":"","composite_shop_price_calc":"","composite_components":[],"composite_scenarios":[],"acf":[],"jetpack_sharing_enabled":true,"_links":{"self":[{"href":"https:\/\/madeinlatvia.eu\/lv\/wp-json\/wp\/v2\/product\/6118","targetHints":{"allow":["GET"]}}],"collection":[{"href":"https:\/\/madeinlatvia.eu\/lv\/wp-json\/wp\/v2\/product"}],"about":[{"href":"https:\/\/madeinlatvia.eu\/lv\/wp-json\/wp\/v2\/types\/product"}],"replies":[{"embeddable":true,"href":"https:\/\/madeinlatvia.eu\/lv\/wp-json\/wp\/v2\/comments?post=6118"}],"wp:featuredmedia":[{"embeddable":true,"href":"https:\/\/madeinlatvia.eu\/lv\/wp-json\/wp\/v2\/media\/7127"}],"wp:attachment":[{"href":"https:\/\/madeinlatvia.eu\/lv\/wp-json\/wp\/v2\/media?parent=6118"}],"wp:term":[{"taxonomy":"product_brand","embeddable":true,"href":"https:\/\/madeinlatvia.eu\/lv\/wp-json\/wp\/v2\/product_brand?post=6118"},{"taxonomy":"product_cat","embeddable":true,"href":"https:\/\/madeinlatvia.eu\/lv\/wp-json\/wp\/v2\/product_cat?post=6118"},{"taxonomy":"product_tag","embeddable":true,"href":"https:\/\/madeinlatvia.eu\/lv\/wp-json\/wp\/v2\/product_tag?post=6118"}],"curies":[{"name":"wp","href":"https:\/\/api.w.org\/{rel}","templated":true}]}}