{"id":4507,"date":"2020-11-29T20:10:25","date_gmt":"2020-11-29T17:10:25","guid":{"rendered":"https:\/\/madeinlatvia.eu\/?post_type=product&#038;p=4507"},"modified":"2025-08-22T17:23:30","modified_gmt":"2025-08-22T14:23:30","slug":"spilvenpaplate-pasaules-karte","status":"publish","type":"product","link":"https:\/\/madeinlatvia.eu\/lv\/produkts\/spilvenpaplate-pasaules-karte\/","title":{"rendered":"Spilv\u0113npapl\u0101te Pasaules karte"},"content":{"rendered":"<table width=\"515\">\n<tbody>\n<tr>\n<td>Garums<\/td>\n<td>400 mm<\/td>\n<\/tr>\n<tr>\n<td>Platums<\/td>\n<td>310 mm<\/td>\n<\/tr>\n<tr>\n<td>Augstums<\/td>\n<td>80 mm<\/td>\n<\/tr>\n<tr>\n<td>Svars<\/td>\n<td>1 kg<\/td>\n<\/tr>\n<tr>\n<td>Papl\u0101tes materi\u0101ls<\/td>\n<td>Kr\u0101sots un lakots ar zilu beici apstr\u0101d\u0101ts sapl\u0101ksnis<\/td>\n<\/tr>\n<tr>\n<td>Papl\u0101tes t\u0113ma<\/td>\n<td>Pasaules karte<\/td>\n<\/tr>\n<tr>\n<td>Spilvena materi\u0101ls<\/td>\n<td>M\u0113be\u013cu audums pild\u012bts ar putuplasta granul\u0101m<\/td>\n<\/tr>\n<\/tbody>\n<\/table>\n","protected":false},"excerpt":{"rendered":"<p>Augstas kvalit\u0101tes roku darba papl\u0101te uz nesl\u012bdo\u0161a spilvena. Spilvens piel\u0101gojas nel\u012bdzen\u0101m virsm\u0101m, padarot papl\u0101ti \u0113rtu kl\u0113pjdatora vai plan\u0161etdatora izmanto\u0161anai, m\u0101jas darbu pild\u012b\u0161anai, gr\u0101matu las\u012b\u0161anai vai nesteidz\u012bgu brokastu baud\u012b\u0161anai gult\u0101. Glud\u0101 papl\u0101tes virsma ne\u013cauj datoram sakarst, nodro\u0161inot t\u0101 dab\u012bgu ventil\u0101ciju.<\/p>\n","protected":false},"featured_media":4266,"comment_status":"open","ping_status":"closed","template":"","meta":{"_acf_changed":false},"product_brand":[],"product_cat":[435,746],"product_tag":[],"class_list":{"0":"post-4507","1":"product","2":"type-product","3":"status-publish","4":"has-post-thumbnail","6":"product_cat-spilvenpaplates","7":"product_cat-simboli","8":"product_shipping_class-0-3-lv-2","10":"first","11":"instock","12":"taxable","13":"shipping-taxable","14":"purchasable","15":"product-type-variable","16":"has-default-attributes"},"composite_layout":"","composite_add_to_cart_form_location":"","composite_editable_in_cart":false,"composite_sold_individually_context":"","composite_shop_price_calc":"","composite_components":[],"composite_scenarios":[],"acf":[],"jetpack_sharing_enabled":true,"_links":{"self":[{"href":"https:\/\/madeinlatvia.eu\/lv\/wp-json\/wp\/v2\/product\/4507","targetHints":{"allow":["GET"]}}],"collection":[{"href":"https:\/\/madeinlatvia.eu\/lv\/wp-json\/wp\/v2\/product"}],"about":[{"href":"https:\/\/madeinlatvia.eu\/lv\/wp-json\/wp\/v2\/types\/product"}],"replies":[{"embeddable":true,"href":"https:\/\/madeinlatvia.eu\/lv\/wp-json\/wp\/v2\/comments?post=4507"}],"wp:featuredmedia":[{"embeddable":true,"href":"https:\/\/madeinlatvia.eu\/lv\/wp-json\/wp\/v2\/media\/4266"}],"wp:attachment":[{"href":"https:\/\/madeinlatvia.eu\/lv\/wp-json\/wp\/v2\/media?parent=4507"}],"wp:term":[{"taxonomy":"product_brand","embeddable":true,"href":"https:\/\/madeinlatvia.eu\/lv\/wp-json\/wp\/v2\/product_brand?post=4507"},{"taxonomy":"product_cat","embeddable":true,"href":"https:\/\/madeinlatvia.eu\/lv\/wp-json\/wp\/v2\/product_cat?post=4507"},{"taxonomy":"product_tag","embeddable":true,"href":"https:\/\/madeinlatvia.eu\/lv\/wp-json\/wp\/v2\/product_tag?post=4507"}],"curies":[{"name":"wp","href":"https:\/\/api.w.org\/{rel}","templated":true}]}}