{"id":3205,"date":"2020-05-30T21:43:55","date_gmt":"2020-05-30T18:43:55","guid":{"rendered":"https:\/\/madeinlatvia.eu\/product\/ugunsbumba-ar-romantisko-motivu\/"},"modified":"2022-02-14T00:33:23","modified_gmt":"2022-02-13T21:33:23","slug":"ugunsbumba-ar-romantisko-motivu","status":"publish","type":"product","link":"https:\/\/madeinlatvia.eu\/lv\/produkts\/ugunsbumba-ar-romantisko-motivu\/","title":{"rendered":"Ugunsbumba ar romantisko mot\u012bvu"},"content":{"rendered":"<table style=\"font-size: 14.4px\">\n<tbody>\n<tr>\n<td>Mot\u012bvs<\/td>\n<td>Romantiskais<\/td>\n<\/tr>\n<tr>\n<td>Materi\u0101ls<\/td>\n<td>T\u0113rauds<\/td>\n<\/tr>\n<tr>\n<td>Diametrs<\/td>\n<td>1000 mm<\/td>\n<\/tr>\n<tr>\n<td>Augstums<\/td>\n<td>1300 mm<\/td>\n<\/tr>\n<tr>\n<td>Svars<\/td>\n<td>100 kg<\/td>\n<\/tr>\n<\/tbody>\n<\/table>\n<p>Lielais d\u0101rza kam\u012bns-ugunsbumba. Lieliska ugunskura vieta. Katrs kam\u012bns at\u0161\u0137iras ar savu neatk\u0101rtojamo dizainu.<\/p>\n","protected":false},"excerpt":{"rendered":"<p>Lielais roku darba d\u0101rza kam\u012bns. Ra\u017eots Latvij\u0101.<\/p>\n","protected":false},"featured_media":3161,"comment_status":"closed","ping_status":"closed","template":"","meta":{"_acf_changed":false},"product_brand":[],"product_cat":[471,426],"product_tag":[],"class_list":{"0":"post-3205","1":"product","2":"type-product","3":"status-publish","4":"has-post-thumbnail","6":"product_cat-darza-kamini","7":"product_cat-lielas-ugunsbumbas","8":"product_shipping_class-os-lv","10":"first","11":"instock","12":"taxable","13":"shipping-taxable","14":"purchasable","15":"product-type-simple"},"composite_layout":"","composite_add_to_cart_form_location":"","composite_editable_in_cart":false,"composite_sold_individually_context":"","composite_shop_price_calc":"","composite_components":[],"composite_scenarios":[],"acf":[],"jetpack_sharing_enabled":true,"_links":{"self":[{"href":"https:\/\/madeinlatvia.eu\/lv\/wp-json\/wp\/v2\/product\/3205","targetHints":{"allow":["GET"]}}],"collection":[{"href":"https:\/\/madeinlatvia.eu\/lv\/wp-json\/wp\/v2\/product"}],"about":[{"href":"https:\/\/madeinlatvia.eu\/lv\/wp-json\/wp\/v2\/types\/product"}],"replies":[{"embeddable":true,"href":"https:\/\/madeinlatvia.eu\/lv\/wp-json\/wp\/v2\/comments?post=3205"}],"wp:featuredmedia":[{"embeddable":true,"href":"https:\/\/madeinlatvia.eu\/lv\/wp-json\/wp\/v2\/media\/3161"}],"wp:attachment":[{"href":"https:\/\/madeinlatvia.eu\/lv\/wp-json\/wp\/v2\/media?parent=3205"}],"wp:term":[{"taxonomy":"product_brand","embeddable":true,"href":"https:\/\/madeinlatvia.eu\/lv\/wp-json\/wp\/v2\/product_brand?post=3205"},{"taxonomy":"product_cat","embeddable":true,"href":"https:\/\/madeinlatvia.eu\/lv\/wp-json\/wp\/v2\/product_cat?post=3205"},{"taxonomy":"product_tag","embeddable":true,"href":"https:\/\/madeinlatvia.eu\/lv\/wp-json\/wp\/v2\/product_tag?post=3205"}],"curies":[{"name":"wp","href":"https:\/\/api.w.org\/{rel}","templated":true}]}}