{"id":2637,"date":"2020-05-30T21:47:53","date_gmt":"2020-05-30T18:47:53","guid":{"rendered":"https:\/\/madeinlatvia.eu\/product\/pusfera-ziedu-motivu\/"},"modified":"2025-05-10T20:29:14","modified_gmt":"2025-05-10T17:29:14","slug":"maza-pussfera-ar-ziedu-motivu","status":"publish","type":"product","link":"https:\/\/madeinlatvia.eu\/lv\/produkts\/maza-pussfera-ar-ziedu-motivu\/","title":{"rendered":"Maz\u0101 pussf\u0113ra ar ziedu mot\u012bvu"},"content":{"rendered":"<table width=\"387\">\n<tbody>\n<tr>\n<td width=\"223\">Mot\u012bvs<\/td>\n<td width=\"164\">Ziedi<\/td>\n<\/tr>\n<tr>\n<td>Materi\u0101ls<\/td>\n<td>T\u0113rauds<\/td>\n<\/tr>\n<tr>\n<td>Diametrs<\/td>\n<td>700 mm<\/td>\n<\/tr>\n<tr>\n<td>Augstums<\/td>\n<td>800 mm<\/td>\n<\/tr>\n<tr>\n<td>Svars<\/td>\n<td>35 kg<\/td>\n<\/tr>\n<\/tbody>\n<\/table>\n<p>Mazais d\u0101rza kam\u012bns-pussf\u0113ra. Lieliska ugunskura vieta. Katrs kam\u012bns at\u0161\u0137iras ar savu neatk\u0101rtojamo dizainu.<\/p>\n","protected":false},"excerpt":{"rendered":"<p>Mazais roku darba d\u0101rza kam\u012bns. Ra\u017eots Latvij\u0101.<\/p>\n","protected":false},"featured_media":2655,"comment_status":"closed","ping_status":"closed","template":"","meta":{"_acf_changed":false},"product_brand":[],"product_cat":[471,417],"product_tag":[],"class_list":{"0":"post-2637","1":"product","2":"type-product","3":"status-publish","4":"has-post-thumbnail","6":"product_cat-darza-kamini","7":"product_cat-pussferas","8":"product_shipping_class-os-lv","10":"first","11":"instock","12":"taxable","13":"shipping-taxable","14":"purchasable","15":"product-type-simple"},"composite_layout":"","composite_add_to_cart_form_location":"","composite_editable_in_cart":false,"composite_sold_individually_context":"","composite_shop_price_calc":"","composite_components":[],"composite_scenarios":[],"acf":[],"jetpack_sharing_enabled":true,"_links":{"self":[{"href":"https:\/\/madeinlatvia.eu\/lv\/wp-json\/wp\/v2\/product\/2637","targetHints":{"allow":["GET"]}}],"collection":[{"href":"https:\/\/madeinlatvia.eu\/lv\/wp-json\/wp\/v2\/product"}],"about":[{"href":"https:\/\/madeinlatvia.eu\/lv\/wp-json\/wp\/v2\/types\/product"}],"replies":[{"embeddable":true,"href":"https:\/\/madeinlatvia.eu\/lv\/wp-json\/wp\/v2\/comments?post=2637"}],"wp:featuredmedia":[{"embeddable":true,"href":"https:\/\/madeinlatvia.eu\/lv\/wp-json\/wp\/v2\/media\/2655"}],"wp:attachment":[{"href":"https:\/\/madeinlatvia.eu\/lv\/wp-json\/wp\/v2\/media?parent=2637"}],"wp:term":[{"taxonomy":"product_brand","embeddable":true,"href":"https:\/\/madeinlatvia.eu\/lv\/wp-json\/wp\/v2\/product_brand?post=2637"},{"taxonomy":"product_cat","embeddable":true,"href":"https:\/\/madeinlatvia.eu\/lv\/wp-json\/wp\/v2\/product_cat?post=2637"},{"taxonomy":"product_tag","embeddable":true,"href":"https:\/\/madeinlatvia.eu\/lv\/wp-json\/wp\/v2\/product_tag?post=2637"}],"curies":[{"name":"wp","href":"https:\/\/api.w.org\/{rel}","templated":true}]}}