{"id":1832,"date":"2020-08-25T00:10:17","date_gmt":"2020-08-24T21:10:17","guid":{"rendered":"https:\/\/madeinlatvia.eu\/product\/teknes-sturis-ieksejais-tumsi-peleks-125-280-mm\/"},"modified":"2023-03-03T18:04:49","modified_gmt":"2023-03-03T15:04:49","slug":"teknes-sturis-ieksejais-tumsi-peleks-125-280-mm","status":"publish","type":"product","link":"https:\/\/madeinlatvia.eu\/lv\/produkts\/teknes-sturis-ieksejais-tumsi-peleks-125-280-mm\/","title":{"rendered":"Teknes st\u016bris iek\u0161\u0113jais tum\u0161i pel\u0113ks 125 (280) mm"},"content":{"rendered":"","protected":false},"excerpt":{"rendered":"","protected":false},"featured_media":2928,"comment_status":"open","ping_status":"closed","template":"","meta":{"_acf_changed":false},"product_brand":[],"product_cat":[459],"product_tag":[],"class_list":{"0":"post-1832","1":"product","2":"type-product","3":"status-publish","4":"has-post-thumbnail","6":"product_cat-uncategorized-lv","8":"first","9":"instock","10":"taxable","11":"shipping-taxable","12":"purchasable","13":"product-type-simple"},"composite_layout":"","composite_add_to_cart_form_location":"","composite_editable_in_cart":false,"composite_sold_individually_context":"","composite_shop_price_calc":"","composite_components":[],"composite_scenarios":[],"acf":[],"jetpack_sharing_enabled":true,"_links":{"self":[{"href":"https:\/\/madeinlatvia.eu\/lv\/wp-json\/wp\/v2\/product\/1832","targetHints":{"allow":["GET"]}}],"collection":[{"href":"https:\/\/madeinlatvia.eu\/lv\/wp-json\/wp\/v2\/product"}],"about":[{"href":"https:\/\/madeinlatvia.eu\/lv\/wp-json\/wp\/v2\/types\/product"}],"replies":[{"embeddable":true,"href":"https:\/\/madeinlatvia.eu\/lv\/wp-json\/wp\/v2\/comments?post=1832"}],"wp:featuredmedia":[{"embeddable":true,"href":"https:\/\/madeinlatvia.eu\/lv\/wp-json\/wp\/v2\/media\/2928"}],"wp:attachment":[{"href":"https:\/\/madeinlatvia.eu\/lv\/wp-json\/wp\/v2\/media?parent=1832"}],"wp:term":[{"taxonomy":"product_brand","embeddable":true,"href":"https:\/\/madeinlatvia.eu\/lv\/wp-json\/wp\/v2\/product_brand?post=1832"},{"taxonomy":"product_cat","embeddable":true,"href":"https:\/\/madeinlatvia.eu\/lv\/wp-json\/wp\/v2\/product_cat?post=1832"},{"taxonomy":"product_tag","embeddable":true,"href":"https:\/\/madeinlatvia.eu\/lv\/wp-json\/wp\/v2\/product_tag?post=1832"}],"curies":[{"name":"wp","href":"https:\/\/api.w.org\/{rel}","templated":true}]}}