{"id":1717,"date":"2020-07-14T00:49:39","date_gmt":"2020-07-13T21:49:39","guid":{"rendered":"https:\/\/madeinlatvia.eu\/product\/valcmasina\/"},"modified":"2025-12-10T22:44:52","modified_gmt":"2025-12-10T19:44:52","slug":"falcmasina","status":"publish","type":"product","link":"https:\/\/madeinlatvia.eu\/lv\/produkts\/falcmasina\/","title":{"rendered":"Falcma\u0161\u012bna"},"content":{"rendered":"<table>\n<tbody>\n<tr>\n<td>Materi\u0101la biezums<\/td>\n<td>l\u012bdz 0.8 mm<\/td>\n<\/tr>\n<tr>\n<td>Ieloces augstums<\/td>\n<td>25, 32, 38 mm<\/td>\n<\/tr>\n<tr>\n<td>Svars<\/td>\n<td>4.2 kg<\/td>\n<\/tr>\n<\/tbody>\n<\/table>\n<p>(!) Urbjma\u0161\u012bna nav iek\u013cauta komplekt\u0101. Ieteicams izmantot akumulatora urbjma\u0161\u012bnu ar griezes momentu 60 Nm un vair\u0101k.<\/p>\n","protected":false},"excerpt":{"rendered":"<p>Iek\u0101rta parastas un dubultas ieloces falc\u0113\u0161anai divos so\u013cos.<br \/>\nRokas falcma\u0161\u012bna tiek izmantota lai viegli un kvalitat\u012bvi valc\u0113t parastas un dubultas ieloces uz taisnas un liektas sagataves ar ieloces augstumu: 25, 32, 38 mm. Piem\u0113rots vair\u0101kiem materi\u0101liem: cinkotam un kr\u0101sotam sk\u0101rdam, alum\u012bnijam, varam, cinkam l\u012bdz 0,8 mm; ner\u016bs\u0113jo\u0161am t\u0113raudam l\u012bdz 0,5 mm.<\/p>\n<p>(!) Urbjma\u0161\u012bna nav iek\u013cauta komplekt\u0101. Ieteicams izmantot akumulatora urbjma\u0161\u012bnu ar griezes momentu 60 Nm un vair\u0101k.<\/p>\n","protected":false},"featured_media":9060,"comment_status":"open","ping_status":"closed","template":"","meta":{"_acf_changed":false},"product_brand":[],"product_cat":[246],"product_tag":[],"class_list":{"0":"post-1717","1":"product","2":"type-product","3":"status-publish","4":"has-post-thumbnail","6":"product_cat-jumiku-instrumenti","7":"product_shipping_class-3-5-lv-2","9":"first","10":"instock","11":"taxable","12":"shipping-taxable","13":"purchasable","14":"product-type-simple"},"composite_layout":"","composite_add_to_cart_form_location":"","composite_editable_in_cart":false,"composite_sold_individually_context":"","composite_shop_price_calc":"","composite_components":[],"composite_scenarios":[],"acf":[],"jetpack_sharing_enabled":true,"_links":{"self":[{"href":"https:\/\/madeinlatvia.eu\/lv\/wp-json\/wp\/v2\/product\/1717","targetHints":{"allow":["GET"]}}],"collection":[{"href":"https:\/\/madeinlatvia.eu\/lv\/wp-json\/wp\/v2\/product"}],"about":[{"href":"https:\/\/madeinlatvia.eu\/lv\/wp-json\/wp\/v2\/types\/product"}],"replies":[{"embeddable":true,"href":"https:\/\/madeinlatvia.eu\/lv\/wp-json\/wp\/v2\/comments?post=1717"}],"wp:featuredmedia":[{"embeddable":true,"href":"https:\/\/madeinlatvia.eu\/lv\/wp-json\/wp\/v2\/media\/9060"}],"wp:attachment":[{"href":"https:\/\/madeinlatvia.eu\/lv\/wp-json\/wp\/v2\/media?parent=1717"}],"wp:term":[{"taxonomy":"product_brand","embeddable":true,"href":"https:\/\/madeinlatvia.eu\/lv\/wp-json\/wp\/v2\/product_brand?post=1717"},{"taxonomy":"product_cat","embeddable":true,"href":"https:\/\/madeinlatvia.eu\/lv\/wp-json\/wp\/v2\/product_cat?post=1717"},{"taxonomy":"product_tag","embeddable":true,"href":"https:\/\/madeinlatvia.eu\/lv\/wp-json\/wp\/v2\/product_tag?post=1717"}],"curies":[{"name":"wp","href":"https:\/\/api.w.org\/{rel}","templated":true}]}}