{"id":1691,"date":"2020-05-28T01:39:13","date_gmt":"2020-05-27T22:39:13","guid":{"rendered":"https:\/\/madeinlatvia.eu\/product\/benders-350-mm\/"},"modified":"2025-01-28T17:33:13","modified_gmt":"2025-01-28T14:33:13","slug":"benders-350-mm","status":"publish","type":"product","link":"https:\/\/madeinlatvia.eu\/lv\/produkts\/benders-350-mm\/","title":{"rendered":"Benders 350 mm"},"content":{"rendered":"<table>\n<tbody>\n<tr>\n<td>Loc\u012b\u0161anas le\u0146\u0137is<\/td>\n<td>l\u012bdz 100\u00b0<\/td>\n<\/tr>\n<tr>\n<td>Ievieto\u0161anas dzi\u013cums<\/td>\n<td>5 &#8211; 350 mm<\/td>\n<\/tr>\n<tr>\n<td>Materi\u0101la biezums<\/td>\n<td>l\u012bdz 0.8 mm<\/td>\n<\/tr>\n<tr>\n<td>Svars<\/td>\n<td>2.3 kg<\/td>\n<\/tr>\n<\/tbody>\n<\/table>\n","protected":false},"excerpt":{"rendered":"<p>Benders ir noder\u012bgs darbar\u012bks jumi\u0137iem un sk\u0101rdniekiem. To var izmantot da\u017e\u0101du met\u0101lu loc\u012b\u0161anai objekt\u0101 un darbn\u012bc\u0101.<\/p>\n<p>\u25e6 Visas deta\u013cas izgatavotas no augstas kvalit\u0101tes ner\u016bs\u0113jo\u0161\u0101 t\u0113rauda. Piem\u0113rots jebkuriem laika apst\u0101k\u013ciem.<br \/>\n\u25e6 16 mm ner\u016bs\u0113jo\u0161ie stie\u0146i ar l\u0101zera mar\u0137\u0113jumu.<br \/>\n\u25e6 Loc\u012b\u0161anas rull\u012btis ar le\u0146\u0137i 80\u00b0, loksnes loc\u012b\u0161anai l\u012bdz 100\u00b0.<br \/>\n\u25e6 Piel\u0101gojama att\u0101luma poz\u012bcija da\u017e\u0101diem materi\u0101la biezumiem no 0,5 l\u012bdz 1 mm.<\/p>\n","protected":false},"featured_media":2686,"comment_status":"open","ping_status":"closed","template":"","meta":{"_acf_changed":false},"product_brand":[],"product_cat":[246],"product_tag":[],"class_list":{"0":"post-1691","1":"product","2":"type-product","3":"status-publish","4":"has-post-thumbnail","6":"product_cat-jumiku-instrumenti","7":"product_shipping_class-0-3-lv-2","9":"first","10":"instock","11":"taxable","12":"shipping-taxable","13":"purchasable","14":"product-type-simple"},"composite_layout":"","composite_add_to_cart_form_location":"","composite_editable_in_cart":false,"composite_sold_individually_context":"","composite_shop_price_calc":"","composite_components":[],"composite_scenarios":[],"acf":[],"jetpack_sharing_enabled":true,"_links":{"self":[{"href":"https:\/\/madeinlatvia.eu\/lv\/wp-json\/wp\/v2\/product\/1691","targetHints":{"allow":["GET"]}}],"collection":[{"href":"https:\/\/madeinlatvia.eu\/lv\/wp-json\/wp\/v2\/product"}],"about":[{"href":"https:\/\/madeinlatvia.eu\/lv\/wp-json\/wp\/v2\/types\/product"}],"replies":[{"embeddable":true,"href":"https:\/\/madeinlatvia.eu\/lv\/wp-json\/wp\/v2\/comments?post=1691"}],"wp:featuredmedia":[{"embeddable":true,"href":"https:\/\/madeinlatvia.eu\/lv\/wp-json\/wp\/v2\/media\/2686"}],"wp:attachment":[{"href":"https:\/\/madeinlatvia.eu\/lv\/wp-json\/wp\/v2\/media?parent=1691"}],"wp:term":[{"taxonomy":"product_brand","embeddable":true,"href":"https:\/\/madeinlatvia.eu\/lv\/wp-json\/wp\/v2\/product_brand?post=1691"},{"taxonomy":"product_cat","embeddable":true,"href":"https:\/\/madeinlatvia.eu\/lv\/wp-json\/wp\/v2\/product_cat?post=1691"},{"taxonomy":"product_tag","embeddable":true,"href":"https:\/\/madeinlatvia.eu\/lv\/wp-json\/wp\/v2\/product_tag?post=1691"}],"curies":[{"name":"wp","href":"https:\/\/api.w.org\/{rel}","templated":true}]}}