{"id":1667,"date":"2020-05-12T12:27:29","date_gmt":"2020-05-12T09:27:29","guid":{"rendered":"https:\/\/madeinlatvia.eu\/product\/osb-3-15-x-2500-x-1250-mm\/"},"modified":"2023-04-26T23:11:37","modified_gmt":"2023-04-26T20:11:37","slug":"osb-3-15-x-2500-x-1250-mm","status":"publish","type":"product","link":"https:\/\/madeinlatvia.eu\/lv\/produkts\/osb-3-15-x-2500-x-1250-mm\/","title":{"rendered":"OSB-3 \/ 15 x 2500 x 1250 mm"},"content":{"rendered":"<table>\n<tbody>\n<tr>\n<td>Biezums<\/td>\n<td>15 mm<\/td>\n<\/tr>\n<tr>\n<td>Izm\u0113rs<\/td>\n<td>2500 x 1250 mm<\/td>\n<\/tr>\n<tr>\n<td>Laukums<\/td>\n<td>3.125 m2<\/td>\n<\/tr>\n<tr>\n<td>Standarts<\/td>\n<td>EN 300 &#8211; type OSB 2;<br \/>\nEN 13501-1: class D-s1, d0;<br \/>\nEN 13986:2004+A1:2015<\/td>\n<\/tr>\n<tr>\n<td>Emisijas klase<\/td>\n<td>E1 (EN ISO 12460-5)<\/td>\n<\/tr>\n<\/tbody>\n<\/table>\n<p>OSB 3 ir visprogres\u012bv\u0101kais no \u0161obr\u012bd pieejamajiem OSB tipiem. OSB 3 ir izstr\u0101d\u0101ts un izgatavots piln\u012bb\u0101 atbilsto\u0161i pa\u0161reiz\u0113jam piepras\u012bjumam p\u0113c ekolo\u0123iska dz\u012bvesveida, piev\u0113r\u0161ot uzman\u012bbu dabiskiem materi\u0101liem. Izv\u0113loties piem\u0113rotu kokmateri\u0101lu un saistvielu, OSB 2 atbilst augstiem standartiem, kas noteikti ne tikai videi draudz\u012bg\u0101m \u0113k\u0101m.<\/p>\n<p>Raksturojums:<br \/>\n&#8211; Uzlabota mitruma rezistence<br \/>\n&#8211; Augsta slodzes nestsp\u0113ja un stingrums b\u016bvniec\u012bbas vajadz\u012bb\u0101m<br \/>\n&#8211; Augsta izm\u0113ru precizit\u0101te un formas notur\u012bba<br \/>\n&#8211; Augsta elast\u012bba un triecieniztur\u012bba<br \/>\n&#8211; Materi\u0101ls ir viegli apstr\u0101d\u0101jams, izmantojot parastos kokapstr\u0101des instrumentus<br \/>\n&#8211; Apk\u0101rt\u0113jai videi draudz\u012bgs, p\u0101rstr\u0101d\u0101jams produkts<\/p>\n<p>Izmanto\u0161ana:<br \/>\n&#8211; Izmanto\u0161ana b\u016bvniec\u012bb\u0101: sien\u0101m, gr\u012bd\u0101m, jumtiem, k\u0101p\u0146utelp\u0101m, no\u017eogojumiem<br \/>\n&#8211; Interjers: m\u0113be\u013cu elementi, iek\u0161telpu dekorat\u012bvie elementi, m\u012bksto m\u0113be\u013cu r\u0101mji, durvju pane\u013ci, ap\u0161uvums un starpsienas<br \/>\n&#8211; Iepakojums: transport\u0113\u0161anas kastes un konteineri, paletes<br \/>\n&#8211; Mazumtirdzniec\u012bba &amp; izst\u0101des<br \/>\n&#8211; Noliktavas apr\u012bkojums (plaukti, \u017eogi utt.)<\/p>\n","protected":false},"excerpt":{"rendered":"<p>OSB 3 ir neso\u0161a pl\u0101ksne, t\u0101 ir paredz\u0113ta izmanto\u0161anai mitros apst\u0101k\u013cos.<\/p>\n","protected":false},"featured_media":2695,"comment_status":"open","ping_status":"closed","template":"","meta":{"_acf_changed":false},"product_brand":[],"product_cat":[453],"product_tag":[],"class_list":{"0":"post-1667","1":"product","2":"type-product","3":"status-publish","4":"has-post-thumbnail","6":"product_cat-osb-lv","7":"product_shipping_class-os-lv","8":"pa_thickness-15-mm-lv","10":"first","11":"instock","12":"taxable","13":"shipping-taxable","14":"purchasable","15":"product-type-simple"},"composite_layout":"","composite_add_to_cart_form_location":"","composite_editable_in_cart":false,"composite_sold_individually_context":"","composite_shop_price_calc":"","composite_components":[],"composite_scenarios":[],"acf":[],"jetpack_sharing_enabled":true,"_links":{"self":[{"href":"https:\/\/madeinlatvia.eu\/lv\/wp-json\/wp\/v2\/product\/1667","targetHints":{"allow":["GET"]}}],"collection":[{"href":"https:\/\/madeinlatvia.eu\/lv\/wp-json\/wp\/v2\/product"}],"about":[{"href":"https:\/\/madeinlatvia.eu\/lv\/wp-json\/wp\/v2\/types\/product"}],"replies":[{"embeddable":true,"href":"https:\/\/madeinlatvia.eu\/lv\/wp-json\/wp\/v2\/comments?post=1667"}],"wp:featuredmedia":[{"embeddable":true,"href":"https:\/\/madeinlatvia.eu\/lv\/wp-json\/wp\/v2\/media\/2695"}],"wp:attachment":[{"href":"https:\/\/madeinlatvia.eu\/lv\/wp-json\/wp\/v2\/media?parent=1667"}],"wp:term":[{"taxonomy":"product_brand","embeddable":true,"href":"https:\/\/madeinlatvia.eu\/lv\/wp-json\/wp\/v2\/product_brand?post=1667"},{"taxonomy":"product_cat","embeddable":true,"href":"https:\/\/madeinlatvia.eu\/lv\/wp-json\/wp\/v2\/product_cat?post=1667"},{"taxonomy":"product_tag","embeddable":true,"href":"https:\/\/madeinlatvia.eu\/lv\/wp-json\/wp\/v2\/product_tag?post=1667"}],"curies":[{"name":"wp","href":"https:\/\/api.w.org\/{rel}","templated":true}]}}