{"id":11464,"date":"2025-12-20T22:53:31","date_gmt":"2025-12-20T19:53:31","guid":{"rendered":"https:\/\/madeinlatvia.eu\/?post_type=product&#038;p=11464"},"modified":"2025-12-20T23:48:29","modified_gmt":"2025-12-20T20:48:29","slug":"siltumnica-2-x-4-m-copy","status":"publish","type":"product","link":"https:\/\/madeinlatvia.eu\/lv\/produkts\/siltumnica-2-x-4-m-copy\/","title":{"rendered":"Siltumn\u012bcas pamats"},"content":{"rendered":"","protected":false},"excerpt":{"rendered":"<p>Siltumn\u012bcas pamata konstrukcija no cinkota t\u0113rauda profila 89 x 42 mm. Grunts enkuri izgatavoti no t\u0113rauda profila 40 x 40 mm ar garumu 310 mm.<\/p>\n<p>Komplekt\u0101cija:<br \/>\n\u25e6 Pamats izjaukt\u0101 veid\u0101;<br \/>\n\u25e6 Grunts enkuri;<br \/>\n\u25e6 Skr\u016bves.<\/p>\n","protected":false},"featured_media":11198,"comment_status":"open","ping_status":"closed","template":"","meta":{"_acf_changed":false},"product_brand":[],"product_cat":[1049],"product_tag":[],"class_list":{"0":"post-11464","1":"product","2":"type-product","3":"status-publish","4":"has-post-thumbnail","6":"product_cat-siltumnicas","7":"product_shipping_class-os-lv","9":"first","10":"instock","11":"taxable","12":"shipping-taxable","13":"purchasable","14":"product-type-variable"},"composite_layout":"","composite_add_to_cart_form_location":"","composite_editable_in_cart":false,"composite_sold_individually_context":"","composite_shop_price_calc":"","composite_components":[],"composite_scenarios":[],"acf":[],"jetpack_sharing_enabled":true,"_links":{"self":[{"href":"https:\/\/madeinlatvia.eu\/lv\/wp-json\/wp\/v2\/product\/11464","targetHints":{"allow":["GET"]}}],"collection":[{"href":"https:\/\/madeinlatvia.eu\/lv\/wp-json\/wp\/v2\/product"}],"about":[{"href":"https:\/\/madeinlatvia.eu\/lv\/wp-json\/wp\/v2\/types\/product"}],"replies":[{"embeddable":true,"href":"https:\/\/madeinlatvia.eu\/lv\/wp-json\/wp\/v2\/comments?post=11464"}],"wp:featuredmedia":[{"embeddable":true,"href":"https:\/\/madeinlatvia.eu\/lv\/wp-json\/wp\/v2\/media\/11198"}],"wp:attachment":[{"href":"https:\/\/madeinlatvia.eu\/lv\/wp-json\/wp\/v2\/media?parent=11464"}],"wp:term":[{"taxonomy":"product_brand","embeddable":true,"href":"https:\/\/madeinlatvia.eu\/lv\/wp-json\/wp\/v2\/product_brand?post=11464"},{"taxonomy":"product_cat","embeddable":true,"href":"https:\/\/madeinlatvia.eu\/lv\/wp-json\/wp\/v2\/product_cat?post=11464"},{"taxonomy":"product_tag","embeddable":true,"href":"https:\/\/madeinlatvia.eu\/lv\/wp-json\/wp\/v2\/product_tag?post=11464"}],"curies":[{"name":"wp","href":"https:\/\/api.w.org\/{rel}","templated":true}]}}