{"id":11458,"date":"2025-12-20T20:36:38","date_gmt":"2025-12-20T17:36:38","guid":{"rendered":"https:\/\/madeinlatvia.eu\/?post_type=product&#038;p=11458"},"modified":"2025-12-20T22:45:54","modified_gmt":"2025-12-20T19:45:54","slug":"cinkoti-metala-plaukti","status":"publish","type":"product","link":"https:\/\/madeinlatvia.eu\/lv\/produkts\/cinkoti-metala-plaukti\/","title":{"rendered":"Cinkoti met\u0101la plaukti"},"content":{"rendered":"<table>\n<tbody>\n<tr>\n<td>Augstums<\/td>\n<td>2250 mm<\/td>\n<\/tr>\n<tr>\n<td>Dzi\u013cums<\/td>\n<td>450 mm<\/td>\n<\/tr>\n<tr>\n<td>Platums<\/td>\n<td>2620 mm<\/td>\n<\/tr>\n<tr>\n<td>Katra plauktu l\u012bme\u0146a kravnes\u012bba<\/td>\n<td>100 kg (vienm\u0113r\u012bgi izklied\u0113ta svar\u0101)<\/td>\n<\/tr>\n<\/tbody>\n<\/table>\n","protected":false},"excerpt":{"rendered":"<p>Plaukti ir paredz\u0113ti noliktav\u0101m, darbn\u012bc\u0101m, arh\u012bviem, gar\u0101\u017e\u0101m, k\u0101 ar\u012b cit\u0101m viet\u0101m. Plaukti izgatavoti no cinkota t\u0113rauda profila 40 x 40 mm, kas padara \u0161os plauktus aizsarg\u0101tus no korozijas.<\/p>\n","protected":false},"featured_media":11210,"comment_status":"open","ping_status":"closed","template":"","meta":{"_acf_changed":false},"product_brand":[],"product_cat":[1052],"product_tag":[],"class_list":{"0":"post-11458","1":"product","2":"type-product","3":"status-publish","4":"has-post-thumbnail","6":"product_cat-majai-darzam","7":"product_shipping_class-os-lv","9":"first","10":"instock","11":"taxable","12":"shipping-taxable","13":"purchasable","14":"product-type-simple"},"composite_layout":"","composite_add_to_cart_form_location":"","composite_editable_in_cart":false,"composite_sold_individually_context":"","composite_shop_price_calc":"","composite_components":[],"composite_scenarios":[],"acf":[],"jetpack_sharing_enabled":true,"_links":{"self":[{"href":"https:\/\/madeinlatvia.eu\/lv\/wp-json\/wp\/v2\/product\/11458","targetHints":{"allow":["GET"]}}],"collection":[{"href":"https:\/\/madeinlatvia.eu\/lv\/wp-json\/wp\/v2\/product"}],"about":[{"href":"https:\/\/madeinlatvia.eu\/lv\/wp-json\/wp\/v2\/types\/product"}],"replies":[{"embeddable":true,"href":"https:\/\/madeinlatvia.eu\/lv\/wp-json\/wp\/v2\/comments?post=11458"}],"wp:featuredmedia":[{"embeddable":true,"href":"https:\/\/madeinlatvia.eu\/lv\/wp-json\/wp\/v2\/media\/11210"}],"wp:attachment":[{"href":"https:\/\/madeinlatvia.eu\/lv\/wp-json\/wp\/v2\/media?parent=11458"}],"wp:term":[{"taxonomy":"product_brand","embeddable":true,"href":"https:\/\/madeinlatvia.eu\/lv\/wp-json\/wp\/v2\/product_brand?post=11458"},{"taxonomy":"product_cat","embeddable":true,"href":"https:\/\/madeinlatvia.eu\/lv\/wp-json\/wp\/v2\/product_cat?post=11458"},{"taxonomy":"product_tag","embeddable":true,"href":"https:\/\/madeinlatvia.eu\/lv\/wp-json\/wp\/v2\/product_tag?post=11458"}],"curies":[{"name":"wp","href":"https:\/\/api.w.org\/{rel}","templated":true}]}}