{"id":11455,"date":"2025-12-19T17:33:26","date_gmt":"2025-12-19T14:33:26","guid":{"rendered":"https:\/\/madeinlatvia.eu\/?post_type=product&#038;p=11455"},"modified":"2025-12-19T18:20:37","modified_gmt":"2025-12-19T15:20:37","slug":"udens-tvertne-krans-paliktnis","status":"publish","type":"product","link":"https:\/\/madeinlatvia.eu\/lv\/produkts\/udens-tvertne-krans-paliktnis\/","title":{"rendered":"\u016adens tvertne ar kr\u0101nu uz palikt\u0146a"},"content":{"rendered":"<table>\n<tbody>\n<tr>\n<td>Tvertnes tilpums<\/td>\n<td>200 l<\/td>\n<\/tr>\n<tr>\n<td>Tvertnes diametrs<\/td>\n<td>638 mm<\/td>\n<\/tr>\n<tr>\n<td>Tvertnes augstums<\/td>\n<td>865 mm<\/td>\n<\/tr>\n<tr>\n<td>Palikt\u0146a augstums<\/td>\n<td>1030 mm<\/td>\n<\/tr>\n<tr>\n<td>Kop\u0113jais augstums<\/td>\n<td>1895 mm<\/td>\n<\/tr>\n<\/tbody>\n<\/table>\n","protected":false},"excerpt":{"rendered":"<p>Liels 200 litru rezervu\u0101rs no iztur\u012bga un dro\u0161a plastmasas uz cinkota t\u0113rauda palikt\u0146a. Tvertn\u0113 ir kr\u0101ns, kas \u013cauj \u0113rti doz\u0113t \u016bdeni. Labs risin\u0101jums d\u0101rzam un siltumn\u012bcai.<\/p>\n","protected":false},"featured_media":11192,"comment_status":"open","ping_status":"closed","template":"","meta":{"_acf_changed":false},"product_brand":[],"product_cat":[1052],"product_tag":[],"class_list":{"0":"post-11455","1":"product","2":"type-product","3":"status-publish","4":"has-post-thumbnail","6":"product_cat-majai-darzam","7":"product_shipping_class-os-lv","9":"first","10":"instock","11":"taxable","12":"shipping-taxable","13":"purchasable","14":"product-type-simple"},"composite_layout":"","composite_add_to_cart_form_location":"","composite_editable_in_cart":false,"composite_sold_individually_context":"","composite_shop_price_calc":"","composite_components":[],"composite_scenarios":[],"acf":[],"jetpack_sharing_enabled":true,"_links":{"self":[{"href":"https:\/\/madeinlatvia.eu\/lv\/wp-json\/wp\/v2\/product\/11455","targetHints":{"allow":["GET"]}}],"collection":[{"href":"https:\/\/madeinlatvia.eu\/lv\/wp-json\/wp\/v2\/product"}],"about":[{"href":"https:\/\/madeinlatvia.eu\/lv\/wp-json\/wp\/v2\/types\/product"}],"replies":[{"embeddable":true,"href":"https:\/\/madeinlatvia.eu\/lv\/wp-json\/wp\/v2\/comments?post=11455"}],"wp:featuredmedia":[{"embeddable":true,"href":"https:\/\/madeinlatvia.eu\/lv\/wp-json\/wp\/v2\/media\/11192"}],"wp:attachment":[{"href":"https:\/\/madeinlatvia.eu\/lv\/wp-json\/wp\/v2\/media?parent=11455"}],"wp:term":[{"taxonomy":"product_brand","embeddable":true,"href":"https:\/\/madeinlatvia.eu\/lv\/wp-json\/wp\/v2\/product_brand?post=11455"},{"taxonomy":"product_cat","embeddable":true,"href":"https:\/\/madeinlatvia.eu\/lv\/wp-json\/wp\/v2\/product_cat?post=11455"},{"taxonomy":"product_tag","embeddable":true,"href":"https:\/\/madeinlatvia.eu\/lv\/wp-json\/wp\/v2\/product_tag?post=11455"}],"curies":[{"name":"wp","href":"https:\/\/api.w.org\/{rel}","templated":true}]}}