{"id":11452,"date":"2025-12-18T22:42:10","date_gmt":"2025-12-18T19:42:10","guid":{"rendered":"https:\/\/madeinlatvia.eu\/?post_type=product&#038;p=11452"},"modified":"2025-12-18T22:50:15","modified_gmt":"2025-12-18T19:50:15","slug":"vasaras-dusa-1-x-1-m-copy","status":"publish","type":"product","link":"https:\/\/madeinlatvia.eu\/lv\/produkts\/vasaras-dusa-1-x-1-m-copy\/","title":{"rendered":"\u0160\u0137\u016bnis 1,5 x 2 m"},"content":{"rendered":"<table>\n<tbody>\n<tr>\n<td>Platums<\/td>\n<td>1,5 m<\/td>\n<\/tr>\n<tr>\n<td>Garums<\/td>\n<td>2 m<\/td>\n<\/tr>\n<tr>\n<td>Augstums<\/td>\n<td>1,72 &#8211; 1,96 m<\/td>\n<\/tr>\n<\/tbody>\n<\/table>\n","protected":false},"excerpt":{"rendered":"<p>\u0160is kompaktais \u0161\u0137\u016bnis ar viensl\u012bpu jumtu ir piem\u0113rots instrumentu un d\u0101rza tehnikas glab\u0101\u0161anai. Konstrukciju var pagarin\u0101t par 1 metru. Konstrukcija veidota no cinkota t\u0113rauda profiliem 40 \u00d7 40 mm ar augstu iztur\u012bbu pret koroziju. Ieejas durvis atrodas augst\u0101kaj\u0101 sien\u0101. Karkass tiek pieg\u0101d\u0101ts izjaukt\u0101 veid\u0101 un iepakots kast\u0113s, kas nodro\u0161ina \u0113rtu p\u0101rvad\u0101\u0161anu. Konstrukciju iesp\u0113jams ap\u0161\u016bt ar polikarbon\u0101tu, met\u0101la loksn\u0113m, koka d\u0113\u013ciem vai citu piem\u0113rotu materi\u0101lu.<\/p>\n<p>Komplekt\u0101cija:<br \/>\n\u25e6 Izjaukts karkass, iepakots kast\u0113s (liel\u0101k\u0101 kaste \u2013 2160 \u00d7 330 \u00d7 100 mm);<br \/>\n\u25e6 Papildu deta\u013cas un furnit\u016bra (rokturi, \u0101\u0137i, e\u0146\u0123es, skr\u016bves).<\/p>\n","protected":false},"featured_media":11186,"comment_status":"open","ping_status":"closed","template":"","meta":{"_acf_changed":false},"product_brand":[],"product_cat":[1052],"product_tag":[],"class_list":{"0":"post-11452","1":"product","2":"type-product","3":"status-publish","4":"has-post-thumbnail","6":"product_cat-majai-darzam","7":"product_shipping_class-os-lv","9":"first","10":"instock","11":"taxable","12":"shipping-taxable","13":"purchasable","14":"product-type-simple"},"composite_layout":"","composite_add_to_cart_form_location":"","composite_editable_in_cart":false,"composite_sold_individually_context":"","composite_shop_price_calc":"","composite_components":[],"composite_scenarios":[],"acf":[],"jetpack_sharing_enabled":true,"_links":{"self":[{"href":"https:\/\/madeinlatvia.eu\/lv\/wp-json\/wp\/v2\/product\/11452","targetHints":{"allow":["GET"]}}],"collection":[{"href":"https:\/\/madeinlatvia.eu\/lv\/wp-json\/wp\/v2\/product"}],"about":[{"href":"https:\/\/madeinlatvia.eu\/lv\/wp-json\/wp\/v2\/types\/product"}],"replies":[{"embeddable":true,"href":"https:\/\/madeinlatvia.eu\/lv\/wp-json\/wp\/v2\/comments?post=11452"}],"wp:featuredmedia":[{"embeddable":true,"href":"https:\/\/madeinlatvia.eu\/lv\/wp-json\/wp\/v2\/media\/11186"}],"wp:attachment":[{"href":"https:\/\/madeinlatvia.eu\/lv\/wp-json\/wp\/v2\/media?parent=11452"}],"wp:term":[{"taxonomy":"product_brand","embeddable":true,"href":"https:\/\/madeinlatvia.eu\/lv\/wp-json\/wp\/v2\/product_brand?post=11452"},{"taxonomy":"product_cat","embeddable":true,"href":"https:\/\/madeinlatvia.eu\/lv\/wp-json\/wp\/v2\/product_cat?post=11452"},{"taxonomy":"product_tag","embeddable":true,"href":"https:\/\/madeinlatvia.eu\/lv\/wp-json\/wp\/v2\/product_tag?post=11452"}],"curies":[{"name":"wp","href":"https:\/\/api.w.org\/{rel}","templated":true}]}}