{"id":11406,"date":"2025-12-18T17:41:04","date_gmt":"2025-12-18T14:41:04","guid":{"rendered":"https:\/\/madeinlatvia.eu\/?post_type=product&#038;p=11406"},"modified":"2025-12-18T20:01:33","modified_gmt":"2025-12-18T17:01:33","slug":"ara-tualete","status":"publish","type":"product","link":"https:\/\/madeinlatvia.eu\/lv\/produkts\/ara-tualete\/","title":{"rendered":"\u0100ra tualete 1\u00d71 m"},"content":{"rendered":"<table>\n<tbody>\n<tr>\n<td>Platums<\/td>\n<td>1 m<\/td>\n<\/tr>\n<tr>\n<td>Garums<\/td>\n<td>1 m<\/td>\n<\/tr>\n<tr>\n<td>Augstums<\/td>\n<td>2,2 m<\/td>\n<\/tr>\n<\/tbody>\n<\/table>\n","protected":false},"excerpt":{"rendered":"<p>Praktisks \u0101ra tualetes risin\u0101jums d\u0101rzam vai vasarn\u012bcai. Karkass ir izgatavots no cinkota t\u0113rauda profila 40\u00d740 mm un tiek pieg\u0101d\u0101ts kast\u0113 ar izm\u0113riem 2160 \u00d7 340 \u00d7 100 mm. Gr\u012bda un s\u0113deklis ir izgatavoti no lamin\u0113ta sapl\u0101k\u0161\u0146a un iepakoti aizsargpl\u0113v\u0113. Pienbalt\u0101 kr\u0101s\u0101 polikarbon\u0101ta pane\u013ci ar biezumu 4 mm (viena loksne pieg\u0101d\u0101ta sarull\u0113t\u0101 veid\u0101, ru\u013c\u013ca augstums 2100 mm, diametrs aptuveni 1 m). Komplekt\u0101 ietilpst nepiecie\u0161am\u0101 furnit\u016bra un poda v\u0101ks.<\/p>\n<p>(!) Paredz\u0113ta uzst\u0101d\u012b\u0161anai virs beton\u0113tas bedres vai konteinera.<\/p>\n","protected":false},"featured_media":11168,"comment_status":"open","ping_status":"closed","template":"","meta":{"_acf_changed":false},"product_brand":[],"product_cat":[1052],"product_tag":[],"class_list":{"0":"post-11406","1":"product","2":"type-product","3":"status-publish","4":"has-post-thumbnail","6":"product_cat-majai-darzam","7":"product_shipping_class-os-lv","9":"first","10":"instock","11":"taxable","12":"shipping-taxable","13":"purchasable","14":"product-type-simple"},"composite_layout":"","composite_add_to_cart_form_location":"","composite_editable_in_cart":false,"composite_sold_individually_context":"","composite_shop_price_calc":"","composite_components":[],"composite_scenarios":[],"acf":[],"jetpack_sharing_enabled":true,"_links":{"self":[{"href":"https:\/\/madeinlatvia.eu\/lv\/wp-json\/wp\/v2\/product\/11406","targetHints":{"allow":["GET"]}}],"collection":[{"href":"https:\/\/madeinlatvia.eu\/lv\/wp-json\/wp\/v2\/product"}],"about":[{"href":"https:\/\/madeinlatvia.eu\/lv\/wp-json\/wp\/v2\/types\/product"}],"replies":[{"embeddable":true,"href":"https:\/\/madeinlatvia.eu\/lv\/wp-json\/wp\/v2\/comments?post=11406"}],"wp:featuredmedia":[{"embeddable":true,"href":"https:\/\/madeinlatvia.eu\/lv\/wp-json\/wp\/v2\/media\/11168"}],"wp:attachment":[{"href":"https:\/\/madeinlatvia.eu\/lv\/wp-json\/wp\/v2\/media?parent=11406"}],"wp:term":[{"taxonomy":"product_brand","embeddable":true,"href":"https:\/\/madeinlatvia.eu\/lv\/wp-json\/wp\/v2\/product_brand?post=11406"},{"taxonomy":"product_cat","embeddable":true,"href":"https:\/\/madeinlatvia.eu\/lv\/wp-json\/wp\/v2\/product_cat?post=11406"},{"taxonomy":"product_tag","embeddable":true,"href":"https:\/\/madeinlatvia.eu\/lv\/wp-json\/wp\/v2\/product_tag?post=11406"}],"curies":[{"name":"wp","href":"https:\/\/api.w.org\/{rel}","templated":true}]}}