{"id":11401,"date":"2025-12-17T19:55:38","date_gmt":"2025-12-17T16:55:38","guid":{"rendered":"https:\/\/madeinlatvia.eu\/?post_type=product&#038;p=11401"},"modified":"2025-12-17T20:37:52","modified_gmt":"2025-12-17T17:37:52","slug":"vasaras-dusa","status":"publish","type":"product","link":"https:\/\/madeinlatvia.eu\/lv\/produkts\/vasaras-dusa\/","title":{"rendered":"Vasaras Du\u0161a 1 x 1 m"},"content":{"rendered":"<table>\n<tbody>\n<tr>\n<td>Platums<\/td>\n<td>1 m<\/td>\n<\/tr>\n<tr>\n<td>Garums<\/td>\n<td>1 m<\/td>\n<\/tr>\n<tr>\n<td>Augstums<\/td>\n<td>2,2 m<\/td>\n<\/tr>\n<\/tbody>\n<\/table>\n","protected":false},"excerpt":{"rendered":"<p>\u0160\u012b vasaras du\u0161a ir praktisks risin\u0101jums, lai atsvaidzin\u0101tos karst\u0101 laik\u0101 vai nomazg\u0101tos p\u0113c d\u0101rza darbiem. Meln\u0101 tvertne efekt\u012bvi absorb\u0113 saules siltumu un \u0101tri uzsilda \u016bdeni, savuk\u0101rt pienbaltie polikarbon\u0101ta pane\u013ci nodro\u0161ina priv\u0101tumu un komfortu lieto\u0161anas laik\u0101.<br \/>\nDu\u0161as karkass izgatavots no 40 \u00d7 40 mm cinkota t\u0113rauda profila un pieg\u0101d\u0101ts kast\u0113 ar izm\u0113riem 2160 \u00d7 340 \u00d7 100 mm. Pamats veidots no 38 mm bieziem impregn\u0113tiem koka d\u0113\u013ciem, iepakotiem pl\u0113v\u0113. 4 mm biezs, pienbalt\u0101 kr\u0101s\u0101. 4 metrus gara loksne pieg\u0101d\u0101ta sarull\u0113ta; ru\u013c\u013ca garums 2100 mm, diametrs aptuveni 1 metrs. PVC tvertne ar 150 litru tilpumu, komplekt\u0101 ar du\u0161as uzgali.<\/p>\n","protected":false},"featured_media":11162,"comment_status":"open","ping_status":"closed","template":"","meta":{"_acf_changed":false},"product_brand":[],"product_cat":[1052],"product_tag":[],"class_list":{"0":"post-11401","1":"product","2":"type-product","3":"status-publish","4":"has-post-thumbnail","6":"product_cat-majai-darzam","7":"product_shipping_class-os-lv","9":"first","10":"instock","11":"taxable","12":"shipping-taxable","13":"purchasable","14":"product-type-simple"},"composite_layout":"","composite_add_to_cart_form_location":"","composite_editable_in_cart":false,"composite_sold_individually_context":"","composite_shop_price_calc":"","composite_components":[],"composite_scenarios":[],"acf":[],"jetpack_sharing_enabled":true,"_links":{"self":[{"href":"https:\/\/madeinlatvia.eu\/lv\/wp-json\/wp\/v2\/product\/11401","targetHints":{"allow":["GET"]}}],"collection":[{"href":"https:\/\/madeinlatvia.eu\/lv\/wp-json\/wp\/v2\/product"}],"about":[{"href":"https:\/\/madeinlatvia.eu\/lv\/wp-json\/wp\/v2\/types\/product"}],"replies":[{"embeddable":true,"href":"https:\/\/madeinlatvia.eu\/lv\/wp-json\/wp\/v2\/comments?post=11401"}],"wp:featuredmedia":[{"embeddable":true,"href":"https:\/\/madeinlatvia.eu\/lv\/wp-json\/wp\/v2\/media\/11162"}],"wp:attachment":[{"href":"https:\/\/madeinlatvia.eu\/lv\/wp-json\/wp\/v2\/media?parent=11401"}],"wp:term":[{"taxonomy":"product_brand","embeddable":true,"href":"https:\/\/madeinlatvia.eu\/lv\/wp-json\/wp\/v2\/product_brand?post=11401"},{"taxonomy":"product_cat","embeddable":true,"href":"https:\/\/madeinlatvia.eu\/lv\/wp-json\/wp\/v2\/product_cat?post=11401"},{"taxonomy":"product_tag","embeddable":true,"href":"https:\/\/madeinlatvia.eu\/lv\/wp-json\/wp\/v2\/product_tag?post=11401"}],"curies":[{"name":"wp","href":"https:\/\/api.w.org\/{rel}","templated":true}]}}