{"id":11358,"date":"2025-11-28T15:46:31","date_gmt":"2025-11-28T12:46:31","guid":{"rendered":"https:\/\/madeinlatvia.eu\/?post_type=product&#038;p=11358"},"modified":"2025-11-28T20:08:20","modified_gmt":"2025-11-28T17:08:20","slug":"siltumnica-4x4m","status":"publish","type":"product","link":"https:\/\/madeinlatvia.eu\/lv\/produkts\/siltumnica-4x4m\/","title":{"rendered":"Siltumn\u012bca 4 x 4 m"},"content":{"rendered":"<table>\n<tbody>\n<tr>\n<td>Platums<\/td>\n<td>4 m<\/td>\n<\/tr>\n<tr>\n<td>Garums<\/td>\n<td>4 m vai 6 m, 8 m un vair\u0101k<\/td>\n<\/tr>\n<tr>\n<td>Sienas augstums<\/td>\n<td>1,7 m<\/td>\n<\/tr>\n<tr>\n<td>Kores augstums<\/td>\n<td>2,6 m<\/td>\n<\/tr>\n<tr>\n<td>Pagarin\u0101juma garums<\/td>\n<td>1,98 m<\/td>\n<\/tr>\n<\/tbody>\n<\/table>\n","protected":false},"excerpt":{"rendered":"<p>Siltumn\u012bca rad\u012bta cilv\u0113kiem, kuriem d\u0101rzkop\u012bba ir vair\u0101k nek\u0101 va\u013casprieks. 4 metru platums nodro\u0161ina liel\u0101ku lietder\u012bgo telpu, padarot to piem\u0113rotu ar\u012b zemniekiem un m\u0101jra\u017eot\u0101jiem.<br \/>\nSiltumn\u012bcas karkass izgatavots no 40 \u00d7 40 mm cinkota t\u0113rauda profila, kas nodro\u0161ina augstu korozijas iztur\u012bbu. Abos galos ier\u012bkotas durvis ar v\u0113dlogiem. Karkass tiek pieg\u0101d\u0101ts izjaukt\u0101 veid\u0101, kas padara transport\u0113\u0161anu vienk\u0101r\u0161u. Standarta komplekt\u0101cij\u0101 iek\u013cauts 4 mm biezs polikarbon\u0101ts, kas nodro\u0161ina pietiekamu iztur\u012bbu un siltumizol\u0101ciju sezonas siltumn\u012bcai. P\u0113c izv\u0113les iesp\u0113jams uzst\u0101d\u012bt biez\u0101ku polikarbon\u0101tu: 6, 8, 10 vai pat 16 mm.<\/p>\n<p>Komplekt\u0101cij\u0101:<br \/>\n\u25e6 Izjaukts siltumn\u012bcas karkass, iepakots piec\u0101s kast\u0113s (liel\u0101k\u0101s kastes izm\u0113rs \u2013 2160 \u00d7 330 \u00d7 100 mm);<br \/>\n\u25e6 4 mm biezs \u0161\u016bnu polikarbon\u0101ts, sarull\u0113ts rull\u012b (platums 2,1 m, loksnes garums 6 m x 4 + 4.4 m, ru\u013c\u013ca diametrs apt. 1 m);<br \/>\n\u25e6 Papildus elementi un furnit\u016bra: kores, rokturi, \u0101\u0137i, e\u0146\u0123es, skr\u016bves, papl\u0101ksnes.<\/p>\n<p>Pagarin\u0101juma komplekt\u0101cij\u0101:<br \/>\n\u25e6 Izjaukts siltumn\u012bcas karkass, iepakots divas kast\u0113s (liel\u0101k\u0101s kastes izm\u0113rs \u2013 2160 \u00d7 330 \u00d7 100 mm);<br \/>\n\u25e6 4 mm biezs \u0161\u016bnu polikarbon\u0101ts, sarull\u0113ts rull\u012b (platums 2,1 m, loksnes garums 6 + 2.2 m, ru\u013c\u013ca diametrs apt. 1 m);<br \/>\n\u25e6 Papildus elementi un furnit\u016bra: kores, rokturi, \u0101\u0137i, e\u0146\u0123es, skr\u016bves, papl\u0101ksnes.<\/p>\n<p>(!) Siltumn\u012bca paredz\u0113ta uzst\u0101d\u012b\u0161anai uz pamata. Pamats komplekt\u0101cij\u0101 nav iek\u013cauts.<\/p>\n","protected":false},"featured_media":11141,"comment_status":"open","ping_status":"closed","template":"","meta":{"_acf_changed":false},"product_brand":[],"product_cat":[1049],"product_tag":[],"class_list":{"0":"post-11358","1":"product","2":"type-product","3":"status-publish","4":"has-post-thumbnail","6":"product_cat-siltumnicas","7":"product_shipping_class-os-lv","9":"first","10":"instock","11":"taxable","12":"shipping-taxable","13":"purchasable","14":"product-type-variable","15":"has-default-attributes"},"composite_layout":"","composite_add_to_cart_form_location":"","composite_editable_in_cart":false,"composite_sold_individually_context":"","composite_shop_price_calc":"","composite_components":[],"composite_scenarios":[],"acf":[],"jetpack_sharing_enabled":true,"_links":{"self":[{"href":"https:\/\/madeinlatvia.eu\/lv\/wp-json\/wp\/v2\/product\/11358","targetHints":{"allow":["GET"]}}],"collection":[{"href":"https:\/\/madeinlatvia.eu\/lv\/wp-json\/wp\/v2\/product"}],"about":[{"href":"https:\/\/madeinlatvia.eu\/lv\/wp-json\/wp\/v2\/types\/product"}],"replies":[{"embeddable":true,"href":"https:\/\/madeinlatvia.eu\/lv\/wp-json\/wp\/v2\/comments?post=11358"}],"wp:featuredmedia":[{"embeddable":true,"href":"https:\/\/madeinlatvia.eu\/lv\/wp-json\/wp\/v2\/media\/11141"}],"wp:attachment":[{"href":"https:\/\/madeinlatvia.eu\/lv\/wp-json\/wp\/v2\/media?parent=11358"}],"wp:term":[{"taxonomy":"product_brand","embeddable":true,"href":"https:\/\/madeinlatvia.eu\/lv\/wp-json\/wp\/v2\/product_brand?post=11358"},{"taxonomy":"product_cat","embeddable":true,"href":"https:\/\/madeinlatvia.eu\/lv\/wp-json\/wp\/v2\/product_cat?post=11358"},{"taxonomy":"product_tag","embeddable":true,"href":"https:\/\/madeinlatvia.eu\/lv\/wp-json\/wp\/v2\/product_tag?post=11358"}],"curies":[{"name":"wp","href":"https:\/\/api.w.org\/{rel}","templated":true}]}}