{"id":11230,"date":"2025-11-20T15:30:35","date_gmt":"2025-11-20T12:30:35","guid":{"rendered":"https:\/\/madeinlatvia.eu\/?post_type=product&#038;p=11230"},"modified":"2025-11-21T13:55:28","modified_gmt":"2025-11-21T10:55:28","slug":"siltumnica-pie-sienas","status":"publish","type":"product","link":"https:\/\/madeinlatvia.eu\/lv\/produkts\/siltumnica-pie-sienas\/","title":{"rendered":"Siltumn\u012bca pie sienas 1,5 x 4 m"},"content":{"rendered":"<table>\n<tbody>\n<tr>\n<td>Platums<\/td>\n<td>1,5 m<\/td>\n<\/tr>\n<tr>\n<td>Garums<\/td>\n<td>4 m<\/td>\n<\/tr>\n<tr>\n<td>Sienas augstums<\/td>\n<td>1,5 m<\/td>\n<\/tr>\n<tr>\n<td>Kores augstums<\/td>\n<td>2 m<\/td>\n<\/tr>\n<tr>\n<td>Durvis<\/td>\n<td>1 gab<\/td>\n<\/tr>\n<tr>\n<td>V\u0113dlogi<\/td>\n<td>2 gab<\/td>\n<\/tr>\n<\/tbody>\n<\/table>\n","protected":false},"excerpt":{"rendered":"<p>Siltumn\u012bcas karkass izgatavots no 40 \u00d7 40 mm cinkota t\u0113rauda profila, kas nodro\u0161ina augstu korozijas iztur\u012bbu. Vien\u0101 gal\u0101 ir durvis ar v\u0113dlogu, bet otr\u0101 gal\u0101 \u2014 v\u0113dlogs bez durv\u012bm. Karkass tiek pieg\u0101d\u0101ts izjaukt\u0101 veid\u0101, kas padara transport\u0113\u0161anu vienk\u0101r\u0161u.<br \/>\nStandarta komplekt\u0101cij\u0101 iek\u013cauts 4 mm biezs polikarbon\u0101ts, kas nodro\u0161ina pietiekamu iztur\u012bbu un siltumizol\u0101ciju sezonas siltumn\u012bcai. P\u0113c izv\u0113les iesp\u0113jams uzst\u0101d\u012bt biez\u0101ku polikarbon\u0101tu: 6, 8, 10 vai pat 16 mm.<\/p>\n<p>(!) Siltumn\u012bca paredz\u0113ta uzst\u0101d\u012b\u0161anai uz pamata. Pamats komplekt\u0101cij\u0101 nav iek\u013cauts.<\/p>\n","protected":false},"featured_media":11105,"comment_status":"open","ping_status":"closed","template":"","meta":{"_acf_changed":false},"product_brand":[],"product_cat":[1049],"product_tag":[],"class_list":{"0":"post-11230","1":"product","2":"type-product","3":"status-publish","4":"has-post-thumbnail","6":"product_cat-siltumnicas","7":"product_shipping_class-os-lv","9":"first","10":"instock","11":"taxable","12":"shipping-taxable","13":"purchasable","14":"product-type-simple"},"composite_layout":"","composite_add_to_cart_form_location":"","composite_editable_in_cart":false,"composite_sold_individually_context":"","composite_shop_price_calc":"","composite_components":[],"composite_scenarios":[],"acf":[],"jetpack_sharing_enabled":true,"_links":{"self":[{"href":"https:\/\/madeinlatvia.eu\/lv\/wp-json\/wp\/v2\/product\/11230","targetHints":{"allow":["GET"]}}],"collection":[{"href":"https:\/\/madeinlatvia.eu\/lv\/wp-json\/wp\/v2\/product"}],"about":[{"href":"https:\/\/madeinlatvia.eu\/lv\/wp-json\/wp\/v2\/types\/product"}],"replies":[{"embeddable":true,"href":"https:\/\/madeinlatvia.eu\/lv\/wp-json\/wp\/v2\/comments?post=11230"}],"wp:featuredmedia":[{"embeddable":true,"href":"https:\/\/madeinlatvia.eu\/lv\/wp-json\/wp\/v2\/media\/11105"}],"wp:attachment":[{"href":"https:\/\/madeinlatvia.eu\/lv\/wp-json\/wp\/v2\/media?parent=11230"}],"wp:term":[{"taxonomy":"product_brand","embeddable":true,"href":"https:\/\/madeinlatvia.eu\/lv\/wp-json\/wp\/v2\/product_brand?post=11230"},{"taxonomy":"product_cat","embeddable":true,"href":"https:\/\/madeinlatvia.eu\/lv\/wp-json\/wp\/v2\/product_cat?post=11230"},{"taxonomy":"product_tag","embeddable":true,"href":"https:\/\/madeinlatvia.eu\/lv\/wp-json\/wp\/v2\/product_tag?post=11230"}],"curies":[{"name":"wp","href":"https:\/\/api.w.org\/{rel}","templated":true}]}}