{"id":11040,"date":"2025-04-22T14:31:28","date_gmt":"2025-04-22T11:31:28","guid":{"rendered":"https:\/\/madeinlatvia.eu\/?post_type=product&#038;p=11040"},"modified":"2026-01-07T22:51:09","modified_gmt":"2026-01-07T19:51:09","slug":"koka-balansa-ritenis-choppy-zals","status":"publish","type":"product","link":"https:\/\/madeinlatvia.eu\/lv\/produkts\/koka-balansa-ritenis-choppy-zals\/","title":{"rendered":"Koka balansa ritenis Choppy za\u013c\u0161"},"content":{"rendered":"<table>\n<tbody>\n<tr>\n<td>S\u0113dekl\u012b\u0161a augstums<\/td>\n<td>regul\u0113jams 31, 35 vai 39 cm<\/td>\n<\/tr>\n<tr>\n<td>St\u016bres augstums<\/td>\n<td>regul\u0113jams 44 vai 46 cm<\/td>\n<\/tr>\n<tr>\n<td>Rite\u0146a svars<\/td>\n<td>maz\u0101k nek\u0101 3 kg<\/td>\n<\/tr>\n<tr>\n<td>Iepakojuma\u00a0izm\u0113rs<\/td>\n<td>60 \u00d7 10 \u00d7 49 cm<\/td>\n<\/tr>\n<\/tbody>\n<\/table>\n","protected":false},"excerpt":{"rendered":"<p>Est\u0113tisks un funkcion\u0101ls dizains, izcili materi\u0101li un \u0101tra mont\u0101\u017ea bez instrumentiem. Ide\u0101ls pirmais balansa ritenis 1-4 gadus veciem b\u0113rniem. Komplekt\u0101 ir Choppy ritenis, iepakojums\/sp\u0113le, pam\u0101c\u012bba un uzl\u012bmes.<\/p>\n<p>Koka l\u012bdzsvara riten\u012btim Choppy ir inovat\u012bvs un ilgtsp\u0113j\u012bgs dizains, tas paredz\u0113ts b\u0113rniem no 1 l\u012bdz 4 gadu vecumam. Tas ra\u017eots no lieliska viet\u0113j\u0101 kokmateri\u0101la \u2013 finier\u0113ta b\u0113rza sapl\u0101k\u0161\u0146a, to var salikt k\u0101 konstruktoru vai sp\u0113\u013cu kluc\u012b\u0161us, neizmantojot nevienu instrumentu! Choppy var piel\u0101got maz\u0101 brauc\u0113ja augumam: main\u012bt s\u0113dekl\u012b\u0161a augstumu (31, 35 vai 39 cm), izv\u0113l\u0113ties vienu no diviem st\u016bres augstuma variantiem (44 vai 46 cm). Amortiz\u0113jo\u0161ais s\u0113dekl\u012btis sarg\u0101s b\u0113rna muguru. L\u012bdzsvara ritenis ir viegls \u2013 tas sver maz\u0101k nek\u0101 3 kg.<br \/>\nB\u0113rna rota\u013c\u0101m ir izmantojams ar\u012b Choppy \u012bpa\u0161\u0101 dizaina iepakojums &#8211; iek\u0161\u0113j\u0101 kaste veidota k\u0101 piedz\u012bvojumu trase ar z\u012bm\u0113jumiem. T\u0101 ir izgatavota no kartona ar FSC sertifik\u0101tu un savienota, neizmantojot l\u012bmi.<\/p>\n","protected":false},"featured_media":11027,"comment_status":"open","ping_status":"closed","template":"","meta":{"_acf_changed":false},"product_brand":[],"product_cat":[1045],"product_tag":[],"class_list":{"0":"post-11040","1":"product","2":"type-product","3":"status-publish","4":"has-post-thumbnail","6":"product_cat-balansa-riteni","7":"product_shipping_class-3-5-lv-2","9":"first","10":"instock","11":"taxable","12":"shipping-taxable","13":"purchasable","14":"product-type-simple"},"composite_layout":"","composite_add_to_cart_form_location":"","composite_editable_in_cart":false,"composite_sold_individually_context":"","composite_shop_price_calc":"","composite_components":[],"composite_scenarios":[],"acf":[],"jetpack_sharing_enabled":true,"_links":{"self":[{"href":"https:\/\/madeinlatvia.eu\/lv\/wp-json\/wp\/v2\/product\/11040","targetHints":{"allow":["GET"]}}],"collection":[{"href":"https:\/\/madeinlatvia.eu\/lv\/wp-json\/wp\/v2\/product"}],"about":[{"href":"https:\/\/madeinlatvia.eu\/lv\/wp-json\/wp\/v2\/types\/product"}],"replies":[{"embeddable":true,"href":"https:\/\/madeinlatvia.eu\/lv\/wp-json\/wp\/v2\/comments?post=11040"}],"wp:featuredmedia":[{"embeddable":true,"href":"https:\/\/madeinlatvia.eu\/lv\/wp-json\/wp\/v2\/media\/11027"}],"wp:attachment":[{"href":"https:\/\/madeinlatvia.eu\/lv\/wp-json\/wp\/v2\/media?parent=11040"}],"wp:term":[{"taxonomy":"product_brand","embeddable":true,"href":"https:\/\/madeinlatvia.eu\/lv\/wp-json\/wp\/v2\/product_brand?post=11040"},{"taxonomy":"product_cat","embeddable":true,"href":"https:\/\/madeinlatvia.eu\/lv\/wp-json\/wp\/v2\/product_cat?post=11040"},{"taxonomy":"product_tag","embeddable":true,"href":"https:\/\/madeinlatvia.eu\/lv\/wp-json\/wp\/v2\/product_tag?post=11040"}],"curies":[{"name":"wp","href":"https:\/\/api.w.org\/{rel}","templated":true}]}}