{"id":10946,"date":"2025-01-06T01:23:34","date_gmt":"2025-01-05T22:23:35","guid":{"rendered":"https:\/\/madeinlatvia.eu\/?post_type=product&#038;p=10946"},"modified":"2025-01-06T01:53:47","modified_gmt":"2025-01-05T22:53:47","slug":"tamboreta-krasaina-moheras-cepure-pukaina-tekstura","status":"publish","type":"product","link":"https:\/\/madeinlatvia.eu\/lv\/produkts\/tamboreta-krasaina-moheras-cepure-pukaina-tekstura\/","title":{"rendered":"Tambor\u0113ta kr\u0101saina moh\u0113ras cepure ar p\u016bkainu tekst\u016bru"},"content":{"rendered":"<table>\n<tbody>\n<tr>\n<td>Materi\u0101ls<\/td>\n<td>Alpakas vilna, vilna, moh\u0113ra, z\u012bds<\/td>\n<\/tr>\n<tr>\n<td>Izm\u0113rs<\/td>\n<td>Galvas apk\u0101rtm\u0113ram 55 &#8211; 58 cm<\/td>\n<\/tr>\n<tr>\n<td>Kop\u0161ana<\/td>\n<td>Ieteicama saudz\u012bga mazg\u0101\u0161ana ar rok\u0101m un \u017e\u0101v\u0113\u0161ana izkl\u0101t\u0101 veid\u0101<\/td>\n<\/tr>\n<\/tbody>\n<\/table>\n","protected":false},"excerpt":{"rendered":"<p>\u0160\u012b cepure, kas izgatavota no alpaka vilnas, moh\u0113ras un z\u012bda, nodro\u0161ina unik\u0101lu siltuma un grezn\u012bbas kombin\u0101ciju. Cepures izm\u0113rs ir piem\u0113rots galvas apk\u0101rtm\u0113ram 55-58 cm, kas garant\u0113 \u0113rtu un komfortablu lieto\u0161anu pat aukst\u0101kaj\u0101s dien\u0101s. Moh\u0113ra pie\u0161\u0137ir cepurei papildu p\u016bkain\u012bbu, bet z\u012bds pie\u0161\u0137ir izstr\u0101d\u0101jumam gludumu un izsmalcin\u0101tu izskatu.<\/p>\n<p>\u25e6 100% roku darbs;<br \/>\n\u25e6 Alpaka vilna, vilna, moh\u0113ra, z\u012bds;<br \/>\n\u25e6 Galvas apk\u0101rtm\u0113ram 55 &#8211; 58 cm;<br \/>\n\u25e6 P\u016bkaina, gluda un maiga.<\/p>\n","protected":false},"featured_media":10783,"comment_status":"open","ping_status":"closed","template":"","meta":{"_acf_changed":false},"product_brand":[],"product_cat":[979],"product_tag":[],"class_list":{"0":"post-10946","1":"product","2":"type-product","3":"status-publish","4":"has-post-thumbnail","6":"product_cat-aditas-drebes","8":"first","9":"instock","10":"taxable","11":"shipping-taxable","12":"purchasable","13":"product-type-variable","14":"has-default-attributes"},"composite_layout":"","composite_add_to_cart_form_location":"","composite_editable_in_cart":false,"composite_sold_individually_context":"","composite_shop_price_calc":"","composite_components":[],"composite_scenarios":[],"acf":[],"jetpack_sharing_enabled":true,"_links":{"self":[{"href":"https:\/\/madeinlatvia.eu\/lv\/wp-json\/wp\/v2\/product\/10946","targetHints":{"allow":["GET"]}}],"collection":[{"href":"https:\/\/madeinlatvia.eu\/lv\/wp-json\/wp\/v2\/product"}],"about":[{"href":"https:\/\/madeinlatvia.eu\/lv\/wp-json\/wp\/v2\/types\/product"}],"replies":[{"embeddable":true,"href":"https:\/\/madeinlatvia.eu\/lv\/wp-json\/wp\/v2\/comments?post=10946"}],"wp:featuredmedia":[{"embeddable":true,"href":"https:\/\/madeinlatvia.eu\/lv\/wp-json\/wp\/v2\/media\/10783"}],"wp:attachment":[{"href":"https:\/\/madeinlatvia.eu\/lv\/wp-json\/wp\/v2\/media?parent=10946"}],"wp:term":[{"taxonomy":"product_brand","embeddable":true,"href":"https:\/\/madeinlatvia.eu\/lv\/wp-json\/wp\/v2\/product_brand?post=10946"},{"taxonomy":"product_cat","embeddable":true,"href":"https:\/\/madeinlatvia.eu\/lv\/wp-json\/wp\/v2\/product_cat?post=10946"},{"taxonomy":"product_tag","embeddable":true,"href":"https:\/\/madeinlatvia.eu\/lv\/wp-json\/wp\/v2\/product_tag?post=10946"}],"curies":[{"name":"wp","href":"https:\/\/api.w.org\/{rel}","templated":true}]}}