{"id":10920,"date":"2025-01-06T00:27:38","date_gmt":"2025-01-05T21:27:38","guid":{"rendered":"https:\/\/madeinlatvia.eu\/?post_type=product&#038;p=10920"},"modified":"2025-01-06T01:21:08","modified_gmt":"2025-01-05T22:21:08","slug":"tamboreta-alpaku-vilnas-cepure","status":"publish","type":"product","link":"https:\/\/madeinlatvia.eu\/lv\/produkts\/tamboreta-alpaku-vilnas-cepure\/","title":{"rendered":"Tambor\u0113ta alpaku vilnas cepure"},"content":{"rendered":"<table>\n<tbody>\n<tr>\n<td>Materi\u0101ls<\/td>\n<td>Alpakas vilna, vilna<\/td>\n<\/tr>\n<tr>\n<td>Izm\u0113rs<\/td>\n<td>Galvas apk\u0101rtm\u0113ram 54 &#8211; 56 cm<\/td>\n<\/tr>\n<tr>\n<td>Kop\u0161ana<\/td>\n<td>Ieteicama saudz\u012bga mazg\u0101\u0161ana ar rok\u0101m un \u017e\u0101v\u0113\u0161ana izkl\u0101t\u0101 veid\u0101<\/td>\n<\/tr>\n<\/tbody>\n<\/table>\n","protected":false},"excerpt":{"rendered":"<p>\u0160\u012b cepure, kas izgatavota no alpaka vilnas un parast\u0101s vilnas, nodro\u0161ina nep\u0101rsp\u0113jamu siltumu un maigumu, padarot to ide\u0101lu ziemas sezonai. Cepures izm\u0113rs ir piem\u0113rots galvas apk\u0101rtm\u0113ram 54-56 cm, kas garant\u0113 \u0113rtu un komfortablu lieto\u0161anu pat aukst\u0101kaj\u0101s dien\u0101s. Alpaka vilna padara cepuri maigu, vieglu un pat\u012bkamu uz tausti, savuk\u0101rt parast\u0101 vilna pie\u0161\u0137ir iztur\u012bbu un notur formu.<\/p>\n<p>\u25e6 100% roku darbs;<br \/>\n\u25e6 Alpakas vilna, vilna;<br \/>\n\u25e6 Galvas apk\u0101rtm\u0113ram 54 &#8211; 56 cm;<br \/>\n\u25e6 Maiga, silta un viegla.<\/p>\n","protected":false},"featured_media":10768,"comment_status":"open","ping_status":"closed","template":"","meta":{"_acf_changed":false},"product_brand":[],"product_cat":[979],"product_tag":[],"class_list":{"0":"post-10920","1":"product","2":"type-product","3":"status-publish","4":"has-post-thumbnail","6":"product_cat-aditas-drebes","8":"first","9":"instock","10":"taxable","11":"shipping-taxable","12":"purchasable","13":"product-type-variable"},"composite_layout":"","composite_add_to_cart_form_location":"","composite_editable_in_cart":false,"composite_sold_individually_context":"","composite_shop_price_calc":"","composite_components":[],"composite_scenarios":[],"acf":[],"jetpack_sharing_enabled":true,"_links":{"self":[{"href":"https:\/\/madeinlatvia.eu\/lv\/wp-json\/wp\/v2\/product\/10920","targetHints":{"allow":["GET"]}}],"collection":[{"href":"https:\/\/madeinlatvia.eu\/lv\/wp-json\/wp\/v2\/product"}],"about":[{"href":"https:\/\/madeinlatvia.eu\/lv\/wp-json\/wp\/v2\/types\/product"}],"replies":[{"embeddable":true,"href":"https:\/\/madeinlatvia.eu\/lv\/wp-json\/wp\/v2\/comments?post=10920"}],"wp:featuredmedia":[{"embeddable":true,"href":"https:\/\/madeinlatvia.eu\/lv\/wp-json\/wp\/v2\/media\/10768"}],"wp:attachment":[{"href":"https:\/\/madeinlatvia.eu\/lv\/wp-json\/wp\/v2\/media?parent=10920"}],"wp:term":[{"taxonomy":"product_brand","embeddable":true,"href":"https:\/\/madeinlatvia.eu\/lv\/wp-json\/wp\/v2\/product_brand?post=10920"},{"taxonomy":"product_cat","embeddable":true,"href":"https:\/\/madeinlatvia.eu\/lv\/wp-json\/wp\/v2\/product_cat?post=10920"},{"taxonomy":"product_tag","embeddable":true,"href":"https:\/\/madeinlatvia.eu\/lv\/wp-json\/wp\/v2\/product_tag?post=10920"}],"curies":[{"name":"wp","href":"https:\/\/api.w.org\/{rel}","templated":true}]}}