{"id":10910,"date":"2025-01-06T00:04:55","date_gmt":"2025-01-05T21:04:55","guid":{"rendered":"https:\/\/madeinlatvia.eu\/?post_type=product&#038;p=10910"},"modified":"2025-01-06T00:25:18","modified_gmt":"2025-01-05T21:25:18","slug":"tamboreta-moheras-galvas-lente-duraini","status":"publish","type":"product","link":"https:\/\/madeinlatvia.eu\/lv\/produkts\/tamboreta-moheras-galvas-lente-duraini\/","title":{"rendered":"Tambor\u0113ta moh\u0113ras galvas lente un d\u016brai\u0146i"},"content":{"rendered":"<table>\n<tbody>\n<tr>\n<td>Materi\u0101ls<\/td>\n<td>Mer\u012bnvilna, moh\u0113ra, z\u012bds<\/td>\n<\/tr>\n<tr>\n<td>Galvas lentes izm\u0113rs<\/td>\n<td>Galvas apk\u0101rtm\u0113rs 54 &#8211; 56 cm<\/td>\n<\/tr>\n<tr>\n<td>Cimdu izm\u0113rs<\/td>\n<td>Roku apk\u0101rtm\u0113rs 18 &#8211; 20 cm<\/td>\n<\/tr>\n<tr>\n<td>Kop\u0161ana<\/td>\n<td>Ieteicama saudz\u012bga mazg\u0101\u0161ana ar rok\u0101m un \u017e\u0101v\u0113\u0161ana izkl\u0101t\u0101 veid\u0101<\/td>\n<\/tr>\n<\/tbody>\n<\/table>\n","protected":false},"excerpt":{"rendered":"<p>Izbaudiet ide\u0101lu stila un \u0113rt\u012bbas apvienojumu ar m\u016bsu komplektu, kas ietver galvas lentu un bezpirkstu cimdus, kas izgatavoti no mer\u012bnvilnas, moh\u0113ras un z\u012bda. Mer\u012bnvilna nodro\u0161ina siltumu un maigumu, savuk\u0101rt moh\u0113ra pie\u0161\u0137ir p\u016bkain\u012bbu un tekst\u016bru. Z\u012bds pie\u0161\u0137ir izstr\u0101d\u0101jumiem gludumu un izsmalcin\u0101tu izskatu, radot harmonisku un elegantu t\u0113lu.<\/p>\n<p>\u25e6 100% roku darbs;<br \/>\n\u25e6 Mer\u012bnvilna, moh\u0113ra, z\u012bds;<br \/>\n\u25e6 Galvas lente un bezpirkstu cimdi stil\u012bgam un siltam izskatam;<br \/>\n\u25e6 Maiga un gluda;<br \/>\n\u25e6 Galvas apk\u0101rtm\u0113rs 54-56 cm;<br \/>\n\u25e6 Roku apk\u0101rtm\u0113rs 18 &#8211; 20 cm.<\/p>\n<p>\u0160is komplekts ir ide\u0101li piem\u0113rots ziemas sezonai, saglab\u0101jot siltumu un nodro\u0161inot komfortu aukstaj\u0101s dien\u0101s. Bezpirkstu cimdi \u013cauj saglab\u0101t pirkstu kust\u012bbas br\u012bv\u012bbu, padarot \u0161o komplektu funkcion\u0101lu un modernu j\u016bsu garderobes papildin\u0101jumu.<\/p>\n","protected":false},"featured_media":10762,"comment_status":"open","ping_status":"closed","template":"","meta":{"_acf_changed":false},"product_brand":[],"product_cat":[979],"product_tag":[],"class_list":{"0":"post-10910","1":"product","2":"type-product","3":"status-publish","4":"has-post-thumbnail","6":"product_cat-aditas-drebes","7":"product_shipping_class-0-3-lv-2","9":"first","10":"instock","11":"taxable","12":"shipping-taxable","13":"purchasable","14":"product-type-simple"},"composite_layout":"","composite_add_to_cart_form_location":"","composite_editable_in_cart":false,"composite_sold_individually_context":"","composite_shop_price_calc":"","composite_components":[],"composite_scenarios":[],"acf":[],"jetpack_sharing_enabled":true,"_links":{"self":[{"href":"https:\/\/madeinlatvia.eu\/lv\/wp-json\/wp\/v2\/product\/10910","targetHints":{"allow":["GET"]}}],"collection":[{"href":"https:\/\/madeinlatvia.eu\/lv\/wp-json\/wp\/v2\/product"}],"about":[{"href":"https:\/\/madeinlatvia.eu\/lv\/wp-json\/wp\/v2\/types\/product"}],"replies":[{"embeddable":true,"href":"https:\/\/madeinlatvia.eu\/lv\/wp-json\/wp\/v2\/comments?post=10910"}],"wp:featuredmedia":[{"embeddable":true,"href":"https:\/\/madeinlatvia.eu\/lv\/wp-json\/wp\/v2\/media\/10762"}],"wp:attachment":[{"href":"https:\/\/madeinlatvia.eu\/lv\/wp-json\/wp\/v2\/media?parent=10910"}],"wp:term":[{"taxonomy":"product_brand","embeddable":true,"href":"https:\/\/madeinlatvia.eu\/lv\/wp-json\/wp\/v2\/product_brand?post=10910"},{"taxonomy":"product_cat","embeddable":true,"href":"https:\/\/madeinlatvia.eu\/lv\/wp-json\/wp\/v2\/product_cat?post=10910"},{"taxonomy":"product_tag","embeddable":true,"href":"https:\/\/madeinlatvia.eu\/lv\/wp-json\/wp\/v2\/product_tag?post=10910"}],"curies":[{"name":"wp","href":"https:\/\/api.w.org\/{rel}","templated":true}]}}