{"id":10900,"date":"2025-01-05T23:23:33","date_gmt":"2025-01-05T20:23:34","guid":{"rendered":"https:\/\/madeinlatvia.eu\/?post_type=product&#038;p=10900"},"modified":"2025-01-06T00:01:19","modified_gmt":"2025-01-05T21:01:19","slug":"tamboreta-moheras-galvas-lente-un-cimdi","status":"publish","type":"product","link":"https:\/\/madeinlatvia.eu\/lv\/produkts\/tamboreta-moheras-galvas-lente-un-cimdi\/","title":{"rendered":"Tambor\u0113ta moh\u0113ras galvas lente un cimdi"},"content":{"rendered":"<table>\n<tbody>\n<tr>\n<td>Materi\u0101ls<\/td>\n<td>Mer\u012bnvilna, moh\u0113ra, z\u012bds, l\u016brekss<\/td>\n<\/tr>\n<tr>\n<td>Galvas lentes izm\u0113rs<\/td>\n<td>Galvas apk\u0101rtm\u0113rs 54 &#8211; 56 cm<\/td>\n<\/tr>\n<tr>\n<td>Cimdu izm\u0113rs<\/td>\n<td>Roku apk\u0101rtm\u0113rs 18 &#8211; 20 cm<\/td>\n<\/tr>\n<tr>\n<td>Kop\u0161ana<\/td>\n<td>Ieteicama saudz\u012bga mazg\u0101\u0161ana ar rok\u0101m un \u017e\u0101v\u0113\u0161ana izkl\u0101t\u0101 veid\u0101<\/td>\n<\/tr>\n<\/tbody>\n<\/table>\n","protected":false},"excerpt":{"rendered":"<p>Nov\u0113rt\u0113jiet stila un komforta apvienojumu ar m\u016bsu komplektu, kas ietver galvas lentu un d\u016brai\u0146us, izgatavotus no mer\u012bnvilnas, moh\u0113ras, z\u012bda un papildin\u0101tus ar smalku l\u016breksu. Mer\u012bnvilna nodro\u0161ina siltumu un maigumu, bet moh\u0113ra pie\u0161\u0137ir vieglu p\u016bkain\u012bbu un tekst\u016bru. Z\u012bds pie\u0161\u0137ir izstr\u0101d\u0101jumiem gludumu, savuk\u0101rt l\u016brekss pievieno izsmalcin\u0101tu mirdzumu, izce\u013cot j\u016bsu eleganci.<\/p>\n<p>\u25e6 100% roku darbs;<br \/>\n\u25e6 Mer\u012bnvilna, moh\u0113ra, z\u012bds, l\u016brekss;<br \/>\n\u25e6 Galvas lente un d\u016brai\u0146i stil\u012bgam un siltam izskatam;<br \/>\n\u25e6 Maigas un gludas ar delik\u0101tu mirdzumu;<br \/>\n\u25e6 Galvas apk\u0101rtm\u0113rs 54-56 cm;<br \/>\n\u25e6 Roku apk\u0101rtm\u0113rs 18 &#8211; 20 cm.<\/p>\n<p>\u0160is komplekts ir ide\u0101li piem\u0113rots ziemas sezonai, nodro\u0161inot jums siltumu un pie\u0161\u0137irot eleganci j\u016bsu stilam. Smalkais l\u016breksa mirdzums padara \u0161o komplektu \u012bpa\u0161u, pie\u0161\u0137irot j\u016bsu izskatam izsmalcin\u0101t\u012bbu un svin\u012bgumu.<\/p>\n","protected":false},"featured_media":10756,"comment_status":"open","ping_status":"closed","template":"","meta":{"_acf_changed":false},"product_brand":[],"product_cat":[979],"product_tag":[],"class_list":{"0":"post-10900","1":"product","2":"type-product","3":"status-publish","4":"has-post-thumbnail","6":"product_cat-aditas-drebes","7":"product_shipping_class-0-3-lv-2","9":"first","10":"instock","11":"taxable","12":"shipping-taxable","13":"purchasable","14":"product-type-simple"},"composite_layout":"","composite_add_to_cart_form_location":"","composite_editable_in_cart":false,"composite_sold_individually_context":"","composite_shop_price_calc":"","composite_components":[],"composite_scenarios":[],"acf":[],"jetpack_sharing_enabled":true,"_links":{"self":[{"href":"https:\/\/madeinlatvia.eu\/lv\/wp-json\/wp\/v2\/product\/10900","targetHints":{"allow":["GET"]}}],"collection":[{"href":"https:\/\/madeinlatvia.eu\/lv\/wp-json\/wp\/v2\/product"}],"about":[{"href":"https:\/\/madeinlatvia.eu\/lv\/wp-json\/wp\/v2\/types\/product"}],"replies":[{"embeddable":true,"href":"https:\/\/madeinlatvia.eu\/lv\/wp-json\/wp\/v2\/comments?post=10900"}],"wp:featuredmedia":[{"embeddable":true,"href":"https:\/\/madeinlatvia.eu\/lv\/wp-json\/wp\/v2\/media\/10756"}],"wp:attachment":[{"href":"https:\/\/madeinlatvia.eu\/lv\/wp-json\/wp\/v2\/media?parent=10900"}],"wp:term":[{"taxonomy":"product_brand","embeddable":true,"href":"https:\/\/madeinlatvia.eu\/lv\/wp-json\/wp\/v2\/product_brand?post=10900"},{"taxonomy":"product_cat","embeddable":true,"href":"https:\/\/madeinlatvia.eu\/lv\/wp-json\/wp\/v2\/product_cat?post=10900"},{"taxonomy":"product_tag","embeddable":true,"href":"https:\/\/madeinlatvia.eu\/lv\/wp-json\/wp\/v2\/product_tag?post=10900"}],"curies":[{"name":"wp","href":"https:\/\/api.w.org\/{rel}","templated":true}]}}