{"id":10883,"date":"2025-01-05T21:28:03","date_gmt":"2025-01-05T18:28:10","guid":{"rendered":"https:\/\/madeinlatvia.eu\/?post_type=product&#038;p=10883"},"modified":"2025-01-05T22:42:50","modified_gmt":"2025-01-05T19:42:50","slug":"tamboreta-moheras-kapuce-pukaina-tekstura","status":"publish","type":"product","link":"https:\/\/madeinlatvia.eu\/lv\/produkts\/tamboreta-moheras-kapuce-pukaina-tekstura\/","title":{"rendered":"Tambor\u0113ta moh\u0113ras kapuce ar p\u016bkainu tekst\u016bru"},"content":{"rendered":"<table>\n<tbody>\n<tr>\n<td>Materi\u0101ls<\/td>\n<td>Kid moh\u0113ra, z\u012bds<\/td>\n<\/tr>\n<tr>\n<td>Izm\u0113rs<\/td>\n<td>Univers\u0101ls<\/td>\n<\/tr>\n<tr>\n<td>Kop\u0161ana<\/td>\n<td>Ieteicama saudz\u012bga mazg\u0101\u0161ana ar rok\u0101m un \u017e\u0101v\u0113\u0161ana izkl\u0101t\u0101 veid\u0101<\/td>\n<\/tr>\n<\/tbody>\n<\/table>\n","protected":false},"excerpt":{"rendered":"<p>\u0160\u012b cepure, kas veidota no kid-moh\u0113ras un z\u012bda, k\u013c\u016bs par \u012bstu izsmalcin\u0101t\u012bbas un siltuma simbolu j\u016bsu garderob\u0113. Smalkie kid-moh\u0113ras \u0161\u0137iedras nodro\u0161ina neticamu maigumu un vieglumu, kam\u0113r z\u012bds pie\u0161\u0137ir izstr\u0101d\u0101jumam iztur\u012bbu un \u012bpa\u0161u eleganci. Cepure ir apr\u012bkota ar \u0113rt\u0101m pog\u0101m, kas \u013cauj to viegli aizpog\u0101t un atpog\u0101t, nodro\u0161inot cie\u0161u piegul\u0161anu un uzticamu kakla aizsardz\u012bbu pret aukstumu.<\/p>\n<p>\u25e6 100% roku darbs;<br \/>\n\u25e6 Kid moh\u0113ra, z\u012bds;<br \/>\n\u25e6 Viegla, p\u016bkaina tekst\u016bra ar izsmalcin\u0101tu sp\u012bdumu;<br \/>\n\u25e6 Univers\u0101ls izm\u0113rs;<br \/>\n\u25e6 Pogas \u0113rtai aizpog\u0101\u0161anai un kakla aizsardz\u012bbai;<br \/>\n\u25e6 Ide\u0101li ikdienas n\u0113s\u0101\u0161anai, pastaig\u0101m svaig\u0101 gais\u0101 un k\u0101 izsmalcin\u0101ta d\u0101vana..<\/p>\n<p>\u0160\u012b cepure b\u016bs ide\u0101ls papildin\u0101jums j\u016bsu ziemas garderobei, pie\u0161\u0137irot grezn\u012bbu un siltumu salst\u0101kaj\u0101s dien\u0101s.<\/p>\n","protected":false},"featured_media":10735,"comment_status":"open","ping_status":"closed","template":"","meta":{"_acf_changed":false},"product_brand":[],"product_cat":[979],"product_tag":[],"class_list":{"0":"post-10883","1":"product","2":"type-product","3":"status-publish","4":"has-post-thumbnail","6":"product_cat-aditas-drebes","7":"product_shipping_class-0-3-lv-2","9":"first","10":"instock","11":"taxable","12":"shipping-taxable","13":"purchasable","14":"product-type-variable","15":"has-default-attributes"},"composite_layout":"","composite_add_to_cart_form_location":"","composite_editable_in_cart":false,"composite_sold_individually_context":"","composite_shop_price_calc":"","composite_components":[],"composite_scenarios":[],"acf":[],"jetpack_sharing_enabled":true,"_links":{"self":[{"href":"https:\/\/madeinlatvia.eu\/lv\/wp-json\/wp\/v2\/product\/10883","targetHints":{"allow":["GET"]}}],"collection":[{"href":"https:\/\/madeinlatvia.eu\/lv\/wp-json\/wp\/v2\/product"}],"about":[{"href":"https:\/\/madeinlatvia.eu\/lv\/wp-json\/wp\/v2\/types\/product"}],"replies":[{"embeddable":true,"href":"https:\/\/madeinlatvia.eu\/lv\/wp-json\/wp\/v2\/comments?post=10883"}],"wp:featuredmedia":[{"embeddable":true,"href":"https:\/\/madeinlatvia.eu\/lv\/wp-json\/wp\/v2\/media\/10735"}],"wp:attachment":[{"href":"https:\/\/madeinlatvia.eu\/lv\/wp-json\/wp\/v2\/media?parent=10883"}],"wp:term":[{"taxonomy":"product_brand","embeddable":true,"href":"https:\/\/madeinlatvia.eu\/lv\/wp-json\/wp\/v2\/product_brand?post=10883"},{"taxonomy":"product_cat","embeddable":true,"href":"https:\/\/madeinlatvia.eu\/lv\/wp-json\/wp\/v2\/product_cat?post=10883"},{"taxonomy":"product_tag","embeddable":true,"href":"https:\/\/madeinlatvia.eu\/lv\/wp-json\/wp\/v2\/product_tag?post=10883"}],"curies":[{"name":"wp","href":"https:\/\/api.w.org\/{rel}","templated":true}]}}