{"id":10867,"date":"2024-12-29T00:09:38","date_gmt":"2024-12-28T21:09:38","guid":{"rendered":"https:\/\/madeinlatvia.eu\/?post_type=product&#038;p=10867"},"modified":"2024-12-29T01:16:30","modified_gmt":"2024-12-28T22:16:30","slug":"sieviesu-ziemas-adita-udelu-vilnas-cepure","status":"publish","type":"product","link":"https:\/\/madeinlatvia.eu\/lv\/produkts\/sieviesu-ziemas-adita-udelu-vilnas-cepure\/","title":{"rendered":"Sievie\u0161u ziemas ad\u012bta \u016bde\u013cu vilnas cepure"},"content":{"rendered":"<table>\n<tbody>\n<tr>\n<td>Materi\u0101ls<\/td>\n<td>90% \u016bde\u013cu vilna, 10% poliam\u012bds<\/td>\n<\/tr>\n<tr>\n<td>Izm\u0113rs<\/td>\n<td>54 &#8211; 56 cm<\/td>\n<\/tr>\n<tr>\n<td>Kop\u0161ana<\/td>\n<td>ieteicama saudz\u012bga mazg\u0101\u0161ana ar rok\u0101m un \u017e\u0101v\u0113\u0161ana izkl\u0101t\u0101 veid\u0101<\/td>\n<\/tr>\n<\/tbody>\n<\/table>\n","protected":false},"excerpt":{"rendered":"<p>\u0160aj\u0101 ziem\u0101 izbaudiet izcilu komfortu ar m\u016bsu p\u016bkaino m\u012bksto cepuri, kas izgatavota no norka vilnas. \u0160\u012b cepure pied\u0101v\u0101 nep\u0101rsp\u0113jamu maigumu un siltumu, pateicoties dab\u012bgajam norka p\u016bkam, kas padara to neticami vieglu un gais\u012bgu. Neliels poliam\u012bda pievienojums palielina iztur\u012bbu un notur\u012bbu, saglab\u0101jot cepures ide\u0101lo izskatu pat bie\u017e\u0101s lieto\u0161anas laik\u0101. Katrs cepures gabals tiek izgatavots ar rok\u0101m, pie\u0161\u0137irot tam unik\u0101lu raksturu un \u012bpa\u0161u v\u0113rt\u012bbu.<\/p>\n<p>\u25e6 100% roku darbs;<br \/>\n\u25e6 90% \u016bde\u013cu vilna, 10% poliam\u012bds;<br \/>\n\u25e6 P\u016bkaina tekst\u016bra maksim\u0101lam komfortam un siltumam;<br \/>\n\u25e6 Paredz\u0113ts galvas apk\u0101rtm\u0113ram 54-56 cm;<br \/>\n\u25e6 Katrs cepures gabals tiek izgatavots ar rok\u0101m, pie\u0161\u0137irot tam \u012bpa\u0161u unik\u0101lu raksturu;<br \/>\n\u25e6 Ide\u0101li piem\u0113rota ikdienas n\u0113s\u0101\u0161anai, pastaig\u0101m svaig\u0101 gais\u0101 un k\u0101 grezna d\u0101vana.<\/p>\n<p>\u0160\u012b cepure ne tikai sild\u012bs j\u016bs vissalst\u0101kaj\u0101s dien\u0101s, bet ar\u012b pie\u0161\u0137irs j\u016bsu t\u0113rpam eleganci un izsmalcin\u0101t\u012bbu. Palutiniet sevi vai tuviniekus ar izcilu siltumu un stilu \u2013 t\u0101 ir ide\u0101la ziemas aksesu\u0101ru izv\u0113le!<\/p>\n","protected":false},"featured_media":10723,"comment_status":"open","ping_status":"closed","template":"","meta":{"_acf_changed":false},"product_brand":[],"product_cat":[979],"product_tag":[],"class_list":{"0":"post-10867","1":"product","2":"type-product","3":"status-publish","4":"has-post-thumbnail","6":"product_cat-aditas-drebes","7":"product_shipping_class-0-3-lv-2","9":"first","10":"instock","11":"taxable","12":"shipping-taxable","13":"purchasable","14":"product-type-variable","15":"has-default-attributes"},"composite_layout":"","composite_add_to_cart_form_location":"","composite_editable_in_cart":false,"composite_sold_individually_context":"","composite_shop_price_calc":"","composite_components":[],"composite_scenarios":[],"acf":[],"jetpack_sharing_enabled":true,"_links":{"self":[{"href":"https:\/\/madeinlatvia.eu\/lv\/wp-json\/wp\/v2\/product\/10867","targetHints":{"allow":["GET"]}}],"collection":[{"href":"https:\/\/madeinlatvia.eu\/lv\/wp-json\/wp\/v2\/product"}],"about":[{"href":"https:\/\/madeinlatvia.eu\/lv\/wp-json\/wp\/v2\/types\/product"}],"replies":[{"embeddable":true,"href":"https:\/\/madeinlatvia.eu\/lv\/wp-json\/wp\/v2\/comments?post=10867"}],"wp:featuredmedia":[{"embeddable":true,"href":"https:\/\/madeinlatvia.eu\/lv\/wp-json\/wp\/v2\/media\/10723"}],"wp:attachment":[{"href":"https:\/\/madeinlatvia.eu\/lv\/wp-json\/wp\/v2\/media?parent=10867"}],"wp:term":[{"taxonomy":"product_brand","embeddable":true,"href":"https:\/\/madeinlatvia.eu\/lv\/wp-json\/wp\/v2\/product_brand?post=10867"},{"taxonomy":"product_cat","embeddable":true,"href":"https:\/\/madeinlatvia.eu\/lv\/wp-json\/wp\/v2\/product_cat?post=10867"},{"taxonomy":"product_tag","embeddable":true,"href":"https:\/\/madeinlatvia.eu\/lv\/wp-json\/wp\/v2\/product_tag?post=10867"}],"curies":[{"name":"wp","href":"https:\/\/api.w.org\/{rel}","templated":true}]}}