{"id":10848,"date":"2024-12-28T22:51:57","date_gmt":"2024-12-28T19:51:57","guid":{"rendered":"https:\/\/madeinlatvia.eu\/?post_type=product&#038;p=10848"},"modified":"2024-12-29T00:02:28","modified_gmt":"2024-12-28T21:02:28","slug":"tamboreta-moheras-cepure-ar-pukainu-teksturu","status":"publish","type":"product","link":"https:\/\/madeinlatvia.eu\/lv\/produkts\/tamboreta-moheras-cepure-ar-pukainu-teksturu\/","title":{"rendered":"Tambor\u0113ta moh\u0113ras cepure ar p\u016bkainu tekst\u016bru"},"content":{"rendered":"<table>\n<tbody>\n<tr>\n<td>Materi\u0101ls<\/td>\n<td>merino vilna, kid moh\u0113ra, z\u012bds<\/td>\n<\/tr>\n<tr>\n<td>Izm\u0113rs<\/td>\n<td>54 &#8211; 56 cm<\/td>\n<\/tr>\n<tr>\n<td>Kop\u0161ana<\/td>\n<td>saudz\u012bga mazg\u0101\u0161ana ar rok\u0101m un \u017e\u0101v\u0113\u0161ana izkl\u0101t\u0101 veid\u0101, lai saglab\u0101tu kvalit\u0101ti<\/td>\n<\/tr>\n<\/tbody>\n<\/table>\n","protected":false},"excerpt":{"rendered":"<p>\u0160aj\u0101 ziem\u0101 baudiet siltumu un komfortu ar m\u016bsu elegantaj\u0101m merino vilnas, kid moh\u0113ras un z\u012bda cepuri. Roku darbs ar r\u016bp\u012bbu piev\u0113r\u0161ot uzman\u012bbu deta\u013c\u0101m, \u0161\u012b cepure apvieno lab\u0101k\u0101s dabisko materi\u0101lu \u012bpa\u0161\u012bbas: merino vilnas maigumu, kid moh\u0113ras p\u016bkain\u012bbu un z\u012bda vieglumu. \u0160\u0101ds sast\u0101vs padara cepuri ne tikai \u0101rk\u0101rt\u012bgi siltu, bet ar\u012b vieglu un pat\u012bkamu uz tausti.<\/p>\n<p>\u25e6 100% roku darbs;<br \/>\n\u25e6 Merino vilna, kid moh\u0113ra un z\u012bds;<br \/>\n\u25e6 Bl\u012bvs ad\u012bjums maksim\u0101lam siltumam un komfortam;<br \/>\n\u25e6 Paredz\u0113ts galvas apk\u0101rtm\u0113ram 54-56 cm;<br \/>\n\u25e6 Ide\u0101li piem\u0113rota ikdienas n\u0113s\u0101\u0161anai aukst\u0101 laik\u0101, pastaig\u0101m svaig\u0101 gais\u0101 un k\u0101 stil\u012bga d\u0101vana \u012bpa\u0161am cilv\u0113kam.<\/p>\n<p>\u0160\u012b cepure ir ide\u0101li piem\u0113rota aukst\u0101m ziemas dien\u0101m, pie\u0161\u0137irot j\u016bsu t\u0113rpam luksusa un elegances piesk\u0101rienu. Sniedziet sev vai saviem tuviniekiem siltumu un stilu \u2013 \u0161is ir ide\u0101ls aksesu\u0101rs jebkuram ziemas garderobei!<\/p>\n","protected":false},"featured_media":10720,"comment_status":"open","ping_status":"closed","template":"","meta":{"_acf_changed":false},"product_brand":[],"product_cat":[979],"product_tag":[],"class_list":{"0":"post-10848","1":"product","2":"type-product","3":"status-publish","4":"has-post-thumbnail","6":"product_cat-aditas-drebes","7":"product_shipping_class-0-3-lv-2","9":"first","10":"instock","11":"taxable","12":"shipping-taxable","13":"purchasable","14":"product-type-variable","15":"has-default-attributes"},"composite_layout":"","composite_add_to_cart_form_location":"","composite_editable_in_cart":false,"composite_sold_individually_context":"","composite_shop_price_calc":"","composite_components":[],"composite_scenarios":[],"acf":[],"jetpack_sharing_enabled":true,"_links":{"self":[{"href":"https:\/\/madeinlatvia.eu\/lv\/wp-json\/wp\/v2\/product\/10848","targetHints":{"allow":["GET"]}}],"collection":[{"href":"https:\/\/madeinlatvia.eu\/lv\/wp-json\/wp\/v2\/product"}],"about":[{"href":"https:\/\/madeinlatvia.eu\/lv\/wp-json\/wp\/v2\/types\/product"}],"replies":[{"embeddable":true,"href":"https:\/\/madeinlatvia.eu\/lv\/wp-json\/wp\/v2\/comments?post=10848"}],"wp:featuredmedia":[{"embeddable":true,"href":"https:\/\/madeinlatvia.eu\/lv\/wp-json\/wp\/v2\/media\/10720"}],"wp:attachment":[{"href":"https:\/\/madeinlatvia.eu\/lv\/wp-json\/wp\/v2\/media?parent=10848"}],"wp:term":[{"taxonomy":"product_brand","embeddable":true,"href":"https:\/\/madeinlatvia.eu\/lv\/wp-json\/wp\/v2\/product_brand?post=10848"},{"taxonomy":"product_cat","embeddable":true,"href":"https:\/\/madeinlatvia.eu\/lv\/wp-json\/wp\/v2\/product_cat?post=10848"},{"taxonomy":"product_tag","embeddable":true,"href":"https:\/\/madeinlatvia.eu\/lv\/wp-json\/wp\/v2\/product_tag?post=10848"}],"curies":[{"name":"wp","href":"https:\/\/api.w.org\/{rel}","templated":true}]}}