{"id":10801,"date":"2024-12-11T00:52:30","date_gmt":"2024-12-10T21:52:32","guid":{"rendered":"https:\/\/madeinlatvia.eu\/?post_type=product&#038;p=10801"},"modified":"2025-01-28T18:13:35","modified_gmt":"2025-01-28T15:13:35","slug":"bieza-adita-merino-vilnas-cepure","status":"publish","type":"product","link":"https:\/\/madeinlatvia.eu\/lv\/produkts\/bieza-adita-merino-vilnas-cepure\/","title":{"rendered":"Bieza ad\u012bta merino vilnas cepure"},"content":{"rendered":"<table>\n<tbody>\n<tr>\n<td>Materi\u0101ls<\/td>\n<td>100% \u012bpa\u0161i m\u012bksta merino vilna<\/td>\n<\/tr>\n<tr>\n<td>Izm\u0113rs<\/td>\n<td>visiem galvas izm\u0113riem<\/td>\n<\/tr>\n<tr>\n<td>Kop\u0161ana<\/td>\n<td>saudz\u012bga mazg\u0101\u0161ana ar rok\u0101m un \u017e\u0101v\u0113\u0161ana izkl\u0101t\u0101 veid\u0101<\/td>\n<\/tr>\n<\/tbody>\n<\/table>\n","protected":false},"excerpt":{"rendered":"<p>Apsildi sevi \u0161aj\u0101 ziem\u0101 ar m\u016bsu grezno \u012bpa\u0161i m\u012bksto merino vilnas cepuri! R\u016bp\u012bgi rok\u0101m darin\u0101ta no 100% augst\u0101k\u0101s kvalit\u0101tes merino vilnas, \u0161\u012b cepure ir izcila ar savu maigumu, siltumu un elpojam\u012bbu. Ide\u0101li piem\u0113rota aukst\u0101m dien\u0101m, \u0161\u012b cepure ar savu biez\u0101 ad\u012bjuma dizainu pie\u0161\u0137ir stil\u012bgu izskatu, padarot to par neaizst\u0101jamu aksesu\u0101ru jebkur\u0101 ziemas garderob\u0113.<\/p>\n<p>\u25e6 100% roku darbs;<br \/>\n\u25e6 100% \u012bpa\u0161i m\u012bksta merino vilna;<br \/>\n\u25e6 Biezs ad\u012bjums stil\u012bgam un komfortablam izskatam;<br \/>\n\u25e6 Stingra un \u0113rta, piem\u0113rota visiem galvas izm\u0113riem;<br \/>\n\u25e6 Ide\u0101li piem\u0113rota ziemas pastaig\u0101m, m\u0101j\u012bgiem vakariem pie kam\u012bna vai k\u0101 p\u0101rdom\u0101ta d\u0101vana \u012bpa\u0161am cilv\u0113kam.<\/p>\n<p>Neatkar\u012bgi no t\u0101, vai dodaties \u0101r\u0101 aukst\u0101 laik\u0101 vai vienk\u0101r\u0161i v\u0113laties pievienot stil\u012bgu akcentu savam t\u0113rpam, \u0161\u012b merino vilnas cepure b\u016bs j\u016bsu ide\u0101lais pavadonis. Palutiniet sevi vai uzd\u0101viniet to k\u0101dam \u012bpa\u0161am \u2013 t\u0101 ir ide\u0101la komforta un stila kombin\u0101cija!<\/p>\n","protected":false},"featured_media":10705,"comment_status":"open","ping_status":"closed","template":"","meta":{"_acf_changed":false},"product_brand":[],"product_cat":[979],"product_tag":[],"class_list":{"0":"post-10801","1":"product","2":"type-product","3":"status-publish","4":"has-post-thumbnail","6":"product_cat-aditas-drebes","7":"product_shipping_class-0-3-lv-2","9":"first","10":"instock","11":"taxable","12":"shipping-taxable","13":"purchasable","14":"product-type-variable","15":"has-default-attributes"},"composite_layout":"","composite_add_to_cart_form_location":"","composite_editable_in_cart":false,"composite_sold_individually_context":"","composite_shop_price_calc":"","composite_components":[],"composite_scenarios":[],"acf":[],"jetpack_sharing_enabled":true,"_links":{"self":[{"href":"https:\/\/madeinlatvia.eu\/lv\/wp-json\/wp\/v2\/product\/10801","targetHints":{"allow":["GET"]}}],"collection":[{"href":"https:\/\/madeinlatvia.eu\/lv\/wp-json\/wp\/v2\/product"}],"about":[{"href":"https:\/\/madeinlatvia.eu\/lv\/wp-json\/wp\/v2\/types\/product"}],"replies":[{"embeddable":true,"href":"https:\/\/madeinlatvia.eu\/lv\/wp-json\/wp\/v2\/comments?post=10801"}],"wp:featuredmedia":[{"embeddable":true,"href":"https:\/\/madeinlatvia.eu\/lv\/wp-json\/wp\/v2\/media\/10705"}],"wp:attachment":[{"href":"https:\/\/madeinlatvia.eu\/lv\/wp-json\/wp\/v2\/media?parent=10801"}],"wp:term":[{"taxonomy":"product_brand","embeddable":true,"href":"https:\/\/madeinlatvia.eu\/lv\/wp-json\/wp\/v2\/product_brand?post=10801"},{"taxonomy":"product_cat","embeddable":true,"href":"https:\/\/madeinlatvia.eu\/lv\/wp-json\/wp\/v2\/product_cat?post=10801"},{"taxonomy":"product_tag","embeddable":true,"href":"https:\/\/madeinlatvia.eu\/lv\/wp-json\/wp\/v2\/product_tag?post=10801"}],"curies":[{"name":"wp","href":"https:\/\/api.w.org\/{rel}","templated":true}]}}