{"id":10511,"date":"2024-01-25T22:20:14","date_gmt":"2024-01-25T19:20:15","guid":{"rendered":"https:\/\/madeinlatvia.eu\/?post_type=product&#038;p=10511"},"modified":"2024-01-25T23:29:17","modified_gmt":"2024-01-25T20:29:17","slug":"zakis-peleka-kostima","status":"publish","type":"product","link":"https:\/\/madeinlatvia.eu\/lv\/produkts\/zakis-peleka-kostima\/","title":{"rendered":"Za\u0137is pel\u0113k\u0101 kost\u012bm\u0101"},"content":{"rendered":"<table>\n<tbody>\n<tr>\n<td>Augstums<\/td>\n<td>26 cm<\/td>\n<\/tr>\n<\/tbody>\n<\/table>\n<p>&nbsp;<\/p>\n","protected":false},"excerpt":{"rendered":"<p>26 cm gar\u0161, rok\u0101m ad\u012bts no kokvilnas un lina dzijas, kas neizraisa aler\u0123iju. Visas deta\u013cas iz\u0161\u016btas ar dziju, l\u012bdz ar to dro\u0161s jaundzimu\u0161ajiem. Pild\u012bts ar sinteponu. Var mazg\u0101t ve\u013cas ma\u0161\u012bn\u0101, saudz\u012bg\u0101 (roku) re\u017e\u012bm\u0101.<\/p>\n<p>* Katra rota\u013clieta ir izgatavota ar rok\u0101m, t\u0101p\u0113c t\u0101 var nedaudz at\u0161\u0137irties no att\u0113l\u0101 redzam\u0101s.<\/p>\n","protected":false},"featured_media":10493,"comment_status":"open","ping_status":"closed","template":"","meta":{"_acf_changed":false},"product_brand":[],"product_cat":[976],"product_tag":[],"class_list":{"0":"post-10511","1":"product","2":"type-product","3":"status-publish","4":"has-post-thumbnail","6":"product_cat-aditas-rotallietas","7":"product_shipping_class-0-3-lv-2","9":"first","10":"instock","11":"taxable","12":"shipping-taxable","13":"purchasable","14":"product-type-simple"},"composite_layout":"","composite_add_to_cart_form_location":"","composite_editable_in_cart":false,"composite_sold_individually_context":"","composite_shop_price_calc":"","composite_components":[],"composite_scenarios":[],"acf":[],"jetpack_sharing_enabled":true,"_links":{"self":[{"href":"https:\/\/madeinlatvia.eu\/lv\/wp-json\/wp\/v2\/product\/10511","targetHints":{"allow":["GET"]}}],"collection":[{"href":"https:\/\/madeinlatvia.eu\/lv\/wp-json\/wp\/v2\/product"}],"about":[{"href":"https:\/\/madeinlatvia.eu\/lv\/wp-json\/wp\/v2\/types\/product"}],"replies":[{"embeddable":true,"href":"https:\/\/madeinlatvia.eu\/lv\/wp-json\/wp\/v2\/comments?post=10511"}],"wp:featuredmedia":[{"embeddable":true,"href":"https:\/\/madeinlatvia.eu\/lv\/wp-json\/wp\/v2\/media\/10493"}],"wp:attachment":[{"href":"https:\/\/madeinlatvia.eu\/lv\/wp-json\/wp\/v2\/media?parent=10511"}],"wp:term":[{"taxonomy":"product_brand","embeddable":true,"href":"https:\/\/madeinlatvia.eu\/lv\/wp-json\/wp\/v2\/product_brand?post=10511"},{"taxonomy":"product_cat","embeddable":true,"href":"https:\/\/madeinlatvia.eu\/lv\/wp-json\/wp\/v2\/product_cat?post=10511"},{"taxonomy":"product_tag","embeddable":true,"href":"https:\/\/madeinlatvia.eu\/lv\/wp-json\/wp\/v2\/product_tag?post=10511"}],"curies":[{"name":"wp","href":"https:\/\/api.w.org\/{rel}","templated":true}]}}