{"id":90,"date":"2013-08-11T19:06:15","date_gmt":"2013-08-11T16:06:15","guid":{"rendered":"http:\/\/localhost:8888\/test\/?page_id=520"},"modified":"2026-01-08T03:00:12","modified_gmt":"2026-01-08T00:00:12","slug":"privatuma-politika","status":"publish","type":"page","link":"https:\/\/madeinlatvia.eu\/lv\/privatuma-politika\/","title":{"rendered":"Priv\u0101tuma politika"},"content":{"rendered":"<div class=\"row\"  id=\"row-686244127\">\n\n\t<div id=\"col-1028722633\" class=\"col small-12 large-12\"  >\n\t\t\t\t<div class=\"col-inner\"  >\n\t\t\t\n\t\t\t\n\t<div id=\"text-1935371501\" class=\"text\">\n\t\t\n<p><span style=\"color: #3d3d3d\"><strong>Priv\u0101tuma politika<\/strong><\/span><\/p>\n<ol>\n<li><span style=\"color: #3d3d3d\">Lietojot Internetveikalu MadeinLatvia.eu (turpm\u0101k \u2013 Internetveikals) un nor\u0101dot savus personas datus re\u0123istr\u0101cijas form\u0101 J\u016bs piekr\u012btat \u0161o personas datu apstr\u0101dei un uzglab\u0101\u0161anai:<\/span><\/li>\n<\/ol>\n<p style=\"padding-left: 40px\"><span style=\"color: #3d3d3d\">1.1. fizisk\u0101m person\u0101m: v\u0101rds, uzv\u0101rds, personas kods (ja norad\u012bts), juridiska adrese (ja norad\u012bta), e-pasta adrese, kontaktt\u0101lrunis, pieg\u0101des adrese;<\/span><\/p>\n<p style=\"padding-left: 40px\"><span style=\"color: #3d3d3d\">1.2. juridisk\u0101m person\u0101m: uz\u0146\u0113muma nosaukums, re\u0123istr\u0101cijas numurs, PVN maks\u0101t\u0101ja numurs, juridiska adrese, e-pasta adrese, kontaktt\u0101lrunis, pieg\u0101des adrese. \u0160ie dati ir nepiecie\u0161ami Internetveikala lietot\u0101ju identific\u0113\u0161anai, sazi\u0146ai, pieg\u0101dei un \u0101tr\u0101kai pas\u016bt\u012bjumu izpildei.<\/span><\/p>\n<ol start=\"2\">\n<li><span style=\"color: #3d3d3d\">SIA \u201cMadeinLatvia.eu\u201d inform\u0113, ka nor\u0101dot savu e-pasta adresi un kontaktt\u0101lruni, piekr\u012btat, ka tie tiek iek\u013cauti datu b\u0101z\u0113 un uz tiem var tikt nos\u016bt\u012bti Internetveikala pazi\u0146ojumi un\/vai atg\u0101din\u0101jumi.<\/span><\/li>\n<li><span style=\"color: #3d3d3d\">SIA \u201cMadeinLatvia.eu\u201d ir ties\u012bga nos\u016bt\u012bt pazi\u0146ojumus, atg\u0101din\u0101jumus un citu inform\u0101ciju par uzs\u0101ktiem, bet nepabeigtiem pas\u016bt\u012bjumiem uz j\u016bsu ievad\u012bto elektronisko e-pasta adresi un\/vai uz kontaktt\u0101lruni ar m\u0113r\u0137i uzlabot pakalpojumu snieg\u0161anas kvalit\u0101ti. T\u0101pat SIA \u201cMadeinLatvia.eu\u201d ir ties\u012bga inform\u0113t, tai skait\u0101 tie\u0161o zvanu veid\u0101, par Internetveikala jaunumiem, akcij\u0101m un atlaid\u0113m. Jums ir ties\u012bbas atteikties no jebk\u0101du jaunumu sa\u0146em\u0161anas atrakstoties no jaunumu sa\u0146em\u0161anas sav\u0101 profil\u0101, noklik\u0161\u0137inot uz e-pasta saites vai nos\u016btot piepras\u012bjumu uz e-pastu: <a href=\"mailto:info@madeinlatvia.eu\">info@madeinlatvia.eu<\/a>.<\/span><\/li>\n<li><span style=\"color: #3d3d3d\">Lietojot Internetveikalu, piekr\u012btat, ka SIA \u201cMadeinLatvia.eu\u201d vai jebkura tre\u0161\u0101 persona, kas darbojas Internetveikala v\u0101rd\u0101, var apkopot un uzglab\u0101t datus, kas \u013cauj izsekot un uzskait\u012bt:<\/span><\/li>\n<\/ol>\n<p style=\"padding-left: 40px\"><span style=\"color: #3d3d3d\">4.1. t\u012bmek\u013ca vietnes apmekl\u0113jumu skaitu;<\/span><\/p>\n<p style=\"padding-left: 40px\"><span style=\"color: #3d3d3d\">4.2. IP adreses;<\/span><\/p>\n<p style=\"padding-left: 40px\"><span style=\"color: #3d3d3d\">4.3. citus datus sist\u0113mu administr\u0113\u0161anas nol\u016bkos, k\u0101 ar\u012b lai kontrol\u0113tu un uzlabotu Internetveikala izmanto\u0161anu.<\/span><\/p>\n<ol start=\"5\">\n<li><span style=\"color: #3d3d3d\">Internetveikala apkopotos un uzkr\u0101tos datus informat\u012bvos un statistikas veik\u0161anas nol\u016bkos Internetveikal ir ties\u012bgs nodot ar\u012b citiem uz\u0146\u0113mumiem. Dati, kas \u013cautu identific\u0113t personu, \u0161aj\u0101 proces\u0101 netiek atkl\u0101ti un netiek nodoti tre\u0161aj\u0101m person\u0101m.<\/span><\/li>\n<li><span style=\"color: #3d3d3d\">Visi dati, kas tiek nos\u016bt\u012bti vai ievad\u012bti Internetveikal\u0101, k\u013c\u016bst par SIA \u201cMadeinLatvia.eu\u201d \u012bpa\u0161umu, kurus SIA \u201cMadeinLatvia.eu\u201d k\u0101 Internetveikala \u012bpa\u0161nieks, ir ties\u012bga izmantot saviem nol\u016bkiem, iz\u0146emot fizisko personu datus.<\/span><\/li>\n<li><span style=\"color: #3d3d3d\">L\u016bdzu, iev\u0113rojiet, ka uzr\u0101dot savu e-pasta adresi vai nos\u016btot jebk\u0101du inform\u0101ciju uz Internetveikalu, J\u016bs piekr\u012btat, ka SIA \u201cMadeinLatvia.eu\u201d \u0161os datus ir ties\u012bga izmantot tikai iepriek\u0161 min\u0113tajos nol\u016bkos, tai skait\u0101 \u0161o Priv\u0101tuma politikas noteikumu 3. punkt\u0101 nor\u0101d\u012btajam m\u0113r\u0137im.<\/span><\/li>\n<li><span style=\"color: #3d3d3d\">Uzs\u0101kot preces pas\u016bt\u012b\u0161anu, piekr\u012btat, ka Internetveikal\u0101 ievad\u012btos datus, SIA \u201cMadeinLatvia.eu\u201d var izmantot saska\u0146\u0101 ar Internetveikala lieto\u0161anas <a style=\"color: #3d3d3d\" href=\"https:\/\/madeinlatvia.eu\/noteikumi-un-nosacijumi\/?lang=lv\"><u>noteikumiem un nosac\u012bjumiem<\/u><\/a>.<\/span><\/li>\n<li><span style=\"color: #3d3d3d\">Uzs\u0101kot preces pas\u016bt\u012b\u0161anu, sazinoties ar SIA \u201cMadeinLatvia.eu\u201d vai t\u0101s v\u0101rd\u0101 p\u0101rst\u0101v\u0113to personu, telefoniski, e-past\u0101 vai soci\u0101lajos t\u012bklos, apliecin\u0101t, ka esat iepazinies un piekr\u012btat Internetveikala <a style=\"color: #3d3d3d\" href=\"https:\/\/madeinlatvia.eu\/noteikumi-un-nosacijumi\/?lang=lv\"><u>noteikumiem un nosac\u012bjumiem<\/u><\/a> un sniegtie kontaktpersonas dati ir pareizi.<\/span><\/li>\n<li><span style=\"color: #3d3d3d\">Internetveikal\u0101 var tikt ievietotas saites uz tre\u0161o personu interneta m\u0101jaslap\u0101m, kur\u0101m ir savi lieto\u0161anas noteikumi un nosac\u012bjumi un personas datu aizsardz\u012bbas noteikumi, par kuru piln\u012bgumu SIA \u201cMadeinLatvia.eu\u201d neatbild.<\/span><\/li>\n<li><span style=\"color: #3d3d3d\">Ievadot nepiecie\u0161amo inform\u0101ciju, noform\u0113jot pas\u016bt\u012bjumu, lietot\u0101js apliecina, ka ir iepazinies un piekr\u012bt, ka vi\u0146a sniegtie dati tiek izmantoti, lai Internetveikals var\u0113tu pie\u0146emt pas\u016bt\u012bjumu un veikt pre\u010du pieg\u0101di saska\u0146\u0101 ar Latvijas Republikas normat\u012bvajiem aktiem. Ievadot inform\u0101ciju, lietot\u0101js piekr\u012bt, ka tam uz nor\u0101d\u012bto e-pasta adresi un\/vai kontaktt\u0101lruni tiks izs\u016bt\u012bti pazi\u0146ojumi, kas saist\u012bti ar pas\u016bt\u012bjuma apstr\u0101di.<\/span><\/li>\n<li><span style=\"color: #3d3d3d\">Internetveikal\u0101 m\u0113s izmantojam s\u012bkdatnes. S\u012bkdatnes ir datnes, ko t\u012bmek\u013ca vietnes izvieto lietot\u0101ju datoros, lai atpaz\u012btu lietot\u0101ju un atvieglotu tam vietnes izmanto\u0161anu, k\u0101 ar\u012b rekl\u0101mas nol\u016bkos. Parasti s\u012bkdatn\u0113s netiek glab\u0101ta inform\u0101cija, kas var\u0113tu tie\u0161i identific\u0113t lietot\u0101ja identit\u0101ti, ta\u010du j\u016bsu person\u012bg\u0101 inform\u0101cija, kuru m\u0113s apstr\u0101d\u0101jam, var tikt saist\u012bta ar j\u016bsu datora vai citu iek\u0101rtu izmanto\u0161anu, tostarp ar interneta viet\u0146u p\u0101rl\u016bko\u0161anu un citu ar s\u012bkdat\u0146u pal\u012bdz\u012bbu ieg\u016bto un uzglab\u0101jamo inform\u0101ciju. S\u012bkdat\u0146u nepie\u0146em\u0161ana neaizliedz lietot\u0101jam lietot Internetveikalu, ta\u010du tas var ierobe\u017eot Internetveikala izmanto\u0161anas iesp\u0113jas.<\/span><\/li>\n<li><span style=\"color: #3d3d3d\">Maks\u0101jumu apstr\u0101di nodro\u0161ina maks\u0101jumu platforma makecommerce.lv, t\u0101p\u0113c m\u016bsu uz\u0146\u0113mums maks\u0101jumu izpildei nepiecie\u0161amos personas datus nodod platformas \u012bpa\u0161niekam Maksekeskus AS.<\/span><\/li>\n<\/ol>\n<p><span style=\"color: #3d3d3d\">Versija 01.06.2024<\/span><\/p>\n\t\t\n<style>\n#text-1935371501 {\n  line-height: 1.5;\n}\n<\/style>\n\t<\/div>\n\t\n\t\t<\/div>\n\t\t\t\t\t<\/div>\n\n\t\n\n<style>\n#row-686244127 > .col > .col-inner {\n  padding: 50px 0px 0px 0px;\n}\n<\/style>\n<\/div>\n","protected":false},"excerpt":{"rendered":"","protected":false},"author":1,"featured_media":12,"parent":0,"menu_order":0,"comment_status":"closed","ping_status":"closed","template":"page-blank.php","meta":{"_acf_changed":false,"footnotes":""},"class_list":["post-90","page","type-page","status-publish","has-post-thumbnail","hentry"],"acf":[],"jetpack_sharing_enabled":true,"_links":{"self":[{"href":"https:\/\/madeinlatvia.eu\/lv\/wp-json\/wp\/v2\/pages\/90","targetHints":{"allow":["GET"]}}],"collection":[{"href":"https:\/\/madeinlatvia.eu\/lv\/wp-json\/wp\/v2\/pages"}],"about":[{"href":"https:\/\/madeinlatvia.eu\/lv\/wp-json\/wp\/v2\/types\/page"}],"author":[{"embeddable":true,"href":"https:\/\/madeinlatvia.eu\/lv\/wp-json\/wp\/v2\/users\/1"}],"replies":[{"embeddable":true,"href":"https:\/\/madeinlatvia.eu\/lv\/wp-json\/wp\/v2\/comments?post=90"}],"version-history":[{"count":0,"href":"https:\/\/madeinlatvia.eu\/lv\/wp-json\/wp\/v2\/pages\/90\/revisions"}],"wp:featuredmedia":[{"embeddable":true,"href":"https:\/\/madeinlatvia.eu\/lv\/wp-json\/wp\/v2\/media\/12"}],"wp:attachment":[{"href":"https:\/\/madeinlatvia.eu\/lv\/wp-json\/wp\/v2\/media?parent=90"}],"curies":[{"name":"wp","href":"https:\/\/api.w.org\/{rel}","templated":true}]}}