{"id":673,"date":"2020-07-20T18:02:27","date_gmt":"2020-07-20T15:02:27","guid":{"rendered":"https:\/\/madeinlatvia.eu\/?page_id=673"},"modified":"2021-05-14T12:28:06","modified_gmt":"2021-05-14T09:28:06","slug":"noteikumi-un-nosacijumi","status":"publish","type":"page","link":"https:\/\/madeinlatvia.eu\/lv\/noteikumi-un-nosacijumi\/","title":{"rendered":"Noteikumi un nosac\u012bjumi"},"content":{"rendered":"<div class=\"row\"  id=\"row-1863008039\">\n\n\t<div id=\"col-1013888787\" class=\"col small-12 large-12\"  >\n\t\t\t\t<div class=\"col-inner\"  >\n\t\t\t\n\t\t\t\n\t<div id=\"text-3845522281\" class=\"text\">\n\t\t\n<p><span style=\"color: #3d3d3d;\"><strong>Noteikumi un nosac\u012bjumi<\/strong><\/span><\/p>\n<ol>\n<li><span style=\"color: #3d3d3d;\">Pirms s\u0101kt lietot SIA \u201cMadeinLatvia.eu\u201d (Re\u0123istr\u0101cijas Nr.: 44103144439, PVN maks\u0101t\u0101ja Nr.: LV44103144439, jur. adrese: \u201cSmuki\u0146i\u201d, Vi\u013c\u0137enes pag., Limba\u017eu nov., LV-4050, Latvija) internetveikalu MadeinLatvia.eu, l\u016bdzam r\u016bp\u012bgi izlas\u012bt \u0161os lieto\u0161anas noteikumus un nosac\u012bjumus (turpm\u0101k \u2013 Noteikumi).<\/span><\/li>\n<li><span style=\"color: #3d3d3d;\">Ar internetveikalu MadeinLatvia.eu (turpm\u0101k \u2013 Internetveikals) tiek saprasta SIA \u201dMadeinLatvia.eu\u201d izveidot\u0101 timek\u013ca vietne, kuras interneta adrese ir <a style=\"color: #3d3d3d;\" href=\"http:\/\/www.madeinlatvia.eu\">madeinlatvia.eu<\/a>, ar visu taj\u0101 eso\u0161o inform\u0101ciju un materi\u0101liem.<\/span><\/li>\n<li><span style=\"color: #3d3d3d;\">Apmekl\u0113jot Internetveikalu vai izmantojot taj\u0101 izvietoto inform\u0101ciju par prec\u0113m un pakalpojumu snieg\u0161anu, J\u016bs piekrit\u0101t \u0161iem Noteikumiem.<\/span><\/li>\n<li><span style=\"color: #3d3d3d;\">Inform\u0113jam, ka Internetveikal\u0101 ievad\u012bt\u0101s inform\u0101cijas (tai skait\u0101 fizisko un juridisko personu datu) apstr\u0101des m\u0113r\u0137is ir taj\u0101 nor\u0101d\u012bto pakalpojumu snieg\u0161ana un pal\u012bdz\u012bbas snieg\u0161ana Internetveikala lieto\u0161anas laik\u0101. \u0160\u012b apstr\u0101de notiek saska\u0146\u0101 ar Internetveikala <u><a style=\"color: #3d3d3d;\" href=\"https:\/\/madeinlatvia.eu\/privatuma-politika\/?lang=lv\">Priv\u0101tuma Politiku<\/a><\/u>.<\/span><\/li>\n<li><span style=\"color: #3d3d3d;\">SIA \u201cMadeinLatvia.eu\u201d ir ties\u012bbas jebkur\u0101 br\u012bd\u012b vienpus\u0113ji main\u012bt Internetveikala saturu un Noteikumus. \u0160\u0101das izmai\u0146as st\u0101jas sp\u0113ka p\u0113c to public\u0113\u0161anas Internetveikal\u0101.<\/span><\/li>\n<li><span style=\"color: #3d3d3d;\">Gad\u012bjum\u0101, ja k\u0101ds no \u0161ajos Noteikumos nor\u0101d\u012btajiem punktiem zaud\u0113 sp\u0113ku, tas neietekm\u0113 par\u0113jos Noteikumu punktus.<\/span><\/li>\n<li><span style=\"color: #3d3d3d;\">Ar br\u012bdi, kad s\u0101kat lietot Internetveikalu vai taj\u0101 veicat jebk\u0101das aktivit\u0101tes, tiks uzskat\u012bts, ka esat iepazinies ar lieto\u0161anas br\u012bd\u012b sp\u0113k\u0101 eso\u0161ajiem Noteikumiem un iev\u0113rosiet tos. Katra Internetveikala lietot\u0101ja pien\u0101kums ir regul\u0101ri p\u0101rskat\u012bt pakalpojumu snieg\u0161anas noteikumus, lai sekotu l\u012bdzi izmai\u0146\u0101m, kas taj\u0101s ieviestas. Ja j\u016bs nepiekr\u012btat noteikumiem, Internetveikala izmanto\u0161ana aizliegta.<\/span><\/li>\n<li><span style=\"color: #3d3d3d;\">SIA \u201cMadeinLatvia.eu\u201d ir ties\u012bbas jebkur\u0101 br\u012bd\u012b p\u0113c saviem ieskaitiem main\u012bt Internetveikala nor\u0101d\u012bt\u0101s cenas un\/vai izveidot jaunus maksas pakalpojumus.<\/span><\/li>\n<li><span style=\"color: #3d3d3d;\">Lai k\u013c\u016btu par Internetveikala re\u0123istr\u0113to lietot\u0101ju, ir j\u0101iev\u0113ro Internetveikala noteikt\u0101 re\u0123istr\u0113\u0161an\u0101s k\u0101rt\u012bba. Re\u0123istr\u0113joties, Internetveikala lietot\u0101js piekr\u012bt <a style=\"color: #3d3d3d;\" href=\"https:\/\/madeinlatvia.eu\/privatuma-politika\/?lang=lv\"><u>Priv\u0101tuma Politiku<\/u><\/a>.<\/span><\/li>\n<li><span style=\"color: #3d3d3d;\">Katram Internetveikala re\u0123istr\u0113tajam lietot\u0101jam ir pien\u0101kums neizpaust cit\u0101m person\u0101m savus piek\u013cuves datus. Ja Internetveikal\u0101 tiek veiktas darb\u012bbas ar re\u0123istr\u0113ta lietot\u0101ja profilu (t.sk. tiek pirktas preces un\/vai pakalpojumi), izmantojot pareizu lietot\u0101jv\u0101rdu un paroli, tad tiek uzskat\u012bts, ka darb\u012bbas attiec\u012bgaj\u0101 profil\u0101 ir veicis pats re\u0123istr\u0113tais lietot\u0101js.<\/span><\/li>\n<li><span style=\"color: #3d3d3d;\">Internetveikala re\u0123istr\u0113t\u0101js lietot\u0101js piekr\u012bt sa\u0146emt inform\u0101ciju no Internetveikala par da\u017e\u0101da veida aktualit\u0101t\u0113m.<\/span><\/li>\n<li><span style=\"color: #3d3d3d;\">Gad\u012bjumos, ja ir neskaidr\u012bbas par Internetveikal\u0101 ievietoto formu aizpild\u012b\u0161anu, l\u016bgums sazin\u0101ties ar Internetveikalu, zvanot uz t\u0101lruni <a href=\"tel:+37120162162\">(+371) 20162162<\/a> vai rakstot e-pastu uz <a href=\"mailto:info@madeinlatvia.eu\">info@madeinlatvia.eu<\/a>.<\/span><\/li>\n<li><span style=\"color: #3d3d3d;\">Jums vienm\u0113r ir j\u0101r\u012bkojas saska\u0146\u0101 ar Internetveikala Noteikumiem.<\/span><\/li>\n<li><span style=\"color: #3d3d3d;\">Neizmantojiet Internetveikal\u0101 ievietoto inform\u0101ciju \u013caunpr\u0101t\u012bgi. Internetveikal\u0101 pied\u0101v\u0101tos pakalpojumus dr\u012bkstat izmantot tikai saska\u0146\u0101 ar \u0161iem Noteikumiem un Latvijas Republikas normat\u012bvajiem aktiem.<\/span><\/li>\n<li><span style=\"color: #3d3d3d;\">Internetveikal\u0101 sniegtajiem pre\u010du att\u0113liem ir ilustrat\u012bvs raksturs. SIA \u201cMadeinLatvia.eu\u201d nevar garant\u0113t, ka lietot\u0101ja ier\u012bces ekr\u0101ns prec\u012bzi atspogu\u013cos pre\u010du kr\u0101sas. Lietot\u0101js saprot, ka preces var neb\u016btiski at\u0161\u0137irties no to att\u0113liem, ka ar\u012b pre\u010du iepakojums var at\u0161\u0137irties no t\u0101, kas ir par\u0101d\u012bts Internetveikal\u0101 sniegtajos att\u0113los.<\/span><\/li>\n<li><span style=\"color: #3d3d3d;\">SIA \u201cMadeinLatvia.eu\u201d neatbild par jebk\u0101da veida izdevumiem un zaud\u0113jumiem, kas radu\u0161ies Internetveikala lieto\u0161anas laik\u0101.<\/span><\/li>\n<li><span style=\"color: #3d3d3d;\">SIA \u201cMadeinLatvia.eu\u201d no vienas puses un lietot\u0101js, kas veic pas\u016bt\u012bjumu (turpm\u0101k \u2013 Pirc\u0113js), no otras puses, nosl\u0113dz distances l\u012bgumu (turpm\u0101k \u2013 L\u012bgums): SIA \u201cMadeinLatvia.eu\u201d ap\u0146emas p\u0101rdot un pieg\u0101d\u0101t preces Pirc\u0113ja nor\u0101d\u012btai personai (turpm\u0101k \u2013 Sa\u0146\u0113m\u0113js), atbilsto\u0161i Pirc\u0113ja pas\u016bt\u012bjumam.<\/span><\/li>\n<li><span style=\"color: #3d3d3d;\">Piekr\u012btot \u0161iem Noteikumiem, Pirc\u0113js apstiprina, ka tam ir likum\u012bg\u0101s ties\u012bbas pirkt preces Internetveikal\u0101. Ieg\u0101d\u0101ties preces Internetveikal\u0101 dr\u012bkst:<\/span><\/li>\n<\/ol>\n<p style=\"padding-left: 40px;\"><span style=\"color: #3d3d3d;\">18.1 fizisk\u0101s personas, kas ir sasniegu\u0161as pilngad\u012bbas vecumu sav\u0101 valst\u012b;<\/span><\/p>\n<p style=\"padding-left: 40px;\"><span style=\"color: #3d3d3d;\">18.2 juridisk\u0101s personas.<\/span><\/p>\n<ol start=\"19\">\n<li><span style=\"color: #3d3d3d;\">Sl\u0113dzot L\u012bgumu, Pirc\u0113js piekr\u012bt, ka pirkuma laik\u0101 uz nor\u0101d\u012bto e-pasta adresi tiks nos\u016bt\u012bts avansa r\u0113\u0137ins un pavadz\u012bme ar pirkuma inform\u0101ciju, kuri tiek sagatavoti elektroniski un ir der\u012bgi bez paraksta.<\/span><\/li>\n<li><span style=\"color: #3d3d3d;\">Par prec\u0113m Pirc\u0113js var nor\u0113\u0137in\u0101ties:<\/span><\/li>\n<\/ol>\n<p style=\"padding-left: 40px;\"><span style=\"color: #3d3d3d;\">20.1 ar maks\u0101juma (kred\u012bta vai debeta) karti;<\/span><\/p>\n<p style=\"padding-left: 40px;\"><span style=\"color: #3d3d3d;\">20.2 ar bankas p\u0101rskait\u012bjumu uz SIA \u201cMadeinLatvia.eu\u201d bankas kontu, kas nor\u0101d\u012bts avansa r\u0113\u0137in\u0101;<\/span><\/p>\n<p style=\"padding-left: 40px;\"><span style=\"color: #3d3d3d;\">20.3 ar tie\u0161saistes maks\u0101jumu caur internetbanku (Bank Link);<\/span><\/p>\n<p style=\"padding-left: 40px;\"><span style=\"color: #3d3d3d;\">20.4 ar p\u0101rskait\u012bjumu PayPal maks\u0101jumu sist\u0113mas ietvaros (turpm\u0101k \u2013 PayPal).<\/span><\/p>\n<ol start=\"21\">\n<li><span style=\"color: #3d3d3d;\">Juridisk\u0101m person\u0101m ieteicams maks\u0101jum\u0101 inform\u0101cij\u0101 nor\u0101d\u012bt uz\u0146\u0113muma re\u0123istr\u0101cijas numuru \u0101tr\u0101kai maks\u0101juma identifik\u0101cijai. \u0160\u0101d\u0101 veid\u0101 pas\u016bt\u012bjums sist\u0113m\u0101 tiks \u0101tr\u0101k apstiprin\u0101ts un nodots izpildei.<\/span><\/li>\n<li><span style=\"color: #3d3d3d;\">L\u012bgums starp Pirc\u0113ju un SIA \u201cMadeinLatvia.eu\u201d uzskat\u0101ms par nosl\u0113gtu s\u0101kot ar br\u012bdi, kad Pirc\u0113js apmaks\u0101 pas\u016bt\u012bjumu.<\/span><\/li>\n<\/ol>\n<p style=\"padding-left: 40px;\"><span style=\"color: #3d3d3d;\">22.1 Veicot maks\u0101jumu ar maks\u0101juma karti pas\u016bt\u012bjums tiek uzskat\u012bts par apmaks\u0101tu, kad pas\u016bt\u012bjuma summa tiek rezerv\u0113ta kartes lietot\u0101ja kont\u0101 un SIA \u201cMadeinLatvia.eu\u201d sa\u0146em dar\u012bjuma apstiprin\u0101jumu;<\/span><\/p>\n<p style=\"padding-left: 40px;\"><span style=\"color: #3d3d3d;\">22.2 Veicot maks\u0101jumu ar bankas p\u0101rskait\u012bjumu vai ar Bank link, pas\u016bt\u012bjums tiek uzskat\u012bts par apmaks\u0101tu, kad pas\u016bt\u012bjuma summa ir ien\u0101kusi SIA \u201cMadeinLatvia.eu\u201d bankas kont\u0101. Lai pa\u0101trin\u0101t pas\u016bt\u012bjuma izpildi, apmaks\u0101jot ar p\u0101rskait\u012bjumu, aicin\u0101m nos\u016bt\u012bt maks\u0101juma uzdevumu uz e-past <a href=\"mailto:info@madeinlatvia.eu\">info@madeinlatvia.eu<\/a>;<\/span><\/p>\n<p style=\"padding-left: 40px;\"><span style=\"color: #3d3d3d;\">22.3 Veicot maks\u0101jumu ar PayPal, pas\u016bt\u012bjums tiek uzskat\u012bts par apmaks\u0101tu, kad pas\u016bt\u012bjuma summa ir ien\u0101kusi SIA \u201cMadeinLatvia.eu\u201d PayPal kont\u0101.<\/span><\/p>\n<ol start=\"23\">\n<li><span style=\"color: #3d3d3d;\">Ja Pirc\u0113js izv\u0113las 20.2. punkt\u0101 nor\u0101d\u012bto nor\u0113\u0137in\u0101\u0161an\u0101s veidu, Pirc\u0113jam ir pien\u0101kums apmaks\u0101t pas\u016bt\u012bjumu ne v\u0113l\u0101k k\u0101 24 (divdesmit \u010detru) stundu laik\u0101 no pas\u016bt\u012bjuma br\u012b\u017ea. Pirc\u0113jam neapmaks\u0101jot pirkumu nor\u0101d\u012btaj\u0101 termi\u0146\u0101 Internetveikalam ir ties\u012bbas uzskat\u012bt, ka Pirc\u0113js ir atteicies no L\u012bguma sl\u0113g\u0161anas, un anul\u0113t pas\u016bt\u012bjumu.<\/span><\/li>\n<li><span style=\"color: #3d3d3d;\">P\u0113c pas\u016bt\u012bjuma noform\u0113\u0161anas Internetveikals nosuta Pirc\u0113jam uz nor\u0101d\u012bto e-pastu avansa r\u0113\u0137inu apmaks\u0101\u0161anai ar p\u0101rskait\u012bjumu vai r\u0113\u0137inu par apmaksu ar maks\u0101juma karti, ar Banklink vai PayPal. Sagatavojot pas\u016bt\u012bjumu, Internetveikals nosuta Pirc\u0113jam uz pas\u016bt\u012bjum\u0101 nor\u0101d\u012bto e-pastu pirkumu apliecino\u0161o dokumentu \u2013 pavadz\u012bmi, kas apliecina, ka preces tika izs\u016bt\u012btas Pirc\u0113jam.<\/span><\/li>\n<li><span style=\"color: #3d3d3d;\">Uz pirkumu apliecino\u0161a dokumenta jeb pavadz\u012bmes tiek nor\u0101d\u012bta par pas\u016bt\u012bjuma komplekt\u0113\u0161anu un nos\u016bt\u012b\u0161anas dokumenta sast\u0101d\u012b\u0161anu atbild\u012bg\u0101 persona. Pirc\u0113js piekr\u012bt, ka uz dokumenta nor\u0101d\u012bt\u0101 atbild\u012bg\u0101s personas v\u0101rda un uzv\u0101rda esam\u012bba ir l\u012bdzv\u0113rt\u012bga min\u0113t\u0101s personas parakstam.<\/span><\/li>\n<li><span style=\"color: #3d3d3d;\">Pirc\u0113js var piepras\u012bt Internetveikalu veikt izmai\u0146as re\u0123istr\u0113taj\u0101 pas\u016bt\u012bjum\u0101, kas ir nepabeigts, var rakstot e-pastu uz <a href=\"mailto:info@madeinlatvia.eu\">info@madeinlatvia.eu<\/a> vai zvanot uz t\u0101lruni <a href=\"tel:+37120162162\">(+371) 20\u00a0162 162<\/a>. Internetveikals p\u0113c iesp\u0113jas izpild\u012bs Pirc\u0113ja piepras\u012bjumu.<\/span><\/li>\n<li><span style=\"color: #3d3d3d;\">SIA \u201cMadeinLatvia.eu\u201d, konstat\u0113jot Internetveikal\u0101 k\u013c\u016bdas un\/vai neprecizit\u0101tes pre\u010du cen\u0101s vai aprakstos, ir ties\u012bbas vienpus\u0113ji atcelt L\u012bgumu, rakstiski (pa e-pastu) inform\u0113jot Pirc\u0113ju un atce\u013cot pas\u016bt\u012bjumu. Pirc\u0113jam, kas v\u0113las ieg\u0101d\u0101ties to pa\u0161u preci par jauno pareizi nor\u0101d\u012bto cenu, ir j\u0101pas\u016bta prece no jauna.<\/span><\/li>\n<li><span style=\"color: #3d3d3d;\">Iz\u0146\u0113muma k\u0101rt\u0101 SIA \u201cMadeinLatvia.eu\u201d ir ties\u012bbas atcelt L\u012bgumu sekojo\u0161os gad\u012bjumos:<\/span><\/li>\n<\/ol>\n<p style=\"padding-left: 40px;\"><span style=\"color: #3d3d3d;\">28.1 ja pas\u016bt\u012bjuma laik\u0101 tiek p\u0101rk\u0101pti Internetveikala lieto\u0161anas Noteikumi;<\/span><\/p>\n<p style=\"padding-left: 40px;\"><span style=\"color: #3d3d3d;\">28.2 Ja L\u012bgums nosl\u0113gts ar otras puses \u013caunpr\u0101t\u012bbu, viltu vai ar spaidiem;<\/span><\/p>\n<p style=\"padding-left: 40px;\"><span style=\"color: #3d3d3d;\">28.3 pas\u016bt\u012bto pre\u010du tr\u016bkuma d\u0113\u013c;<\/span><\/p>\n<p style=\"padding-left: 40px;\"><span style=\"color: #3d3d3d;\">28.4 p\u0101rm\u0113r\u012bg\u0101 zaud\u0113juma d\u0113\u013c, ko cie\u0161 viena vai otra puse;<\/span><\/p>\n<p style=\"padding-left: 40px;\"><span style=\"color: #3d3d3d;\">28.5 preces apmaksas nokav\u0113juma d\u0113\u013c;<\/span><\/p>\n<p style=\"padding-left: 40px;\"><span style=\"color: #3d3d3d;\">28.6 citos Latvijas Republikas normat\u012bvajos aktos paredz\u0113t\u0101jos gad\u012bjumos.<\/span><\/p>\n<ol start=\"29\">\n<li><span style=\"color: #3d3d3d;\">Faktu, ka Pirc\u0113js ir sa\u0146\u0113mis preci, apliecina:<\/span><\/li>\n<\/ol>\n<p style=\"padding-left: 40px;\"><span style=\"color: #3d3d3d;\">29.1 Sa\u0146emot pas\u016bt\u012bto preci ar standarta pieg\u0101di vai iz\u0146emot no DPD Pickup paku bod\u0113s (turpm\u0101k \u2013 PPB) \u2013 Sa\u0146\u0113m\u0113ja paraksts uz pavadz\u012bmes, CMR vai uz kurjera\/pas\u016bt\u012bjuma izsniedz\u0113ja elektronisk\u0101 termin\u0101\u013ca.<br \/>\n<\/span><\/p>\n<p style=\"padding-left: 40px;\"><span style=\"color: #3d3d3d;\">29.2 Sa\u0146emot pas\u016bt\u012bto preci DPD Oickup pakomatos (DPD Pickup paku skapis, turpm\u0101k \u2013 PPS) \u2013 pirc\u0113ja pa\u0161roc\u012bga koda ievad\u012b\u0161ana preces pas\u016bt\u012bjuma iz\u0146em\u0161anai.<br \/>\n<\/span><\/p>\n<ol start=\"30\">\n<li><span style=\"color: #3d3d3d;\">Pretenzijas par to, ka pas\u016bt\u012bjums nav pieg\u0101d\u0101ts, p\u0113c tam, kad pas\u016bt\u012bjuma sa\u0146em\u0161ana ir apliecin\u0101ta ar k\u0101du no 29. punkt\u0101 aprakst\u012btaj\u0101m metod\u0113m, netiek pie\u0146emtas.<\/span><\/li>\n<li><span style=\"color: #3d3d3d;\">Neskatoties uz pien\u0101kumiem, kas paredz\u0113ti citos \u0161o Noteikumu punktos, Pirc\u0113js ap\u0146emas pirms preces lieto\u0161anas s\u0101kuma (taj\u0101 skait\u0101 ar\u012b pirms t\u0101s salik\u0161anas kop\u0101, mont\u0101\u017eas u. tml.) apskat\u012bt preci un p\u0101rliecin\u0101ties, ka sa\u0146emt\u0101 prece atbilst pas\u016bt\u012btai.<\/span><\/li>\n<li><span style=\"color: #3d3d3d;\">SIA \u201cMadeinLatvia.eu\u201d neb\u016bs atbild\u012bga par L\u012bguma vai jebk\u0101du saist\u012bbu saska\u0146\u0101 ar L\u012bgumu nepild\u012b\u0161anu vai izpildes kav\u0113\u0161anu, ja \u0161\u0101da nepild\u012b\u0161ana vai kav\u0113\u0161ana rad\u0101s saist\u012bb\u0101 ar notikumiem \u0101rpus Internetveikala kontroles, k\u0101 tas ir defin\u0113ts \u0161o Noteikumu 32.1. punkt\u0101.<\/span><\/li>\n<\/ol>\n<p style=\"padding-left: 40px;\"><span style=\"color: #3d3d3d;\">32.1 Notikums \u0101rpus Internetveikala kontroles noz\u012bm\u0113 jebk\u0101das darb\u012bbas vai notikumu, kuru SIA \u201cMadeinLatvia.eu\u201d pamatoti nevar kontrol\u0113t (nep\u0101rvarama vara);<\/span><\/p>\n<p style=\"padding-left: 40px;\"><span style=\"color: #3d3d3d;\">32.2 Gad\u012bjum\u0101, ja notiek notikums \u0101rpus Internetveikala kontroles, kas ietekm\u0113 pien\u0101c\u012bgu SIA \u201cMadeinLatvia.eu\u201d saist\u012bbu izpildi saska\u0146\u0101 ar L\u012bgumu:<\/span><\/p>\n<p style=\"padding-left: 80px;\"><span style=\"color: #3d3d3d;\">32.2.1 Internetveikals nekav\u0113joties rakstiski (pa e-pastu) inform\u0113s Pirc\u0113ju;<\/span><\/p>\n<p style=\"padding-left: 80px;\"><span style=\"color: #3d3d3d;\">32.2.2 SIA \u201cMadeinLatvia.eu\u201d saist\u012bbu, kas izriet no L\u012bguma, izpilde tiks apst\u0101din\u0101ta un saist\u012bbu izpildes termi\u0146\u0161 tiks pagarin\u0101ts par termi\u0146u, kas vien\u0101ds ar notikuma \u0101rpus Internetveikala kontroles ilgumu.<\/span><\/p>\n<ol start=\"33\">\n<li><span style=\"color: #3d3d3d;\">Internetveikala lieto\u0161ana nepie\u0161\u0137ir nek\u0101das \u012bpa\u0161uma ties\u012bbas uz Internetveikal\u0101 pieejamo saturu. Aizliegts izmantot Internetveikala ievietot\u0101s inform\u0101cijas saturu, ja vien nav \u0161\u012b satura \u012bpa\u0161nieka at\u013caujas vai cita veida at\u013caujas saska\u0146\u0101 ar likumu. \u0160ie Noteikumi nepie\u0161\u0137ir ties\u012bbas izmantot nevienu Internetveikal\u0101 iek\u013cautu z\u012bmolu vai logotipu.<\/span><\/li>\n<li><span style=\"color: #3d3d3d;\">Visas intelektu\u0101l\u0101 \u012bpa\u0161uma ties\u012bbas attiec\u012bb\u0101 uz Internetveikalu pieder tikai un vien\u012bgi SIA \u201dMadeinLatvia.eu\u201d. \u0160o ties\u012bbu p\u0101rk\u0101puma gad\u012bjum\u0101 vain\u012bg\u0101 persona tiek saukta pie Latvijas Republikas normat\u012bvajos aktos paredz\u0113t\u0101s atbild\u012bbas, k\u0101 ar\u012b ir piln\u012bb\u0101 atbild\u012bga par visiem zaud\u0113jumiem, kas ir vai var tikt nodar\u012bti SIA \u201cMadeinLatvia.eu\u201d un\/vai tre\u0161aj\u0101m person\u0101m.<\/span><\/li>\n<li><span style=\"color: #3d3d3d;\">Pirc\u0113jam ir pien\u0101kums iev\u0113rot Noteikumos un Latvijas Republikas normat\u012bvajos aktos noteiktas pras\u012bbas.<\/span><\/li>\n<li><span style=\"color: #3d3d3d;\">Jebkuri str\u012bdi, kas izriet no \u0161iem Noteikumiem un\/vai no L\u012bguma, kas nosl\u0113gts izmantojot Internetveikalu, tiks izskat\u012bti saska\u0146\u0101 ar Latvijas Republikas normat\u012bvajiem aktiem.<\/span><\/li>\n<li><span style=\"color: #3d3d3d;\">Inform\u0101cija par to, k\u0101 sazin\u0101ties ar SIA \u201cMadeinLatvia.eu\u201d, ir pieejama Internetveikala sada\u013c\u0101 \u201cKontakti\u201d.<\/span><\/li>\n<li><span style=\"color: #3d3d3d;\">Veicot preces pas\u016bt\u012b\u0161anu, J\u016bs apliecin\u0101t, ka esat iepazinies un piekr\u012btat <a style=\"color: #3d3d3d;\" href=\"https:\/\/madeinlatvia.eu\/piegades-nosacijumi\/?lang=lv\"><u>Pieg\u0101des nosac\u012bjumiem<\/u><\/a>.<\/span><\/li>\n<li><span style=\"color: #3d3d3d;\">Veicot preces pas\u016bt\u012b\u0161anu, J\u016bs apliecin\u0101t, ka esat iepazinies ar un piekr\u012btat <a style=\"color: #3d3d3d;\" href=\"https:\/\/madeinlatvia.eu\/atteikuma-tiesibas\/?lang=lv\"><u>Atteikuma ties\u012bb\u0101m<\/u><\/a>.<\/span><\/li>\n<li><span style=\"color: #3d3d3d;\">Veicot preces pas\u016bt\u012b\u0161anu, J\u016bs apliecin\u0101t, ka esat iepazinies ar un piekr\u012btat <a style=\"color: #3d3d3d;\" href=\"https:\/\/madeinlatvia.eu\/privatuma-politika\/?lang=lv\"><u>Priv\u0101tuma politikai<\/u><\/a>.<\/span><\/li>\n<\/ol>\n<p><span style=\"color: #3d3d3d;\">Versija 01.05.2021<\/span><\/p>\n\t\t\n<style>\n#text-3845522281 {\n  line-height: 1.5;\n}\n<\/style>\n\t<\/div>\n\t\n\t\t<\/div>\n\t\t\t\t\t<\/div>\n\n\t\n\n<style>\n#row-1863008039 > .col > .col-inner {\n  padding: 50px 0px 0px 0px;\n}\n<\/style>\n<\/div>\n","protected":false},"excerpt":{"rendered":"","protected":false},"author":1,"featured_media":0,"parent":0,"menu_order":0,"comment_status":"closed","ping_status":"closed","template":"page-blank.php","meta":{"_acf_changed":false,"footnotes":""},"class_list":["post-673","page","type-page","status-publish","hentry"],"acf":[],"jetpack_sharing_enabled":true,"_links":{"self":[{"href":"https:\/\/madeinlatvia.eu\/lv\/wp-json\/wp\/v2\/pages\/673","targetHints":{"allow":["GET"]}}],"collection":[{"href":"https:\/\/madeinlatvia.eu\/lv\/wp-json\/wp\/v2\/pages"}],"about":[{"href":"https:\/\/madeinlatvia.eu\/lv\/wp-json\/wp\/v2\/types\/page"}],"author":[{"embeddable":true,"href":"https:\/\/madeinlatvia.eu\/lv\/wp-json\/wp\/v2\/users\/1"}],"replies":[{"embeddable":true,"href":"https:\/\/madeinlatvia.eu\/lv\/wp-json\/wp\/v2\/comments?post=673"}],"version-history":[{"count":0,"href":"https:\/\/madeinlatvia.eu\/lv\/wp-json\/wp\/v2\/pages\/673\/revisions"}],"wp:attachment":[{"href":"https:\/\/madeinlatvia.eu\/lv\/wp-json\/wp\/v2\/media?parent=673"}],"curies":[{"name":"wp","href":"https:\/\/api.w.org\/{rel}","templated":true}]}}