{"id":668,"date":"2020-07-20T18:01:13","date_gmt":"2020-07-20T15:01:13","guid":{"rendered":"https:\/\/madeinlatvia.eu\/?page_id=668"},"modified":"2021-05-14T08:56:31","modified_gmt":"2021-05-14T05:56:31","slug":"piegades-nosacijumi","status":"publish","type":"page","link":"https:\/\/madeinlatvia.eu\/lv\/piegades-nosacijumi\/","title":{"rendered":"Pieg\u0101des nosac\u012bjumi"},"content":{"rendered":"<div class=\"row\"  id=\"row-1782840393\">\n\n\t<div id=\"col-51373702\" class=\"col small-12 large-12\"  >\n\t\t\t\t<div class=\"col-inner\"  >\n\t\t\t\n\t\t\t\n\t<div id=\"text-2822529104\" class=\"text\">\n\t\t\n<p><span style=\"color: #3d3d3d;\"><strong>Pieg\u0101des nosac\u012bjumi<\/strong><\/span><\/p>\n<ol>\n<li><span style=\"color: #3d3d3d;\">Internetveikals MadeinLatvia.eu (turpm\u0101k \u2013 Internetveikals) veic pieg\u0101di saska\u0146\u0101 ar nosac\u012bjumiem, kas tiek nor\u0101d\u012bti pie ieg\u0101d\u0101jamas preces apraksta, ja puses nav vienoju\u0161\u0101s cit\u0101di.<\/span><\/li>\n<li><span style=\"color: #3d3d3d;\">Internetveikal\u0101 ir pieejami sekojo\u0161i pieg\u0101des veidi:<\/span><\/li>\n<\/ol>\n<p style=\"padding-left: 40px;\"><span style=\"color: #3d3d3d;\">2.1. ar DPD Pickup. Pre\u010du pieg\u0101de uz J\u016bsu izv\u0113l\u0113to DPD Pickup paku bodi (turpm\u0101k \u2013 PPB) vai uz DPD Pickup pakomatu (DPD Pickup paku skapis, turpm\u0101k \u2013 PPS). Pas\u016bt\u012bjuma pieg\u0101di ar DPD Pickup var pas\u016bt\u012bt, ja preces nep\u0101rsniedz noteiktos s\u016bt\u012bjuma izm\u0113rus 61 x 44 x 37 cm un svaru l\u012bdz 20 kg. P\u0113c pakas nog\u0101d\u0101\u0161anas DPD kurjerpasts inform\u0113s J\u016bs par pieg\u0101di SMS veid\u0101;<\/span><\/p>\n<p style=\"padding-left: 40px;\"><span style=\"color: #3d3d3d;\">2.2. ar kurjeru. Pre\u010du pieg\u0101de uz J\u016bsu nor\u0101d\u012bto pieg\u0101des adresi. Kurjers nog\u0101d\u0101 preci klientam tie\u0161i rok\u0101s. Pirms pieg\u0101des kurjers sazin\u0101s ar lietot\u0101ju, kas veica pas\u016bt\u012bjumu (turpm\u0101k \u2013 Pirc\u0113js) vai t\u0101 nor\u0101d\u012btu personu (turpm\u0101k \u2013 Sa\u0146\u0113m\u0113js) pa t\u0101lruni un preciz\u0113 pieg\u0101des laiku un vietu.<\/span><\/p>\n<ol start=\"3\">\n<li><span style=\"color: #3d3d3d;\">Pieg\u0101des termi\u0146i:<\/span><\/li>\n<\/ol>\n<p style=\"padding-left: 40px;\"><span style=\"color: #3d3d3d;\">3.1. Katrai konkr\u0113tai precei pie t\u0101s apraksta tiek norad\u012bts paredzamais pieg\u0101des termi\u0146\u0161;<\/span><\/p>\n<p style=\"padding-left: 40px;\"><span style=\"color: #3d3d3d;\">3.2. Pirc\u0113jam ieg\u0101d\u0101joties preci, kuras nor\u0101d\u012btais pieg\u0101des termi\u0146\u0161 p\u0101rsniedz 30 dienas, tiek uzskat\u012bts, ka pirc\u0113js un internetveikals ir vienoju\u0161ies par \u0161o norad\u012bto pieg\u0101des termi\u0146u un \u0161\u012b vieno\u0161anas k\u013c\u016bst par neat\u0146emamu l\u012bguma da\u013cu.<\/span><\/p>\n<ol start=\"4\">\n<li><span style=\"color: #3d3d3d;\">Pirc\u0113jam ir sekojo\u0161i pien\u0101kumi:<\/span><\/li>\n<\/ol>\n<p style=\"padding-left: 40px;\"><span style=\"color: #3d3d3d;\">4.1. norun\u0101taj\u0101 pieg\u0101des dien\u0101 pie\u0146emt preci, uzr\u0101d\u012bt preces apmaksas dokumentus un parakst\u012bt pre\u010du pavadz\u012bmi;<\/span><\/p>\n<p style=\"padding-left: 40px;\"><span style=\"color: #3d3d3d;\">4.2. ar DPD Pickup s\u016bt\u012bta prece ir j\u0101iz\u0146em 7 dienu laik\u0101 no br\u012b\u017ea, kad kurjerpasts ar jums ir sazin\u0101jies SMS veid\u0101. Ja Sa\u0146\u0113m\u0113js nav iz\u0146\u0113mis preci noteiktaj\u0101 termi\u0146\u0101 (7 dienas), t\u0101 atgrie\u017eas Internetveikal\u0101. \u0160aj\u0101 gad\u012bjum\u0101 Pirc\u0113jam tiek pied\u0101v\u0101ta atk\u0101rtota preces pieg\u0101des iesp\u0113ja apmaks\u0101jot visus Internetveikalam radu\u0161os transporta izdevumus. Pret\u0113j\u0101 gad\u012bjum\u0101 nauda par preci tiek atmaks\u0101ta atpaka\u013c, atskaitot transporta izdevumus;<\/span><\/p>\n<p style=\"padding-left: 40px;\"><span style=\"color: #3d3d3d;\">4.3. sa\u0146emot paku PPB punkt\u0101, j\u0101uzr\u0101da personu apliecino\u0161s dokuments (pase vai ID karte) vai j\u0101nosauc PIN kods, k\u0101 ar\u012b j\u0101parakst\u0101s par pakas sa\u0146em\u0161anu pirms t\u0101s sa\u0146em\u0161anas;<\/span><\/p>\n<p style=\"padding-left: 40px;\"><span style=\"color: #3d3d3d;\">4.4. sa\u0146emt paku PPB punkt\u0101 var ar\u012b tre\u0161\u0101 persona, kura var nosaukt uz pakas nor\u0101d\u012bt\u0101 Sa\u0146\u0113m\u0113ja v\u0101rdu, uzv\u0101rdu un PIN kodu, k\u0101 ar\u012b parakst\u012bties par pakas sa\u0146em\u0161anu;<\/span><\/p>\n<p style=\"padding-left: 40px;\"><span style=\"color: #3d3d3d;\">4.5. sa\u0146emot paku PPS punkt\u0101, j\u0101ievada PIN kodi, kuri nos\u016bt\u012bti Pirc\u0113jam ar SMS un\/vai e-pasta pal\u012bdz\u012bbu;<\/span><\/p>\n<p style=\"padding-left: 40px;\"><span style=\"color: #3d3d3d;\">4.6. sa\u0146emt paku PPS punkt\u0101 var jebkura persona, kura var ievad\u012bt nos\u016bt\u012btos PIN kodus;<\/span><\/p>\n<p style=\"padding-left: 40px;\"><span style=\"color: #3d3d3d;\">4.7. Kurjerpieg\u0101d\u0113s gad\u012bjum\u0101 \u2013 nodro\u0161in\u0101t pieg\u0101des transporta piek\u013cuvi preces nodo\u0161anas vietai vismaz 50 metru att\u0101lum\u0101 un segt visas likumdo\u0161an\u0101 noteikt\u0101s ar to saist\u012bt\u0101s izmaksas (iebrauk\u0161anas at\u013caujas, caurlaides);<\/span><\/p>\n<p style=\"padding-left: 40px;\"><span style=\"color: #3d3d3d;\">4.8. nodro\u0161in\u0101t pietieko\u0161u cilv\u0113ku skaits (atbilsto\u0161i preces gabar\u012btiem un svaram) preces sa\u0146em\u0161anai;<\/span><\/p>\n<p style=\"padding-left: 40px;\"><span style=\"color: #3d3d3d;\">4.9. ja pas\u016bt\u012btas preces ir lielgabar\u012bta (svars p\u0101rsniedz 31.5 kg), tad izkrau\u0161ana j\u0101nodro\u0161ina Sa\u0146\u0113m\u0113jam.<\/span><\/p>\n<p style=\"padding-left: 40px;\"><span style=\"color: #3d3d3d;\">4.10. Lielgabar\u012bta s\u016bt\u012bjumu pieg\u0101de un izkrau\u0161ana tiek veikta tikai ar kravas transporta l\u012bdzek\u013ciem. Pirc\u0113jam j\u0101garant\u0113 nosac\u012bjumi, lai kravas automa\u0161\u012bna var\u0113tu piebraukt l\u012bdz v\u0113lamajai izkrau\u0161anas vietai, pret\u0113j\u0101 gad\u012bjum\u0101 kravu neizdosies pieg\u0101d\u0101t. \u0160aj\u0101 gad\u012bjum\u0101 Pirc\u0113jam tiek pied\u0101v\u0101ta atk\u0101rtota preces pieg\u0101des iesp\u0113ja apmaks\u0101jot visus Internetveikalam radu\u0161os transporta izdevumus. Pret\u0113j\u0101 gad\u012bjum\u0101 nauda par preci tiek atmaks\u0101ta atpaka\u013c, atskaitot transporta izdevumus;<\/span><\/p>\n<p style=\"padding-left: 40px;\"><span style=\"color: #3d3d3d;\">4.11. pie\u0146emot preces, Sa\u0146\u0113m\u0113jam ir j\u0101uzr\u0101da der\u012bgs personu apliecino\u0161s dokuments, lai Sa\u0146\u0113m\u0113js tiktu pien\u0101c\u012bgi identific\u0113ts. Ja Sa\u0146\u0113m\u0113js pats nevar pie\u0146emt Preces, bet Preces pieg\u0101d\u0101tas uz Pirc\u0113ja nor\u0101d\u012bto adresi, Pirc\u0113jam nav ties\u012bbu izteikt Internetveikalam pretenzijas par Pre\u010du pieg\u0101di neatbilsto\u0161ai personai;<\/span><\/p>\n<p style=\"padding-left: 40px;\"><span style=\"color: #3d3d3d;\">4.12. ja pre\u010du pieg\u0101de ar kurjeru nav iesp\u0113jama Pirc\u0113ja vainas vai no Pirc\u0113ja atkar\u012bgu apst\u0101k\u013cu d\u0113\u013c (Pirc\u0113js ir nor\u0101d\u012bjis nepareizu adresi, nor\u0101d\u012btaj\u0101 adres\u0113 Pirc\u0113js vai Sa\u0146\u0113m\u0113js nav sastopams, nor\u0101d\u012btajai adresei nevar piek\u013c\u016bt, u. c.), tad Pirc\u0113jam tiek pied\u0101v\u0101ta atk\u0101rtota preces pieg\u0101des iesp\u0113ja apmaks\u0101jot visus Internetveikalam radu\u0161os transporta izdevumus. Pret\u0113j\u0101 gad\u012bjum\u0101 nauda par preci tiek atmaks\u0101ta atpaka\u013c, atskaitot transporta izdevumus.<\/span><\/p>\n<ol start=\"5\">\n<li><span style=\"color: #3d3d3d;\">Muitas un importa nodok\u013ci: SIA \u201cMadeinLatvia.eu\u201d nav atbild\u012bga par nodok\u013ciem vai nodev\u0101m, kas radu\u0161\u0101s starptautiskaj\u0101 pieg\u0101d\u0113. Katrai valstij ir savi noteikumi, un mums nav iesp\u0113jas apr\u0113\u0137in\u0101t visas iesp\u0113jamas izmaksas. Par jebk\u0101diem maks\u0101jamiem nodok\u013ciem vai nodev\u0101m atbild Pirc\u0113js. M\u0113s iesak\u0101m sazin\u0101ties ar viet\u0113jo nodok\u013cu iest\u0101di j\u016bsu valst\u012b, lai iepriek\u0161 uzzin\u0101tu, k\u0101di nodok\u013ci prec\u012bzi j\u0101maks\u0101, ja t\u0101di ir.<\/span><\/li>\n<\/ol>\n<p>\u00a0<\/p>\n<p><span style=\"color: #3d3d3d;\">Versija 01.05.2021<\/span><\/p>\n\t\t\n<style>\n#text-2822529104 {\n  line-height: 1.5;\n}\n<\/style>\n\t<\/div>\n\t\n\t\t<\/div>\n\t\t\t\t\t<\/div>\n\n\t\n\n<style>\n#row-1782840393 > .col > .col-inner {\n  padding: 50px 0px 0px 0px;\n}\n<\/style>\n<\/div>\n","protected":false},"excerpt":{"rendered":"","protected":false},"author":1,"featured_media":0,"parent":0,"menu_order":0,"comment_status":"closed","ping_status":"closed","template":"page-blank.php","meta":{"_acf_changed":false,"footnotes":""},"class_list":["post-668","page","type-page","status-publish","hentry"],"acf":[],"jetpack_sharing_enabled":true,"_links":{"self":[{"href":"https:\/\/madeinlatvia.eu\/lv\/wp-json\/wp\/v2\/pages\/668","targetHints":{"allow":["GET"]}}],"collection":[{"href":"https:\/\/madeinlatvia.eu\/lv\/wp-json\/wp\/v2\/pages"}],"about":[{"href":"https:\/\/madeinlatvia.eu\/lv\/wp-json\/wp\/v2\/types\/page"}],"author":[{"embeddable":true,"href":"https:\/\/madeinlatvia.eu\/lv\/wp-json\/wp\/v2\/users\/1"}],"replies":[{"embeddable":true,"href":"https:\/\/madeinlatvia.eu\/lv\/wp-json\/wp\/v2\/comments?post=668"}],"version-history":[{"count":0,"href":"https:\/\/madeinlatvia.eu\/lv\/wp-json\/wp\/v2\/pages\/668\/revisions"}],"wp:attachment":[{"href":"https:\/\/madeinlatvia.eu\/lv\/wp-json\/wp\/v2\/media?parent=668"}],"curies":[{"name":"wp","href":"https:\/\/api.w.org\/{rel}","templated":true}]}}