{"id":664,"date":"2020-07-20T17:58:39","date_gmt":"2020-07-20T14:58:39","guid":{"rendered":"https:\/\/madeinlatvia.eu\/?page_id=664"},"modified":"2021-05-14T09:04:17","modified_gmt":"2021-05-14T06:04:17","slug":"atteikuma-tiesibas","status":"publish","type":"page","link":"https:\/\/madeinlatvia.eu\/lv\/atteikuma-tiesibas\/","title":{"rendered":"Atteikuma ties\u012bbas"},"content":{"rendered":"<div class=\"row\"  id=\"row-2080225336\">\n\n\t<div id=\"col-1300708781\" class=\"col small-12 large-12\"  >\n\t\t\t\t<div class=\"col-inner\"  >\n\t\t\t\n\t\t\t\n\t<div id=\"text-79882455\" class=\"text\">\n\t\t\n<p><span style=\"color: #3d3d3d;\"><strong>Atteikuma ties\u012bbas<\/strong><\/span><\/p>\n<ol>\n<li><span style=\"color: #3d3d3d;\">Lietot\u0101jam, kas veic pas\u016bt\u012bjumu (turpm\u0101k \u2013 Pirc\u0113js) internetveikal\u0101 MadeinLatvia.eu (turpm\u0101k \u2013 Internetveikals), kas ir fizisk\u0101 persona, ir ties\u012bbas atteikties no distances l\u012bguma 14 (\u010detrpadsmit) kalend\u0101ro dienu laik\u0101 no preces sa\u0146em\u0161anas br\u012b\u017ea, nos\u016btot Internetveikalam par to <a href=\"https:\/\/madeinlatvia.eu\/wp-content\/uploads\/2021\/05\/6.Atteikuma-veidlapa.doc\">atteikuma v\u0113stuli<\/a> uz e-pastu <a href=\"mailto:info@madeinlatvia.eu\">info@madeinlatvia.eu<\/a>.<\/span><\/li>\n<li><span style=\"color: #3d3d3d;\">Pirc\u0113ja pien\u0101kums ir 14 dienu laik\u0101 p\u0113c atteikuma v\u0113stules nos\u016bt\u012b\u0161anas atgriezt preci Internetveikalam. Visus izdevumus, kas rad\u012bsies saist\u012bb\u0101 ar preces nos\u016bt\u012b\u0161anu atpaka\u013c Internetveikalam, sedz Pirc\u0113js.<\/span><\/li>\n<li><span style=\"color: #3d3d3d;\">Pirc\u0113js nevar izmantot atteikuma ties\u012bbas, ja:<\/span><\/li>\n<\/ol>\n<p style=\"padding-left: 40px;\"><span style=\"color: #3d3d3d;\">3.1. pas\u016bt\u012bt\u0101s preces p\u0113c to rakstura nevar atdot atpaka\u013c, t\u0101s \u0101tri boj\u0101jas vai ir \u0101tri izlietojamas;<\/span><\/p>\n<p style=\"padding-left: 40px;\"><span style=\"color: #3d3d3d;\">3.2. pas\u016bt\u012bt\u0101s preces ir izgatavotas tie\u0161i pirc\u0113jam p\u0113c individu\u0101la pas\u016bt\u012bjuma.<\/span><\/p>\n<ol start=\"4\">\n<li><span style=\"color: #3d3d3d;\">Turkl\u0101t pat\u0113r\u0113t\u0101js ir atbild\u012bgs par preces kvalit\u0101tes un dro\u0161uma saglab\u0101\u0161anu atteikuma ties\u012bbu realiz\u0113\u0161anas termi\u0146\u0101.<\/span><\/li>\n<li><span style=\"color: #3d3d3d;\">Pirc\u0113js ir atbild\u012bgs par atgrie\u017eam\u0101s preces komplekt\u0101ciju. Atpaka\u013c nos\u016bt\u012btajai precei j\u0101b\u016bt ori\u0123in\u0101laj\u0101 iepakojum\u0101 ar aizsargmaisi\u0146iem un autentisk\u0101m eti\u0137et\u0113m.<\/span><\/li>\n<li><span style=\"color: #3d3d3d;\">SIA \u201cMadeinLatvia.eu\u201d patur ties\u012bbas Pirc\u0113jam atteikt izmantot atteikuma ties\u012bbas vai ietur\u0113t kompens\u0101cijas maksu gad\u012bjum\u0101, ja prece ir boj\u0101ta, lieto\u0161anas laik\u0101 nev\u0113r\u012bgi izturoties pret preci vai neiev\u0113rojot instrukcijas nor\u0101d\u012bjumus, ja ir nozaud\u0113ts preces ori\u0123in\u0101lais iepakojums vai ja t\u0101s iepakojums ir b\u016btiski boj\u0101ts.<\/span><\/li>\n<li><span style=\"color: #3d3d3d;\">Sa\u0146emot atgriezto preci un nov\u0113rt\u0113jot t\u0101s st\u0101vokli, SIA \u201cMadeinLatvia.eu\u201d 14 (\u010detrpadsmit) dienu laik\u0101 no preces atgrie\u0161anas atmaks\u0101 Pirc\u0113jam naudu par preci (iz\u0146emot pieg\u0101des izmaksas).<\/span><\/li>\n<\/ol>\n<p>\u00a0<\/p>\n<p><span style=\"color: #3d3d3d;\">Versija 01.05.2021<\/span><\/p>\n\t\t\n<style>\n#text-79882455 {\n  line-height: 1.5;\n}\n<\/style>\n\t<\/div>\n\t\n\t\t<\/div>\n\t\t\t\t\t<\/div>\n\n\t\n\n<style>\n#row-2080225336 > .col > .col-inner {\n  padding: 50px 0px 0px 0px;\n}\n<\/style>\n<\/div>\n","protected":false},"excerpt":{"rendered":"","protected":false},"author":1,"featured_media":0,"parent":0,"menu_order":0,"comment_status":"closed","ping_status":"closed","template":"page-blank.php","meta":{"_acf_changed":false,"footnotes":""},"class_list":["post-664","page","type-page","status-publish","hentry"],"acf":[],"jetpack_sharing_enabled":true,"_links":{"self":[{"href":"https:\/\/madeinlatvia.eu\/lv\/wp-json\/wp\/v2\/pages\/664","targetHints":{"allow":["GET"]}}],"collection":[{"href":"https:\/\/madeinlatvia.eu\/lv\/wp-json\/wp\/v2\/pages"}],"about":[{"href":"https:\/\/madeinlatvia.eu\/lv\/wp-json\/wp\/v2\/types\/page"}],"author":[{"embeddable":true,"href":"https:\/\/madeinlatvia.eu\/lv\/wp-json\/wp\/v2\/users\/1"}],"replies":[{"embeddable":true,"href":"https:\/\/madeinlatvia.eu\/lv\/wp-json\/wp\/v2\/comments?post=664"}],"version-history":[{"count":0,"href":"https:\/\/madeinlatvia.eu\/lv\/wp-json\/wp\/v2\/pages\/664\/revisions"}],"wp:attachment":[{"href":"https:\/\/madeinlatvia.eu\/lv\/wp-json\/wp\/v2\/media?parent=664"}],"curies":[{"name":"wp","href":"https:\/\/api.w.org\/{rel}","templated":true}]}}