{"id":1291,"date":"2020-10-02T09:20:59","date_gmt":"2020-10-02T06:20:59","guid":{"rendered":"https:\/\/madeinlatvia.eu\/kontakti\/"},"modified":"2026-01-08T00:49:01","modified_gmt":"2026-01-07T21:49:01","slug":"kontakti","status":"publish","type":"page","link":"https:\/\/madeinlatvia.eu\/lv\/kontakti\/","title":{"rendered":"Kontakti"},"content":{"rendered":"\t<div id=\"gap-2093461392\" class=\"gap-element clearfix\" style=\"display:block; height:auto;\">\n\t\t\n<style>\n#gap-2093461392 {\n  padding-top: 50px;\n}\n<\/style>\n\t<\/div>\n\t\n<div class=\"row\"  id=\"row-568783246\">\n\n\t<div id=\"col-1196262878\" class=\"col small-12 large-12\"  >\n\t\t\t\t<div class=\"col-inner\"  >\n\t\t\t\n\t\t\t\n<h1>Kontakti:<\/h1>\n<p>E-pasts: info@madeinlatvia.eu<\/p>\n<p>Kontaktt\u0101lrunis: +371 20 162 162<\/p>\n<p>Uz\u0146\u0113muma nosaukums: SIA \u201cMadeinLatvia.eu\u201d<\/p>\n<p>Re\u0123istr\u0101cijas numurs: <span class=\"txt_special\">44103144439<\/span><\/p>\n<p>PVN numurs: LV44103144439<\/p>\n<p>Juridisk\u0101 adrese: \u201cSmuki\u0146i\u201d, Vi\u013c\u0137enes pag., Limba\u017eu nov., LV-4050, Latvia<\/p>\n\t\t<\/div>\n\t\t\t\t\t<\/div>\n\n\t\n<\/div>\n\t<div id=\"gap-2029338893\" class=\"gap-element clearfix\" style=\"display:block; height:auto;\">\n\t\t\n<style>\n#gap-2029338893 {\n  padding-top: 250px;\n}\n<\/style>\n\t<\/div>\n\t\n","protected":false},"excerpt":{"rendered":"","protected":false},"author":1,"featured_media":1292,"parent":0,"menu_order":0,"comment_status":"closed","ping_status":"closed","template":"page-blank.php","meta":{"_acf_changed":false,"footnotes":""},"class_list":["post-1291","page","type-page","status-publish","has-post-thumbnail","hentry"],"acf":[],"jetpack_sharing_enabled":true,"_links":{"self":[{"href":"https:\/\/madeinlatvia.eu\/lv\/wp-json\/wp\/v2\/pages\/1291","targetHints":{"allow":["GET"]}}],"collection":[{"href":"https:\/\/madeinlatvia.eu\/lv\/wp-json\/wp\/v2\/pages"}],"about":[{"href":"https:\/\/madeinlatvia.eu\/lv\/wp-json\/wp\/v2\/types\/page"}],"author":[{"embeddable":true,"href":"https:\/\/madeinlatvia.eu\/lv\/wp-json\/wp\/v2\/users\/1"}],"replies":[{"embeddable":true,"href":"https:\/\/madeinlatvia.eu\/lv\/wp-json\/wp\/v2\/comments?post=1291"}],"version-history":[{"count":0,"href":"https:\/\/madeinlatvia.eu\/lv\/wp-json\/wp\/v2\/pages\/1291\/revisions"}],"wp:featuredmedia":[{"embeddable":true,"href":"https:\/\/madeinlatvia.eu\/lv\/wp-json\/wp\/v2\/media\/1292"}],"wp:attachment":[{"href":"https:\/\/madeinlatvia.eu\/lv\/wp-json\/wp\/v2\/media?parent=1291"}],"curies":[{"name":"wp","href":"https:\/\/api.w.org\/{rel}","templated":true}]}}