{"id":1246,"date":"2020-10-01T16:03:18","date_gmt":"2020-10-01T13:03:18","guid":{"rendered":"https:\/\/madeinlatvia.eu\/?page_id=1246"},"modified":"2026-01-23T21:07:21","modified_gmt":"2026-01-23T18:07:21","slug":"par-mums","status":"publish","type":"page","link":"https:\/\/madeinlatvia.eu\/lv\/par-mums\/","title":{"rendered":"Par mums"},"content":{"rendered":"\t<div id=\"gap-225444694\" class=\"gap-element clearfix\" style=\"display:block; height:auto;\">\n\t\t\n<style>\n#gap-225444694 {\n  padding-top: 30px;\n}\n<\/style>\n\t<\/div>\n\t\n<div class=\"row\"  id=\"row-102049555\">\n\n\t<div id=\"col-1841126616\" class=\"col medium-6 small-12 large-6\"  >\n\t\t\t\t<div class=\"col-inner text-left\"  >\n\t\t\t\n\t\t\t\n<div class=\"slider-wrapper relative\" id=\"slider-1717882995\" >\n    <div class=\"slider slider-nav-simple slider-nav-normal slider-nav-light slider-style-container\"\n        data-flickity-options='{\n            \"cellAlign\": \"center\",\n            \"imagesLoaded\": true,\n            \"lazyLoad\": 1,\n            \"freeScroll\": false,\n            \"wrapAround\": true,\n            \"autoPlay\": 6000,\n            \"pauseAutoPlayOnHover\" : true,\n            \"prevNextButtons\": true,\n            \"contain\" : true,\n            \"adaptiveHeight\" : true,\n            \"dragThreshold\" : 10,\n            \"percentPosition\": true,\n            \"pageDots\": false,\n            \"rightToLeft\": false,\n            \"draggable\": true,\n            \"selectedAttraction\": 0.1,\n            \"parallax\" : 0,\n            \"friction\": 0.6        }'\n        >\n        \n\t<div class=\"img has-hover x md-x lg-x y md-y lg-y\" id=\"image_2122553780\">\n\t\t\t\t\t\t\t\t<div class=\"img-inner image-cover dark\" style=\"padding-top:56.25%;\">\n\t\t\t<img loading=\"lazy\" decoding=\"async\" width=\"742\" height=\"1000\" src=\"https:\/\/madeinlatvia.eu\/wp-content\/uploads\/2020\/05\/unsplash18-1-of-5.jpg\" class=\"attachment-original size-original\" alt=\"\" srcset=\"https:\/\/madeinlatvia.eu\/wp-content\/uploads\/2020\/05\/unsplash18-1-of-5.jpg 742w, https:\/\/madeinlatvia.eu\/wp-content\/uploads\/2020\/05\/unsplash18-1-of-5-510x687.jpg 510w, https:\/\/madeinlatvia.eu\/wp-content\/uploads\/2020\/05\/unsplash18-1-of-5-297x400.jpg 297w, https:\/\/madeinlatvia.eu\/wp-content\/uploads\/2020\/05\/unsplash18-1-of-5-594x800.jpg 594w\" sizes=\"auto, (max-width: 742px) 100vw, 742px\" \/>\t\t\t\t\t\t\n\t\t\t\t\t<\/div>\n\t\t\t\t\t\t\t\t\n<style>\n#image_2122553780 {\n  width: 100%;\n}\n<\/style>\n\t<\/div>\n\t\n\t<div class=\"img has-hover x md-x lg-x y md-y lg-y\" id=\"image_1637997350\">\n\t\t\t\t\t\t\t\t<div class=\"img-inner image-cover dark\" style=\"padding-top:56.25%;\">\n\t\t\t<img loading=\"lazy\" decoding=\"async\" width=\"594\" height=\"800\" src=\"https:\/\/madeinlatvia.eu\/wp-content\/uploads\/2020\/05\/unsplash18-1-of-5-594x800.jpg\" class=\"attachment-large size-large\" alt=\"\" srcset=\"https:\/\/madeinlatvia.eu\/wp-content\/uploads\/2020\/05\/unsplash18-1-of-5-594x800.jpg 594w, https:\/\/madeinlatvia.eu\/wp-content\/uploads\/2020\/05\/unsplash18-1-of-5-510x687.jpg 510w, https:\/\/madeinlatvia.eu\/wp-content\/uploads\/2020\/05\/unsplash18-1-of-5-297x400.jpg 297w, https:\/\/madeinlatvia.eu\/wp-content\/uploads\/2020\/05\/unsplash18-1-of-5.jpg 742w\" sizes=\"auto, (max-width: 594px) 100vw, 594px\" \/>\t\t\t\t\t\t\n\t\t\t\t\t<\/div>\n\t\t\t\t\t\t\t\t\n<style>\n#image_1637997350 {\n  width: 100%;\n}\n<\/style>\n\t<\/div>\n\t\n     <\/div>\n\n     <div class=\"loading-spin dark large centered\"><\/div>\n\n\t<\/div>\n\n\n\t\t<\/div>\n\t\t\t\t\t<\/div>\n\n\t\n\n\t<div id=\"col-464415843\" class=\"col medium-6 small-12 large-6\"  >\n\t\t\t\t<div class=\"col-inner\"  >\n\t\t\t\n\t\t\t\n<div class=\"text-wrap tlid-copy-target\">\n<div class=\"result-shield-container tlid-copy-target\">\n<p><span class=\"tlid-translation translation\" lang=\"lv\"><span class=\"\" title=\"\">Laipni l\u016bdzam interneta veikal\u0101 MadeinLatvia.eu, kas pied\u0101v\u0101 pla\u0161u Latvijas izcelsmes pre\u010du kl\u0101stu.<\/span> <span title=\"\">Latvij\u0101 top tik daudz da\u017e\u0101du jauku lietu.<\/span> <span class=\"\" title=\"\">T\u0101 ir pla\u0161a rokdarbu, koka un trauku, celtniec\u012bbas materi\u0101lu un m\u0113be\u013cu, suven\u012bru un juvelierizstr\u0101d\u0101jumu un citu pre\u010du izv\u0113le.<\/span> <span class=\"\" title=\"\">M\u0113s saliekam visas \u0161\u012bs jauk\u0101s lietas vienuviet jums!<\/span><\/span><\/p>\n<p><span title=\"\">MadeinLatvia.eu koncepcija rad\u0101s gr\u016btos Covid-19 pand\u0113mijas laikos, kad ekonomika cieta, robe\u017eas aizv\u0113r\u0101s un uz\u0146\u0113m\u0113jdarb\u012bba bija iesald\u0113ta.<\/span> <span class=\"\" title=\"\">M\u0113s izmantoj\u0101m iesp\u0113ju vienuviet apvienot Latvijas ra\u017eot\u0101jus ar Eiropas klientiem, lai atbalst\u012btu mazos viet\u0113jos uz\u0146\u0113mumus un iepriecin\u0101tu Pirc\u0113jus.<\/span> <span class=\"\" title=\"\">M\u0113s v\u0113l\u0113tos par\u0101d\u012bt, ka m\u016bsu valsts ir izcelsmes vieta daudz\u0101m augstas kvalit\u0101tes prec\u0113m, kuras tiek pied\u0101v\u0101tas par pievilc\u012bg\u0101m cen\u0101m ar pieg\u0101di vis\u0101 pasaul\u0113.<\/span><\/p>\n<p><span class=\"\" title=\"\">M\u0113s ceram, ka jums pat\u012bk m\u016bsu produkti tikpat \u013coti, cik mums pat\u012bk tos pied\u0101v\u0101t jums.<\/span><\/p>\n<p><span title=\"\">Ar cie\u0146u<\/span><\/p>\n<p><span title=\"\">MadeinLatvia.eu komanda<\/span><\/p>\n<\/div>\n<\/div>\n<div class=\"tlid-result-transliteration-container result-transliteration-container transliteration-container\">\n<div class=\"tlid-transliteration-content transliteration-content full\"><\/div>\n<\/div>\n\t\t<\/div>\n\t\t\t\t\n<style>\n#col-464415843 > .col-inner {\n  padding: 0px p 0px 0px;\n}\n<\/style>\n\t<\/div>\n\n\t\n\n<style>\n#row-102049555 > .col > .col-inner {\n  padding: 0px 0px 100px 0px;\n}\n<\/style>\n<\/div>\n","protected":false},"excerpt":{"rendered":"","protected":false},"author":1,"featured_media":0,"parent":0,"menu_order":0,"comment_status":"closed","ping_status":"closed","template":"page-blank.php","meta":{"_acf_changed":false,"footnotes":""},"class_list":["post-1246","page","type-page","status-publish","hentry"],"acf":[],"jetpack_sharing_enabled":true,"_links":{"self":[{"href":"https:\/\/madeinlatvia.eu\/lv\/wp-json\/wp\/v2\/pages\/1246","targetHints":{"allow":["GET"]}}],"collection":[{"href":"https:\/\/madeinlatvia.eu\/lv\/wp-json\/wp\/v2\/pages"}],"about":[{"href":"https:\/\/madeinlatvia.eu\/lv\/wp-json\/wp\/v2\/types\/page"}],"author":[{"embeddable":true,"href":"https:\/\/madeinlatvia.eu\/lv\/wp-json\/wp\/v2\/users\/1"}],"replies":[{"embeddable":true,"href":"https:\/\/madeinlatvia.eu\/lv\/wp-json\/wp\/v2\/comments?post=1246"}],"version-history":[{"count":0,"href":"https:\/\/madeinlatvia.eu\/lv\/wp-json\/wp\/v2\/pages\/1246\/revisions"}],"wp:attachment":[{"href":"https:\/\/madeinlatvia.eu\/lv\/wp-json\/wp\/v2\/media?parent=1246"}],"curies":[{"name":"wp","href":"https:\/\/api.w.org\/{rel}","templated":true}]}}